{"id":97,"date":"2023-02-23T17:04:04","date_gmt":"2023-02-23T16:04:04","guid":{"rendered":"https:\/\/www.maregolf.it\/?page_id=97"},"modified":"2026-02-19T14:18:53","modified_gmt":"2026-02-19T13:18:53","slug":"dove-siamo","status":"publish","type":"page","link":"https:\/\/www.maregolf.it\/it\/dove-siamo\/","title":{"rendered":"Dove siamo"},"content":{"rendered":"\n<h2 class=\"wp-block-heading\">COME RAGGIUNGERE HOTEL MAREGOLF<\/h2>\n\n\n\n<h3 class=\"wp-block-heading\">In auto:<\/h3>\n\n\n\n<p class=\"has-medium-font-size\"><strong>Coordinate GPS:<\/strong> Latitudine 45.578083 N &#8211; Longitudine12.827758 E<\/p>\n\n\n\n<p><strong>Le uscite autostradali pi\u00f9 vicine sono:<\/strong><\/p>\n\n\n\n<ul class=\"list-item wp-block-list\">\n<li>Uscita autostrada San Don\u00e0\/Noventa di Piave (autostrada A4 Venezia-Trieste)<\/li>\n\n\n\n<li>Uscita autostrada S. Stino di Livenza (autostrada A4 Venezia-Trieste)<\/li>\n<\/ul>\n\n\n\n<p>Seguire le indicazioni per Caorle e Porto Santa Margherita<\/p>\n\n\n\n<h3 class=\"wp-block-heading\">In treno:<\/h3>\n\n\n\n<p><strong>Stazioni ferroviarie pi\u00f9 vicine:<\/strong><\/p>\n\n\n\n<ul class=\"list-item wp-block-list\">\n<li>Portogruaro\/Caorle (30 km dall\u2019hotel)<\/li>\n\n\n\n<li>San Don\u00e0 di Piave\/Jesolo (28 km dall\u2019hotel)<\/li>\n<\/ul>\n\n\n\n<p>Da ciascuna stazione sono disponibili servizi di taxi ed autobus di linea ATVO verso la nostra localit\u00e0.<\/p>\n\n\n\n<h3 class=\"wp-block-heading\">In aereo:<\/h3>\n\n\n\n<ul class=\"list-item wp-block-list\">\n<li>Aeroporto Venezia \u201cMarco Polo\u201d VCE (48 km dall\u2019hotel)<\/li>\n\n\n\n<li>Aeroporto Treviso \u201cAntonio Canova\u201d TSF (59 km dall\u2019hotel)<\/li>\n\n\n\n<li>Aeroporto Trieste \u201cRonchi dei Legionari\u201d TRS (90 km dall\u2019hotel)<\/li>\n<\/ul>\n\n\n\n<p>L\u2019hotel \u00e8 raggiungibile in taxi da tutti e 3 gli aeroporti (per assistenza contattare la reception).<\/p>\n\n\n\n<p>Inoltre \u00e8 operativo l\u2019autobus di linea ATVO da e per l\u2019aeroporto di Venezia e di Treviso.<\/p>\n","protected":false},"excerpt":{"rendered":"<p>COME RAGGIUNGERE HOTEL MAREGOLF In auto: Coordinate GPS: Latitudine 45.578083 N &#8211; Longitudine12.827758 E Le uscite autostradali pi\u00f9 vicine sono: Seguire le indicazioni per Caorle e Porto Santa Margherita In treno: Stazioni ferroviarie pi\u00f9 vicine: Da ciascuna stazione sono disponibili servizi di taxi ed autobus di linea ATVO verso la nostra localit\u00e0. In aereo: L\u2019hotel [&hellip;]<\/p>\n","protected":false},"author":1,"featured_media":0,"parent":0,"menu_order":8,"comment_status":"closed","ping_status":"closed","template":"template-contact.php","meta":{"_acf_changed":false,"footnotes":""},"class_list":["post-97","page","type-page","status-publish","hentry"],"acf":[],"yoast_head":"<!-- This site is optimized with the Yoast SEO plugin v26.9 - https:\/\/yoast.com\/product\/yoast-seo-wordpress\/ -->\n<title>Dove siamo | Hotel Maregolf<\/title>\n<meta name=\"description\" content=\"Come Raggiungere Hotel Maregolf? In aereo, in treno, in auto e tutte le coordinate GPS per raggiungerci pi\u00f9 facilmente.\" \/>\n<meta name=\"robots\" content=\"index, follow, max-snippet:-1, max-image-preview:large, max-video-preview:-1\" \/>\n<link rel=\"canonical\" href=\"https:\/\/www.maregolf.it\/it\/dove-siamo\/\" \/>\n<meta property=\"og:locale\" content=\"it_IT\" \/>\n<meta property=\"og:type\" content=\"article\" \/>\n<meta property=\"og:title\" content=\"Dove siamo | Hotel Maregolf\" \/>\n<meta property=\"og:description\" content=\"Come Raggiungere Hotel Maregolf? In aereo, in treno, in auto e tutte le coordinate GPS per raggiungerci pi\u00f9 facilmente.\" \/>\n<meta property=\"og:url\" content=\"https:\/\/www.maregolf.it\/it\/dove-siamo\/\" \/>\n<meta property=\"og:site_name\" content=\"Hotel Maregolf\" \/>\n<meta property=\"article:publisher\" content=\"https:\/\/www.facebook.com\/hotelmaregolf\/\" \/>\n<meta property=\"article:modified_time\" content=\"2026-02-19T13:18:53+00:00\" \/>\n<meta name=\"twitter:label1\" content=\"Tempo di lettura stimato\" \/>\n\t<meta name=\"twitter:data1\" content=\"1 minuto\" \/>\n<script type=\"application\/ld+json\" class=\"yoast-schema-graph\">{\"@context\":\"https:\/\/schema.org\",\"@graph\":[{\"@type\":\"WebPage\",\"@id\":\"https:\/\/www.maregolf.it\/it\/dove-siamo\/\",\"url\":\"https:\/\/www.maregolf.it\/it\/dove-siamo\/\",\"name\":\"Dove siamo | Hotel Maregolf\",\"isPartOf\":{\"@id\":\"https:\/\/www.maregolf.it\/it\/#website\"},\"datePublished\":\"2023-02-23T16:04:04+00:00\",\"dateModified\":\"2026-02-19T13:18:53+00:00\",\"description\":\"Come Raggiungere Hotel Maregolf? In aereo, in treno, in auto e tutte le coordinate GPS per raggiungerci pi\u00f9 facilmente.\",\"breadcrumb\":{\"@id\":\"https:\/\/www.maregolf.it\/it\/dove-siamo\/#breadcrumb\"},\"inLanguage\":\"it-IT\",\"potentialAction\":[{\"@type\":\"ReadAction\",\"target\":[\"https:\/\/www.maregolf.it\/it\/dove-siamo\/\"]}]},{\"@type\":\"BreadcrumbList\",\"@id\":\"https:\/\/www.maregolf.it\/it\/dove-siamo\/#breadcrumb\",\"itemListElement\":[{\"@type\":\"ListItem\",\"position\":1,\"name\":\"Home\",\"item\":\"https:\/\/www.maregolf.it\/it\/\"},{\"@type\":\"ListItem\",\"position\":2,\"name\":\"Dove siamo\"}]},{\"@type\":\"WebSite\",\"@id\":\"https:\/\/www.maregolf.it\/it\/#website\",\"url\":\"https:\/\/www.maregolf.it\/it\/\",\"name\":\"Hotel Maregolf\",\"description\":\"Hotel fronte mare con piscina a Caorle\",\"publisher\":{\"@id\":\"https:\/\/www.maregolf.it\/it\/#organization\"},\"potentialAction\":[{\"@type\":\"SearchAction\",\"target\":{\"@type\":\"EntryPoint\",\"urlTemplate\":\"https:\/\/www.maregolf.it\/it\/?s={search_term_string}\"},\"query-input\":{\"@type\":\"PropertyValueSpecification\",\"valueRequired\":true,\"valueName\":\"search_term_string\"}}],\"inLanguage\":\"it-IT\"},{\"@type\":\"Organization\",\"@id\":\"https:\/\/www.maregolf.it\/it\/#organization\",\"name\":\"Hotel Maregolf\",\"url\":\"https:\/\/www.maregolf.it\/it\/\",\"logo\":{\"@type\":\"ImageObject\",\"inLanguage\":\"it-IT\",\"@id\":\"https:\/\/www.maregolf.it\/it\/#\/schema\/logo\/image\/\",\"url\":\"https:\/\/www.maregolf.it\/wp-content\/uploads\/2023\/04\/hotel-maregolf.svg\",\"contentUrl\":\"https:\/\/www.maregolf.it\/wp-content\/uploads\/2023\/04\/hotel-maregolf.svg\",\"width\":1,\"height\":1,\"caption\":\"Hotel Maregolf\"},\"image\":{\"@id\":\"https:\/\/www.maregolf.it\/it\/#\/schema\/logo\/image\/\"},\"sameAs\":[\"https:\/\/www.facebook.com\/hotelmaregolf\/\"]}]}<\/script>\n<!-- \/ Yoast SEO plugin. -->","yoast_head_json":{"title":"Dove siamo | Hotel Maregolf","description":"Come Raggiungere Hotel Maregolf? In aereo, in treno, in auto e tutte le coordinate GPS per raggiungerci pi\u00f9 facilmente.","robots":{"index":"index","follow":"follow","max-snippet":"max-snippet:-1","max-image-preview":"max-image-preview:large","max-video-preview":"max-video-preview:-1"},"canonical":"https:\/\/www.maregolf.it\/it\/dove-siamo\/","og_locale":"it_IT","og_type":"article","og_title":"Dove siamo | Hotel Maregolf","og_description":"Come Raggiungere Hotel Maregolf? In aereo, in treno, in auto e tutte le coordinate GPS per raggiungerci pi\u00f9 facilmente.","og_url":"https:\/\/www.maregolf.it\/it\/dove-siamo\/","og_site_name":"Hotel Maregolf","article_publisher":"https:\/\/www.facebook.com\/hotelmaregolf\/","article_modified_time":"2026-02-19T13:18:53+00:00","twitter_misc":{"Tempo di lettura stimato":"1 minuto"},"schema":{"@context":"https:\/\/schema.org","@graph":[{"@type":"WebPage","@id":"https:\/\/www.maregolf.it\/it\/dove-siamo\/","url":"https:\/\/www.maregolf.it\/it\/dove-siamo\/","name":"Dove siamo | Hotel Maregolf","isPartOf":{"@id":"https:\/\/www.maregolf.it\/it\/#website"},"datePublished":"2023-02-23T16:04:04+00:00","dateModified":"2026-02-19T13:18:53+00:00","description":"Come Raggiungere Hotel Maregolf? In aereo, in treno, in auto e tutte le coordinate GPS per raggiungerci pi\u00f9 facilmente.","breadcrumb":{"@id":"https:\/\/www.maregolf.it\/it\/dove-siamo\/#breadcrumb"},"inLanguage":"it-IT","potentialAction":[{"@type":"ReadAction","target":["https:\/\/www.maregolf.it\/it\/dove-siamo\/"]}]},{"@type":"BreadcrumbList","@id":"https:\/\/www.maregolf.it\/it\/dove-siamo\/#breadcrumb","itemListElement":[{"@type":"ListItem","position":1,"name":"Home","item":"https:\/\/www.maregolf.it\/it\/"},{"@type":"ListItem","position":2,"name":"Dove siamo"}]},{"@type":"WebSite","@id":"https:\/\/www.maregolf.it\/it\/#website","url":"https:\/\/www.maregolf.it\/it\/","name":"Hotel Maregolf","description":"Hotel fronte mare con piscina a Caorle","publisher":{"@id":"https:\/\/www.maregolf.it\/it\/#organization"},"potentialAction":[{"@type":"SearchAction","target":{"@type":"EntryPoint","urlTemplate":"https:\/\/www.maregolf.it\/it\/?s={search_term_string}"},"query-input":{"@type":"PropertyValueSpecification","valueRequired":true,"valueName":"search_term_string"}}],"inLanguage":"it-IT"},{"@type":"Organization","@id":"https:\/\/www.maregolf.it\/it\/#organization","name":"Hotel Maregolf","url":"https:\/\/www.maregolf.it\/it\/","logo":{"@type":"ImageObject","inLanguage":"it-IT","@id":"https:\/\/www.maregolf.it\/it\/#\/schema\/logo\/image\/","url":"https:\/\/www.maregolf.it\/wp-content\/uploads\/2023\/04\/hotel-maregolf.svg","contentUrl":"https:\/\/www.maregolf.it\/wp-content\/uploads\/2023\/04\/hotel-maregolf.svg","width":1,"height":1,"caption":"Hotel Maregolf"},"image":{"@id":"https:\/\/www.maregolf.it\/it\/#\/schema\/logo\/image\/"},"sameAs":["https:\/\/www.facebook.com\/hotelmaregolf\/"]}]}},"_links":{"self":[{"href":"https:\/\/www.maregolf.it\/it\/wp-json\/wp\/v2\/pages\/97","targetHints":{"allow":["GET"]}}],"collection":[{"href":"https:\/\/www.maregolf.it\/it\/wp-json\/wp\/v2\/pages"}],"about":[{"href":"https:\/\/www.maregolf.it\/it\/wp-json\/wp\/v2\/types\/page"}],"author":[{"embeddable":true,"href":"https:\/\/www.maregolf.it\/it\/wp-json\/wp\/v2\/users\/1"}],"replies":[{"embeddable":true,"href":"https:\/\/www.maregolf.it\/it\/wp-json\/wp\/v2\/comments?post=97"}],"version-history":[{"count":32,"href":"https:\/\/www.maregolf.it\/it\/wp-json\/wp\/v2\/pages\/97\/revisions"}],"predecessor-version":[{"id":3932,"href":"https:\/\/www.maregolf.it\/it\/wp-json\/wp\/v2\/pages\/97\/revisions\/3932"}],"wp:attachment":[{"href":"https:\/\/www.maregolf.it\/it\/wp-json\/wp\/v2\/media?parent=97"}],"curies":[{"name":"wp","href":"https:\/\/api.w.org\/{rel}","templated":true}]}}