{"id":3505,"date":"2024-06-12T17:26:26","date_gmt":"2024-06-12T15:26:26","guid":{"rendered":"https:\/\/www.maregolf.it\/gift-card-hotel\/regala-una-vacanza-in-famiglia\/"},"modified":"2024-11-25T18:03:02","modified_gmt":"2024-11-25T17:03:02","slug":"verschenken-sie-einen-familienurlaub","status":"publish","type":"product","link":"https:\/\/www.maregolf.it\/de\/gift-card-hotel\/verschenken-sie-einen-familienurlaub\/","title":{"rendered":"Verschenken sie einen familienurlaub"},"content":{"rendered":"<p>Schenken Sie Ihren Lieben mit unserem Gutschein ein unvergessliches Erlebnis: einen \u201eFamilienurlaub\u201d im Hotel Maregolf.<\/p>\n<p>Es liegt in einem wundersch\u00f6nen Badeort und ist der perfekte R\u00fcckzugsort f\u00fcr Familien, die sich entspannen und gemeinsam vergn\u00fcgen m\u00f6chten. Mit seinem ausgezeichneten Service, den komfortablen Zimmern und einem breit gef\u00e4cherten Angebot an Aktivit\u00e4ten f\u00fcr jedes Alter ist das Hotel Maregolf der ideale Rahmen f\u00fcr einen wundersch\u00f6nen Sommerurlaub. Nutzen Sie die Gelegenheit und verschenken Sie einen Urlaub, der Ihnen kostbare Erinnerungen beschert und ein L\u00e4cheln auf die Gesichter Ihrer Familie zaubert.<\/p>\n","protected":false},"excerpt":{"rendered":"<p>Schenken Sie Ihren Lieben mit unserem Gutschein ein unvergessliches Erlebnis: einen \u201eFamilienurlaub\u201d im Hotel Maregolf. Es liegt in einem wundersch\u00f6nen Badeort und ist der perfekte R\u00fcckzugsort f\u00fcr Familien, die sich entspannen und gemeinsam vergn\u00fcgen m\u00f6chten. Mit seinem ausgezeichneten Service, den komfortablen Zimmern und einem breit gef\u00e4cherten Angebot an Aktivit\u00e4ten f\u00fcr jedes Alter ist das Hotel [&hellip;]<\/p>\n","protected":false},"featured_media":3457,"template":"","meta":{"_acf_changed":false},"product_brand":[],"product_cat":[51],"product_tag":[],"giftcard-category":[46],"class_list":{"0":"post-3505","1":"product","2":"type-product","3":"status-publish","4":"has-post-thumbnail","6":"product_cat-gutscheine","7":"giftcard-category-buoni-regalo-in-famiglia","9":"first","10":"instock","11":"virtual","12":"purchasable","13":"product-type-gift-card"},"acf":[],"yoast_head":"<!-- This site is optimized with the Yoast SEO plugin v26.9 - https:\/\/yoast.com\/product\/yoast-seo-wordpress\/ -->\n<title>Verschenken sie einen familienurlaub | Hotel Maregolf<\/title>\n<meta name=\"robots\" content=\"index, follow, max-snippet:-1, max-image-preview:large, max-video-preview:-1\" \/>\n<link rel=\"canonical\" href=\"https:\/\/www.maregolf.it\/de\/gift-card-hotel\/verschenken-sie-einen-familienurlaub\/\" \/>\n<meta property=\"og:locale\" content=\"de_DE\" \/>\n<meta property=\"og:type\" content=\"article\" \/>\n<meta property=\"og:title\" content=\"Verschenken sie einen familienurlaub | Hotel Maregolf\" \/>\n<meta property=\"og:description\" content=\"Schenken Sie Ihren Lieben mit unserem Gutschein ein unvergessliches Erlebnis: einen \u201eFamilienurlaub\u201d im Hotel Maregolf. Es liegt in einem wundersch\u00f6nen Badeort und ist der perfekte R\u00fcckzugsort f\u00fcr Familien, die sich entspannen und gemeinsam vergn\u00fcgen m\u00f6chten. Mit seinem ausgezeichneten Service, den komfortablen Zimmern und einem breit gef\u00e4cherten Angebot an Aktivit\u00e4ten f\u00fcr jedes Alter ist das Hotel [&hellip;]\" \/>\n<meta property=\"og:url\" content=\"https:\/\/www.maregolf.it\/de\/gift-card-hotel\/verschenken-sie-einen-familienurlaub\/\" \/>\n<meta property=\"og:site_name\" content=\"Hotel Maregolf\" \/>\n<meta property=\"article:publisher\" content=\"https:\/\/www.facebook.com\/hotelmaregolf\/\" \/>\n<meta property=\"article:modified_time\" content=\"2024-11-25T17:03:02+00:00\" \/>\n<meta property=\"og:image\" content=\"https:\/\/www.maregolf.it\/wp-content\/uploads\/2024\/06\/relax-hotel-5.jpg\" \/>\n\t<meta property=\"og:image:width\" content=\"1900\" \/>\n\t<meta property=\"og:image:height\" content=\"1280\" \/>\n\t<meta property=\"og:image:type\" content=\"image\/jpeg\" \/>\n<script type=\"application\/ld+json\" class=\"yoast-schema-graph\">{\"@context\":\"https:\/\/schema.org\",\"@graph\":[{\"@type\":\"WebPage\",\"@id\":\"https:\/\/www.maregolf.it\/de\/gift-card-hotel\/verschenken-sie-einen-familienurlaub\/\",\"url\":\"https:\/\/www.maregolf.it\/de\/gift-card-hotel\/verschenken-sie-einen-familienurlaub\/\",\"name\":\"Verschenken sie einen familienurlaub | Hotel Maregolf\",\"isPartOf\":{\"@id\":\"https:\/\/www.maregolf.it\/de\/#website\"},\"primaryImageOfPage\":{\"@id\":\"https:\/\/www.maregolf.it\/de\/gift-card-hotel\/verschenken-sie-einen-familienurlaub\/#primaryimage\"},\"image\":{\"@id\":\"https:\/\/www.maregolf.it\/de\/gift-card-hotel\/verschenken-sie-einen-familienurlaub\/#primaryimage\"},\"thumbnailUrl\":\"https:\/\/www.maregolf.it\/wp-content\/uploads\/2024\/06\/relax-hotel-5.jpg\",\"datePublished\":\"2024-06-12T15:26:26+00:00\",\"dateModified\":\"2024-11-25T17:03:02+00:00\",\"breadcrumb\":{\"@id\":\"https:\/\/www.maregolf.it\/de\/gift-card-hotel\/verschenken-sie-einen-familienurlaub\/#breadcrumb\"},\"inLanguage\":\"de\",\"potentialAction\":[{\"@type\":\"ReadAction\",\"target\":[\"https:\/\/www.maregolf.it\/de\/gift-card-hotel\/verschenken-sie-einen-familienurlaub\/\"]}]},{\"@type\":\"ImageObject\",\"inLanguage\":\"de\",\"@id\":\"https:\/\/www.maregolf.it\/de\/gift-card-hotel\/verschenken-sie-einen-familienurlaub\/#primaryimage\",\"url\":\"https:\/\/www.maregolf.it\/wp-content\/uploads\/2024\/06\/relax-hotel-5.jpg\",\"contentUrl\":\"https:\/\/www.maregolf.it\/wp-content\/uploads\/2024\/06\/relax-hotel-5.jpg\",\"width\":1900,\"height\":1280},{\"@type\":\"BreadcrumbList\",\"@id\":\"https:\/\/www.maregolf.it\/de\/gift-card-hotel\/verschenken-sie-einen-familienurlaub\/#breadcrumb\",\"itemListElement\":[{\"@type\":\"ListItem\",\"position\":1,\"name\":\"Home\",\"item\":\"https:\/\/www.maregolf.it\/de\/\"},{\"@type\":\"ListItem\",\"position\":2,\"name\":\"Geschenkgutschein\",\"item\":\"https:\/\/www.maregolf.it\/de\/geschenkgutschein\/\"},{\"@type\":\"ListItem\",\"position\":3,\"name\":\"Verschenken sie einen familienurlaub\"}]},{\"@type\":\"WebSite\",\"@id\":\"https:\/\/www.maregolf.it\/de\/#website\",\"url\":\"https:\/\/www.maregolf.it\/de\/\",\"name\":\"Hotel Maregolf\",\"description\":\"Hotel fronte mare con piscina a Caorle\",\"publisher\":{\"@id\":\"https:\/\/www.maregolf.it\/de\/#organization\"},\"potentialAction\":[{\"@type\":\"SearchAction\",\"target\":{\"@type\":\"EntryPoint\",\"urlTemplate\":\"https:\/\/www.maregolf.it\/de\/?s={search_term_string}\"},\"query-input\":{\"@type\":\"PropertyValueSpecification\",\"valueRequired\":true,\"valueName\":\"search_term_string\"}}],\"inLanguage\":\"de\"},{\"@type\":\"Organization\",\"@id\":\"https:\/\/www.maregolf.it\/de\/#organization\",\"name\":\"Hotel Maregolf\",\"url\":\"https:\/\/www.maregolf.it\/de\/\",\"logo\":{\"@type\":\"ImageObject\",\"inLanguage\":\"de\",\"@id\":\"https:\/\/www.maregolf.it\/de\/#\/schema\/logo\/image\/\",\"url\":\"https:\/\/www.maregolf.it\/wp-content\/uploads\/2023\/04\/hotel-maregolf.svg\",\"contentUrl\":\"https:\/\/www.maregolf.it\/wp-content\/uploads\/2023\/04\/hotel-maregolf.svg\",\"width\":1,\"height\":1,\"caption\":\"Hotel Maregolf\"},\"image\":{\"@id\":\"https:\/\/www.maregolf.it\/de\/#\/schema\/logo\/image\/\"},\"sameAs\":[\"https:\/\/www.facebook.com\/hotelmaregolf\/\"]}]}<\/script>\n<!-- \/ Yoast SEO plugin. -->","yoast_head_json":{"title":"Verschenken sie einen familienurlaub | Hotel Maregolf","robots":{"index":"index","follow":"follow","max-snippet":"max-snippet:-1","max-image-preview":"max-image-preview:large","max-video-preview":"max-video-preview:-1"},"canonical":"https:\/\/www.maregolf.it\/de\/gift-card-hotel\/verschenken-sie-einen-familienurlaub\/","og_locale":"de_DE","og_type":"article","og_title":"Verschenken sie einen familienurlaub | Hotel Maregolf","og_description":"Schenken Sie Ihren Lieben mit unserem Gutschein ein unvergessliches Erlebnis: einen \u201eFamilienurlaub\u201d im Hotel Maregolf. Es liegt in einem wundersch\u00f6nen Badeort und ist der perfekte R\u00fcckzugsort f\u00fcr Familien, die sich entspannen und gemeinsam vergn\u00fcgen m\u00f6chten. Mit seinem ausgezeichneten Service, den komfortablen Zimmern und einem breit gef\u00e4cherten Angebot an Aktivit\u00e4ten f\u00fcr jedes Alter ist das Hotel [&hellip;]","og_url":"https:\/\/www.maregolf.it\/de\/gift-card-hotel\/verschenken-sie-einen-familienurlaub\/","og_site_name":"Hotel Maregolf","article_publisher":"https:\/\/www.facebook.com\/hotelmaregolf\/","article_modified_time":"2024-11-25T17:03:02+00:00","og_image":[{"width":1900,"height":1280,"url":"https:\/\/www.maregolf.it\/wp-content\/uploads\/2024\/06\/relax-hotel-5.jpg","type":"image\/jpeg"}],"schema":{"@context":"https:\/\/schema.org","@graph":[{"@type":"WebPage","@id":"https:\/\/www.maregolf.it\/de\/gift-card-hotel\/verschenken-sie-einen-familienurlaub\/","url":"https:\/\/www.maregolf.it\/de\/gift-card-hotel\/verschenken-sie-einen-familienurlaub\/","name":"Verschenken sie einen familienurlaub | Hotel Maregolf","isPartOf":{"@id":"https:\/\/www.maregolf.it\/de\/#website"},"primaryImageOfPage":{"@id":"https:\/\/www.maregolf.it\/de\/gift-card-hotel\/verschenken-sie-einen-familienurlaub\/#primaryimage"},"image":{"@id":"https:\/\/www.maregolf.it\/de\/gift-card-hotel\/verschenken-sie-einen-familienurlaub\/#primaryimage"},"thumbnailUrl":"https:\/\/www.maregolf.it\/wp-content\/uploads\/2024\/06\/relax-hotel-5.jpg","datePublished":"2024-06-12T15:26:26+00:00","dateModified":"2024-11-25T17:03:02+00:00","breadcrumb":{"@id":"https:\/\/www.maregolf.it\/de\/gift-card-hotel\/verschenken-sie-einen-familienurlaub\/#breadcrumb"},"inLanguage":"de","potentialAction":[{"@type":"ReadAction","target":["https:\/\/www.maregolf.it\/de\/gift-card-hotel\/verschenken-sie-einen-familienurlaub\/"]}]},{"@type":"ImageObject","inLanguage":"de","@id":"https:\/\/www.maregolf.it\/de\/gift-card-hotel\/verschenken-sie-einen-familienurlaub\/#primaryimage","url":"https:\/\/www.maregolf.it\/wp-content\/uploads\/2024\/06\/relax-hotel-5.jpg","contentUrl":"https:\/\/www.maregolf.it\/wp-content\/uploads\/2024\/06\/relax-hotel-5.jpg","width":1900,"height":1280},{"@type":"BreadcrumbList","@id":"https:\/\/www.maregolf.it\/de\/gift-card-hotel\/verschenken-sie-einen-familienurlaub\/#breadcrumb","itemListElement":[{"@type":"ListItem","position":1,"name":"Home","item":"https:\/\/www.maregolf.it\/de\/"},{"@type":"ListItem","position":2,"name":"Geschenkgutschein","item":"https:\/\/www.maregolf.it\/de\/geschenkgutschein\/"},{"@type":"ListItem","position":3,"name":"Verschenken sie einen familienurlaub"}]},{"@type":"WebSite","@id":"https:\/\/www.maregolf.it\/de\/#website","url":"https:\/\/www.maregolf.it\/de\/","name":"Hotel Maregolf","description":"Hotel fronte mare con piscina a Caorle","publisher":{"@id":"https:\/\/www.maregolf.it\/de\/#organization"},"potentialAction":[{"@type":"SearchAction","target":{"@type":"EntryPoint","urlTemplate":"https:\/\/www.maregolf.it\/de\/?s={search_term_string}"},"query-input":{"@type":"PropertyValueSpecification","valueRequired":true,"valueName":"search_term_string"}}],"inLanguage":"de"},{"@type":"Organization","@id":"https:\/\/www.maregolf.it\/de\/#organization","name":"Hotel Maregolf","url":"https:\/\/www.maregolf.it\/de\/","logo":{"@type":"ImageObject","inLanguage":"de","@id":"https:\/\/www.maregolf.it\/de\/#\/schema\/logo\/image\/","url":"https:\/\/www.maregolf.it\/wp-content\/uploads\/2023\/04\/hotel-maregolf.svg","contentUrl":"https:\/\/www.maregolf.it\/wp-content\/uploads\/2023\/04\/hotel-maregolf.svg","width":1,"height":1,"caption":"Hotel Maregolf"},"image":{"@id":"https:\/\/www.maregolf.it\/de\/#\/schema\/logo\/image\/"},"sameAs":["https:\/\/www.facebook.com\/hotelmaregolf\/"]}]}},"_links":{"self":[{"href":"https:\/\/www.maregolf.it\/de\/wp-json\/wp\/v2\/product\/3505","targetHints":{"allow":["GET"]}}],"collection":[{"href":"https:\/\/www.maregolf.it\/de\/wp-json\/wp\/v2\/product"}],"about":[{"href":"https:\/\/www.maregolf.it\/de\/wp-json\/wp\/v2\/types\/product"}],"wp:featuredmedia":[{"embeddable":true,"href":"https:\/\/www.maregolf.it\/de\/wp-json\/wp\/v2\/media\/3457"}],"wp:attachment":[{"href":"https:\/\/www.maregolf.it\/de\/wp-json\/wp\/v2\/media?parent=3505"}],"wp:term":[{"taxonomy":"product_brand","embeddable":true,"href":"https:\/\/www.maregolf.it\/de\/wp-json\/wp\/v2\/product_brand?post=3505"},{"taxonomy":"product_cat","embeddable":true,"href":"https:\/\/www.maregolf.it\/de\/wp-json\/wp\/v2\/product_cat?post=3505"},{"taxonomy":"product_tag","embeddable":true,"href":"https:\/\/www.maregolf.it\/de\/wp-json\/wp\/v2\/product_tag?post=3505"},{"taxonomy":"giftcard-category","embeddable":true,"href":"https:\/\/www.maregolf.it\/de\/wp-json\/wp\/v2\/giftcard-category?post=3505"}],"curies":[{"name":"wp","href":"https:\/\/api.w.org\/{rel}","templated":true}]}}