{"id":27,"date":"2023-02-17T10:47:44","date_gmt":"2023-02-17T09:47:44","guid":{"rendered":"https:\/\/www.maregolf.it\/pagina-di-esempio\/"},"modified":"2025-01-14T12:35:19","modified_gmt":"2025-01-14T11:35:19","slug":"willkommen-im-hotel-maregolf","status":"publish","type":"page","link":"https:\/\/www.maregolf.it\/de\/","title":{"rendered":"Das Hotel Maregolf, ein modernes 4-Sterne-Relax-Hotel in Caorle Lido Altanea."},"content":{"rendered":"\n<p>Inmitten der gr\u00fcnen Natur gelegen ist unser Hotel von einer ruhigen und famili\u00e4ren Atmosph\u00e4re gekennzeichnet und die ideale Location f\u00fcr Ihren Urlaub mit Kinder in Caorle.<\/p>\n\n\n\n<p>Das Gr\u00fcn der Minigolfanlagen und das Blau des Meeres bilden den Hintergrund des Hotels ganz in der N\u00e4he des Strandes von Caorle Lido Altanea. Das Hotel Maregolf ist eine regelrechte Oase der Ruhe und Gastlichkeit, wo das Personal Sie freundlich und professionell bedient und Ihre W\u00fcnsche stets aufmerksam erf\u00fcllt.<\/p>\n\n\n\n<p>Unsere 100 Zimmer sind ger\u00e4umig, freundlich, gepflegt bis in die kleinsten Details und mit allem Komfort ausgestattet, um Ihnen einen wahrhaft unvergesslichen Aufenthalt zu bieten.<\/p>\n\n\n\n<p>Maregolf ist ein Relaxhotel in Caorle Lido Altanea, das zu Ihrem Wohlbefinden \u00fcber alle Serviceleistungen verf\u00fcgt. Ein Pool f\u00fcr Erwachsene und f\u00fcr die Kleinen, ein gro\u00dfes Solarium mit bequemen Liegen und Sonnenschirmen, ein Spielpark.<\/p>\n","protected":false},"excerpt":{"rendered":"<p>Inmitten der gr\u00fcnen Natur gelegen ist unser Hotel von einer ruhigen und famili\u00e4ren Atmosph\u00e4re gekennzeichnet und die ideale Location f\u00fcr Ihren Urlaub mit Kinder in Caorle. Das Gr\u00fcn der Minigolfanlagen und das Blau des Meeres bilden den Hintergrund des Hotels ganz in der N\u00e4he des Strandes von Caorle Lido Altanea. Das Hotel Maregolf ist eine [&hellip;]<\/p>\n","protected":false},"author":1,"featured_media":1015,"parent":0,"menu_order":17,"comment_status":"closed","ping_status":"open","template":"","meta":{"_acf_changed":false,"footnotes":""},"class_list":["post-27","page","type-page","status-publish","has-post-thumbnail","hentry"],"acf":[],"yoast_head":"<!-- This site is optimized with the Yoast SEO plugin v26.9 - https:\/\/yoast.com\/product\/yoast-seo-wordpress\/ -->\n<title>Hotel am meer in Caorle | Maregolf - Hotel Caorle 4 Sterne<\/title>\n<meta name=\"description\" content=\"Das Hotel Maregolf ist ein modernes 4-Sterne-Hotel im Badeort Caorle, Lido Altanea. Ruhig gelegen, nur 150 Meter vom Strand entfernt.\" \/>\n<meta name=\"robots\" content=\"index, follow, max-snippet:-1, max-image-preview:large, max-video-preview:-1\" \/>\n<link rel=\"canonical\" href=\"https:\/\/www.maregolf.it\/de\/\" \/>\n<meta property=\"og:locale\" content=\"de_DE\" \/>\n<meta property=\"og:type\" content=\"article\" \/>\n<meta property=\"og:title\" content=\"Hotel am meer in Caorle | Maregolf - Hotel Caorle 4 Sterne\" \/>\n<meta property=\"og:description\" content=\"Das Hotel Maregolf ist ein modernes 4-Sterne-Hotel im Badeort Caorle, Lido Altanea. Ruhig gelegen, nur 150 Meter vom Strand entfernt.\" \/>\n<meta property=\"og:url\" content=\"https:\/\/www.maregolf.it\/de\/\" \/>\n<meta property=\"og:site_name\" content=\"Hotel Maregolf\" \/>\n<meta property=\"article:publisher\" content=\"https:\/\/www.facebook.com\/hotelmaregolf\/\" \/>\n<meta property=\"article:modified_time\" content=\"2025-01-14T11:35:19+00:00\" \/>\n<meta property=\"og:image\" content=\"https:\/\/www.maregolf.it\/wp-content\/uploads\/2023\/05\/Hotel-Maregolf-piscina-4.webp\" \/>\n\t<meta property=\"og:image:width\" content=\"1900\" \/>\n\t<meta property=\"og:image:height\" content=\"1280\" \/>\n\t<meta property=\"og:image:type\" content=\"image\/webp\" \/>\n<script type=\"application\/ld+json\" class=\"yoast-schema-graph\">{\"@context\":\"https:\/\/schema.org\",\"@graph\":[{\"@type\":\"WebPage\",\"@id\":\"https:\/\/www.maregolf.it\/de\/\",\"url\":\"https:\/\/www.maregolf.it\/de\/\",\"name\":\"Hotel am meer in Caorle | Maregolf - Hotel Caorle 4 Sterne\",\"isPartOf\":{\"@id\":\"https:\/\/www.maregolf.it\/de\/#website\"},\"primaryImageOfPage\":{\"@id\":\"https:\/\/www.maregolf.it\/de\/#primaryimage\"},\"image\":{\"@id\":\"https:\/\/www.maregolf.it\/de\/#primaryimage\"},\"thumbnailUrl\":\"https:\/\/www.maregolf.it\/wp-content\/uploads\/2023\/05\/Hotel-Maregolf-piscina-4.webp\",\"datePublished\":\"2023-02-17T09:47:44+00:00\",\"dateModified\":\"2025-01-14T11:35:19+00:00\",\"description\":\"Das Hotel Maregolf ist ein modernes 4-Sterne-Hotel im Badeort Caorle, Lido Altanea. Ruhig gelegen, nur 150 Meter vom Strand entfernt.\",\"breadcrumb\":{\"@id\":\"https:\/\/www.maregolf.it\/de\/#breadcrumb\"},\"inLanguage\":\"de\",\"potentialAction\":[{\"@type\":\"ReadAction\",\"target\":[\"https:\/\/www.maregolf.it\/de\/\"]}]},{\"@type\":\"ImageObject\",\"inLanguage\":\"de\",\"@id\":\"https:\/\/www.maregolf.it\/de\/#primaryimage\",\"url\":\"https:\/\/www.maregolf.it\/wp-content\/uploads\/2023\/05\/Hotel-Maregolf-piscina-4.webp\",\"contentUrl\":\"https:\/\/www.maregolf.it\/wp-content\/uploads\/2023\/05\/Hotel-Maregolf-piscina-4.webp\",\"width\":1900,\"height\":1280},{\"@type\":\"BreadcrumbList\",\"@id\":\"https:\/\/www.maregolf.it\/de\/#breadcrumb\",\"itemListElement\":[{\"@type\":\"ListItem\",\"position\":1,\"name\":\"Home\",\"item\":\"https:\/\/www.maregolf.it\/de\/\"},{\"@type\":\"ListItem\",\"position\":2,\"name\":\"Das Hotel Maregolf, ein modernes 4-Sterne-Relax-Hotel in Caorle Lido Altanea.\"}]},{\"@type\":\"WebSite\",\"@id\":\"https:\/\/www.maregolf.it\/de\/#website\",\"url\":\"https:\/\/www.maregolf.it\/de\/\",\"name\":\"Hotel Maregolf\",\"description\":\"Hotel fronte mare con piscina a Caorle\",\"publisher\":{\"@id\":\"https:\/\/www.maregolf.it\/de\/#organization\"},\"potentialAction\":[{\"@type\":\"SearchAction\",\"target\":{\"@type\":\"EntryPoint\",\"urlTemplate\":\"https:\/\/www.maregolf.it\/de\/?s={search_term_string}\"},\"query-input\":{\"@type\":\"PropertyValueSpecification\",\"valueRequired\":true,\"valueName\":\"search_term_string\"}}],\"inLanguage\":\"de\"},{\"@type\":\"Organization\",\"@id\":\"https:\/\/www.maregolf.it\/de\/#organization\",\"name\":\"Hotel Maregolf\",\"url\":\"https:\/\/www.maregolf.it\/de\/\",\"logo\":{\"@type\":\"ImageObject\",\"inLanguage\":\"de\",\"@id\":\"https:\/\/www.maregolf.it\/de\/#\/schema\/logo\/image\/\",\"url\":\"https:\/\/www.maregolf.it\/wp-content\/uploads\/2023\/04\/hotel-maregolf.svg\",\"contentUrl\":\"https:\/\/www.maregolf.it\/wp-content\/uploads\/2023\/04\/hotel-maregolf.svg\",\"width\":1,\"height\":1,\"caption\":\"Hotel Maregolf\"},\"image\":{\"@id\":\"https:\/\/www.maregolf.it\/de\/#\/schema\/logo\/image\/\"},\"sameAs\":[\"https:\/\/www.facebook.com\/hotelmaregolf\/\"]}]}<\/script>\n<!-- \/ Yoast SEO plugin. -->","yoast_head_json":{"title":"Hotel am meer in Caorle | Maregolf - Hotel Caorle 4 Sterne","description":"Das Hotel Maregolf ist ein modernes 4-Sterne-Hotel im Badeort Caorle, Lido Altanea. Ruhig gelegen, nur 150 Meter vom Strand entfernt.","robots":{"index":"index","follow":"follow","max-snippet":"max-snippet:-1","max-image-preview":"max-image-preview:large","max-video-preview":"max-video-preview:-1"},"canonical":"https:\/\/www.maregolf.it\/de\/","og_locale":"de_DE","og_type":"article","og_title":"Hotel am meer in Caorle | Maregolf - Hotel Caorle 4 Sterne","og_description":"Das Hotel Maregolf ist ein modernes 4-Sterne-Hotel im Badeort Caorle, Lido Altanea. Ruhig gelegen, nur 150 Meter vom Strand entfernt.","og_url":"https:\/\/www.maregolf.it\/de\/","og_site_name":"Hotel Maregolf","article_publisher":"https:\/\/www.facebook.com\/hotelmaregolf\/","article_modified_time":"2025-01-14T11:35:19+00:00","og_image":[{"width":1900,"height":1280,"url":"https:\/\/www.maregolf.it\/wp-content\/uploads\/2023\/05\/Hotel-Maregolf-piscina-4.webp","type":"image\/webp"}],"schema":{"@context":"https:\/\/schema.org","@graph":[{"@type":"WebPage","@id":"https:\/\/www.maregolf.it\/de\/","url":"https:\/\/www.maregolf.it\/de\/","name":"Hotel am meer in Caorle | Maregolf - Hotel Caorle 4 Sterne","isPartOf":{"@id":"https:\/\/www.maregolf.it\/de\/#website"},"primaryImageOfPage":{"@id":"https:\/\/www.maregolf.it\/de\/#primaryimage"},"image":{"@id":"https:\/\/www.maregolf.it\/de\/#primaryimage"},"thumbnailUrl":"https:\/\/www.maregolf.it\/wp-content\/uploads\/2023\/05\/Hotel-Maregolf-piscina-4.webp","datePublished":"2023-02-17T09:47:44+00:00","dateModified":"2025-01-14T11:35:19+00:00","description":"Das Hotel Maregolf ist ein modernes 4-Sterne-Hotel im Badeort Caorle, Lido Altanea. Ruhig gelegen, nur 150 Meter vom Strand entfernt.","breadcrumb":{"@id":"https:\/\/www.maregolf.it\/de\/#breadcrumb"},"inLanguage":"de","potentialAction":[{"@type":"ReadAction","target":["https:\/\/www.maregolf.it\/de\/"]}]},{"@type":"ImageObject","inLanguage":"de","@id":"https:\/\/www.maregolf.it\/de\/#primaryimage","url":"https:\/\/www.maregolf.it\/wp-content\/uploads\/2023\/05\/Hotel-Maregolf-piscina-4.webp","contentUrl":"https:\/\/www.maregolf.it\/wp-content\/uploads\/2023\/05\/Hotel-Maregolf-piscina-4.webp","width":1900,"height":1280},{"@type":"BreadcrumbList","@id":"https:\/\/www.maregolf.it\/de\/#breadcrumb","itemListElement":[{"@type":"ListItem","position":1,"name":"Home","item":"https:\/\/www.maregolf.it\/de\/"},{"@type":"ListItem","position":2,"name":"Das Hotel Maregolf, ein modernes 4-Sterne-Relax-Hotel in Caorle Lido Altanea."}]},{"@type":"WebSite","@id":"https:\/\/www.maregolf.it\/de\/#website","url":"https:\/\/www.maregolf.it\/de\/","name":"Hotel Maregolf","description":"Hotel fronte mare con piscina a Caorle","publisher":{"@id":"https:\/\/www.maregolf.it\/de\/#organization"},"potentialAction":[{"@type":"SearchAction","target":{"@type":"EntryPoint","urlTemplate":"https:\/\/www.maregolf.it\/de\/?s={search_term_string}"},"query-input":{"@type":"PropertyValueSpecification","valueRequired":true,"valueName":"search_term_string"}}],"inLanguage":"de"},{"@type":"Organization","@id":"https:\/\/www.maregolf.it\/de\/#organization","name":"Hotel Maregolf","url":"https:\/\/www.maregolf.it\/de\/","logo":{"@type":"ImageObject","inLanguage":"de","@id":"https:\/\/www.maregolf.it\/de\/#\/schema\/logo\/image\/","url":"https:\/\/www.maregolf.it\/wp-content\/uploads\/2023\/04\/hotel-maregolf.svg","contentUrl":"https:\/\/www.maregolf.it\/wp-content\/uploads\/2023\/04\/hotel-maregolf.svg","width":1,"height":1,"caption":"Hotel Maregolf"},"image":{"@id":"https:\/\/www.maregolf.it\/de\/#\/schema\/logo\/image\/"},"sameAs":["https:\/\/www.facebook.com\/hotelmaregolf\/"]}]}},"_links":{"self":[{"href":"https:\/\/www.maregolf.it\/de\/wp-json\/wp\/v2\/pages\/27","targetHints":{"allow":["GET"]}}],"collection":[{"href":"https:\/\/www.maregolf.it\/de\/wp-json\/wp\/v2\/pages"}],"about":[{"href":"https:\/\/www.maregolf.it\/de\/wp-json\/wp\/v2\/types\/page"}],"author":[{"embeddable":true,"href":"https:\/\/www.maregolf.it\/de\/wp-json\/wp\/v2\/users\/1"}],"replies":[{"embeddable":true,"href":"https:\/\/www.maregolf.it\/de\/wp-json\/wp\/v2\/comments?post=27"}],"version-history":[{"count":11,"href":"https:\/\/www.maregolf.it\/de\/wp-json\/wp\/v2\/pages\/27\/revisions"}],"predecessor-version":[{"id":3689,"href":"https:\/\/www.maregolf.it\/de\/wp-json\/wp\/v2\/pages\/27\/revisions\/3689"}],"wp:featuredmedia":[{"embeddable":true,"href":"https:\/\/www.maregolf.it\/de\/wp-json\/wp\/v2\/media\/1015"}],"wp:attachment":[{"href":"https:\/\/www.maregolf.it\/de\/wp-json\/wp\/v2\/media?parent=27"}],"curies":[{"name":"wp","href":"https:\/\/api.w.org\/{rel}","templated":true}]}}