{"id":2648,"date":"2023-02-23T17:01:42","date_gmt":"2023-02-23T16:01:42","guid":{"rendered":"https:\/\/www.maregolf.it\/minimarket\/"},"modified":"2026-02-19T14:13:50","modified_gmt":"2026-02-19T13:13:50","slug":"hotel-restaurant","status":"publish","type":"page","link":"https:\/\/www.maregolf.it\/de\/hotel-restaurant\/","title":{"rendered":"Restaurant"},"content":{"rendered":"\n<p>In unserem eleganten, klimatisierten Speisesaal k\u00f6nnen Sie venetische Spezialit\u00e4ten und internationale Gerichte genie\u00dfen, die von unserem Chefkoch mit gro\u00dfer Sorgfalt zubereitet werden.<\/p>\n\n\n\n<p>Beginnen Sie Ihren Tag mit unserem Fr\u00fchst\u00fcck, das auf der Veranda des Restaurants serviert wird: Sie haben die Wahl zwischen Backwaren, gef\u00fcllten Brioches und hausgemachten Kuchen, Pancakes, frischem Obst der Saison, Fruchts\u00e4ften \u2013 auch frisch gepresst -, einem reichhaltigen Sortiment an verschiedenen Tees, M\u00fcsli, K\u00e4se- und Wurstplatten und vielem mehr.<\/p>\n\n\n\n<p>Die Neuheit sind ein durstl\u00f6schendes Entgiftungswasser mit Fruchtgeschmack, ein Schokoladenbrunnen und Honig direkt aus der Wabe, der auf eine Scheibe Brot gestrichen oder mit K\u00e4se und Trockenobst gekostet werden kann.<\/p>\n\n\n\n<p>Wenn Sie unter einer Lebensmittelunvertr\u00e4glichkeit oder Allergie leiden, teilen Sie uns dies bitte vor Ihrer Ankunft mit, damit wir Ihnen Alternativen anbieten k\u00f6nnen.<\/p>\n\n\n\n<h3 class=\"wp-block-heading\">\u00d6FFNUNGSZEITEN DES RESTAURANTS<\/h3>\n\n\n\n<ul class=\"wp-block-list list-item\">\n<li>FR\u00dcHST\u00dcCK von 7.30 Uhr bis 10.00 Uhr<\/li>\n\n\n\n<li>MITTAGESSEN von 12.30 bis 13.30 Uhr<\/li>\n\n\n\n<li>ABENDESSEN von 19.00 bis 20.30 Uhr<\/li>\n<\/ul>\n\n\n\n<p>Bitte beachten Sie, dass die Vollpension mit dem Mittagessen am Anreisetag beginnt und mit dem Fr\u00fchst\u00fcck am Tag der Abreise endet.<\/p>\n","protected":false},"excerpt":{"rendered":"<p>In unserem eleganten, klimatisierten Speisesaal k\u00f6nnen Sie venetische Spezialit\u00e4ten und internationale Gerichte genie\u00dfen, die von unserem Chefkoch mit gro\u00dfer Sorgfalt zubereitet werden. Beginnen Sie Ihren Tag mit unserem Fr\u00fchst\u00fcck, das auf der Veranda des Restaurants serviert wird: Sie haben die Wahl zwischen Backwaren, gef\u00fcllten Brioches und hausgemachten Kuchen, Pancakes, frischem Obst der Saison, Fruchts\u00e4ften \u2013 [&hellip;]<\/p>\n","protected":false},"author":1,"featured_media":0,"parent":0,"menu_order":31,"comment_status":"closed","ping_status":"closed","template":"","meta":{"_acf_changed":false,"footnotes":""},"class_list":["post-2648","page","type-page","status-publish","hentry"],"acf":[],"yoast_head":"<!-- This site is optimized with the Yoast SEO plugin v26.9 - https:\/\/yoast.com\/product\/yoast-seo-wordpress\/ -->\n<title>Caorle Restaurant | Hotel Maregolf<\/title>\n<meta name=\"description\" content=\"Hotel Maregolf 4-Sterne-Hotel in Caorle Lido Altanea. Halb- und Vollpension mit Buffet und speziellen Kindergerichten\" \/>\n<meta name=\"robots\" content=\"index, follow, max-snippet:-1, max-image-preview:large, max-video-preview:-1\" \/>\n<link rel=\"canonical\" href=\"https:\/\/www.maregolf.it\/de\/hotel-restaurant\/\" \/>\n<meta property=\"og:locale\" content=\"de_DE\" \/>\n<meta property=\"og:type\" content=\"article\" \/>\n<meta property=\"og:title\" content=\"Caorle Restaurant | Hotel Maregolf\" \/>\n<meta property=\"og:description\" content=\"Hotel Maregolf 4-Sterne-Hotel in Caorle Lido Altanea. Halb- und Vollpension mit Buffet und speziellen Kindergerichten\" \/>\n<meta property=\"og:url\" content=\"https:\/\/www.maregolf.it\/de\/hotel-restaurant\/\" \/>\n<meta property=\"og:site_name\" content=\"Hotel Maregolf\" \/>\n<meta property=\"article:publisher\" content=\"https:\/\/www.facebook.com\/hotelmaregolf\/\" \/>\n<meta property=\"article:modified_time\" content=\"2026-02-19T13:13:50+00:00\" \/>\n<meta name=\"twitter:label1\" content=\"Gesch\u00e4tzte Lesezeit\" \/>\n\t<meta name=\"twitter:data1\" content=\"1\u00a0Minute\" \/>\n<script type=\"application\/ld+json\" class=\"yoast-schema-graph\">{\"@context\":\"https:\/\/schema.org\",\"@graph\":[{\"@type\":\"WebPage\",\"@id\":\"https:\/\/www.maregolf.it\/de\/hotel-restaurant\/\",\"url\":\"https:\/\/www.maregolf.it\/de\/hotel-restaurant\/\",\"name\":\"Caorle Restaurant | Hotel Maregolf\",\"isPartOf\":{\"@id\":\"https:\/\/www.maregolf.it\/de\/#website\"},\"datePublished\":\"2023-02-23T16:01:42+00:00\",\"dateModified\":\"2026-02-19T13:13:50+00:00\",\"description\":\"Hotel Maregolf 4-Sterne-Hotel in Caorle Lido Altanea. Halb- und Vollpension mit Buffet und speziellen Kindergerichten\",\"breadcrumb\":{\"@id\":\"https:\/\/www.maregolf.it\/de\/hotel-restaurant\/#breadcrumb\"},\"inLanguage\":\"de\",\"potentialAction\":[{\"@type\":\"ReadAction\",\"target\":[\"https:\/\/www.maregolf.it\/de\/hotel-restaurant\/\"]}]},{\"@type\":\"BreadcrumbList\",\"@id\":\"https:\/\/www.maregolf.it\/de\/hotel-restaurant\/#breadcrumb\",\"itemListElement\":[{\"@type\":\"ListItem\",\"position\":1,\"name\":\"Home\",\"item\":\"https:\/\/www.maregolf.it\/de\/\"},{\"@type\":\"ListItem\",\"position\":2,\"name\":\"Restaurant\"}]},{\"@type\":\"WebSite\",\"@id\":\"https:\/\/www.maregolf.it\/de\/#website\",\"url\":\"https:\/\/www.maregolf.it\/de\/\",\"name\":\"Hotel Maregolf\",\"description\":\"Hotel fronte mare con piscina a Caorle\",\"publisher\":{\"@id\":\"https:\/\/www.maregolf.it\/de\/#organization\"},\"potentialAction\":[{\"@type\":\"SearchAction\",\"target\":{\"@type\":\"EntryPoint\",\"urlTemplate\":\"https:\/\/www.maregolf.it\/de\/?s={search_term_string}\"},\"query-input\":{\"@type\":\"PropertyValueSpecification\",\"valueRequired\":true,\"valueName\":\"search_term_string\"}}],\"inLanguage\":\"de\"},{\"@type\":\"Organization\",\"@id\":\"https:\/\/www.maregolf.it\/de\/#organization\",\"name\":\"Hotel Maregolf\",\"url\":\"https:\/\/www.maregolf.it\/de\/\",\"logo\":{\"@type\":\"ImageObject\",\"inLanguage\":\"de\",\"@id\":\"https:\/\/www.maregolf.it\/de\/#\/schema\/logo\/image\/\",\"url\":\"https:\/\/www.maregolf.it\/wp-content\/uploads\/2023\/04\/hotel-maregolf.svg\",\"contentUrl\":\"https:\/\/www.maregolf.it\/wp-content\/uploads\/2023\/04\/hotel-maregolf.svg\",\"width\":1,\"height\":1,\"caption\":\"Hotel Maregolf\"},\"image\":{\"@id\":\"https:\/\/www.maregolf.it\/de\/#\/schema\/logo\/image\/\"},\"sameAs\":[\"https:\/\/www.facebook.com\/hotelmaregolf\/\"]}]}<\/script>\n<!-- \/ Yoast SEO plugin. -->","yoast_head_json":{"title":"Caorle Restaurant | Hotel Maregolf","description":"Hotel Maregolf 4-Sterne-Hotel in Caorle Lido Altanea. Halb- und Vollpension mit Buffet und speziellen Kindergerichten","robots":{"index":"index","follow":"follow","max-snippet":"max-snippet:-1","max-image-preview":"max-image-preview:large","max-video-preview":"max-video-preview:-1"},"canonical":"https:\/\/www.maregolf.it\/de\/hotel-restaurant\/","og_locale":"de_DE","og_type":"article","og_title":"Caorle Restaurant | Hotel Maregolf","og_description":"Hotel Maregolf 4-Sterne-Hotel in Caorle Lido Altanea. Halb- und Vollpension mit Buffet und speziellen Kindergerichten","og_url":"https:\/\/www.maregolf.it\/de\/hotel-restaurant\/","og_site_name":"Hotel Maregolf","article_publisher":"https:\/\/www.facebook.com\/hotelmaregolf\/","article_modified_time":"2026-02-19T13:13:50+00:00","twitter_misc":{"Gesch\u00e4tzte Lesezeit":"1\u00a0Minute"},"schema":{"@context":"https:\/\/schema.org","@graph":[{"@type":"WebPage","@id":"https:\/\/www.maregolf.it\/de\/hotel-restaurant\/","url":"https:\/\/www.maregolf.it\/de\/hotel-restaurant\/","name":"Caorle Restaurant | Hotel Maregolf","isPartOf":{"@id":"https:\/\/www.maregolf.it\/de\/#website"},"datePublished":"2023-02-23T16:01:42+00:00","dateModified":"2026-02-19T13:13:50+00:00","description":"Hotel Maregolf 4-Sterne-Hotel in Caorle Lido Altanea. Halb- und Vollpension mit Buffet und speziellen Kindergerichten","breadcrumb":{"@id":"https:\/\/www.maregolf.it\/de\/hotel-restaurant\/#breadcrumb"},"inLanguage":"de","potentialAction":[{"@type":"ReadAction","target":["https:\/\/www.maregolf.it\/de\/hotel-restaurant\/"]}]},{"@type":"BreadcrumbList","@id":"https:\/\/www.maregolf.it\/de\/hotel-restaurant\/#breadcrumb","itemListElement":[{"@type":"ListItem","position":1,"name":"Home","item":"https:\/\/www.maregolf.it\/de\/"},{"@type":"ListItem","position":2,"name":"Restaurant"}]},{"@type":"WebSite","@id":"https:\/\/www.maregolf.it\/de\/#website","url":"https:\/\/www.maregolf.it\/de\/","name":"Hotel Maregolf","description":"Hotel fronte mare con piscina a Caorle","publisher":{"@id":"https:\/\/www.maregolf.it\/de\/#organization"},"potentialAction":[{"@type":"SearchAction","target":{"@type":"EntryPoint","urlTemplate":"https:\/\/www.maregolf.it\/de\/?s={search_term_string}"},"query-input":{"@type":"PropertyValueSpecification","valueRequired":true,"valueName":"search_term_string"}}],"inLanguage":"de"},{"@type":"Organization","@id":"https:\/\/www.maregolf.it\/de\/#organization","name":"Hotel Maregolf","url":"https:\/\/www.maregolf.it\/de\/","logo":{"@type":"ImageObject","inLanguage":"de","@id":"https:\/\/www.maregolf.it\/de\/#\/schema\/logo\/image\/","url":"https:\/\/www.maregolf.it\/wp-content\/uploads\/2023\/04\/hotel-maregolf.svg","contentUrl":"https:\/\/www.maregolf.it\/wp-content\/uploads\/2023\/04\/hotel-maregolf.svg","width":1,"height":1,"caption":"Hotel Maregolf"},"image":{"@id":"https:\/\/www.maregolf.it\/de\/#\/schema\/logo\/image\/"},"sameAs":["https:\/\/www.facebook.com\/hotelmaregolf\/"]}]}},"_links":{"self":[{"href":"https:\/\/www.maregolf.it\/de\/wp-json\/wp\/v2\/pages\/2648","targetHints":{"allow":["GET"]}}],"collection":[{"href":"https:\/\/www.maregolf.it\/de\/wp-json\/wp\/v2\/pages"}],"about":[{"href":"https:\/\/www.maregolf.it\/de\/wp-json\/wp\/v2\/types\/page"}],"author":[{"embeddable":true,"href":"https:\/\/www.maregolf.it\/de\/wp-json\/wp\/v2\/users\/1"}],"replies":[{"embeddable":true,"href":"https:\/\/www.maregolf.it\/de\/wp-json\/wp\/v2\/comments?post=2648"}],"version-history":[{"count":7,"href":"https:\/\/www.maregolf.it\/de\/wp-json\/wp\/v2\/pages\/2648\/revisions"}],"predecessor-version":[{"id":3927,"href":"https:\/\/www.maregolf.it\/de\/wp-json\/wp\/v2\/pages\/2648\/revisions\/3927"}],"wp:attachment":[{"href":"https:\/\/www.maregolf.it\/de\/wp-json\/wp\/v2\/media?parent=2648"}],"curies":[{"name":"wp","href":"https:\/\/api.w.org\/{rel}","templated":true}]}}