{"id":2602,"date":"2023-02-23T17:01:08","date_gmt":"2023-02-23T16:01:08","guid":{"rendered":"https:\/\/www.maregolf.it\/pool-area\/"},"modified":"2026-02-25T15:07:23","modified_gmt":"2026-02-25T14:07:23","slug":"pool-area","status":"publish","type":"page","link":"https:\/\/www.maregolf.it\/de\/pool-area\/","title":{"rendered":"Pool und Terrassenbar"},"content":{"rendered":"\n<p>Der Pool mit Hydromassaged\u00fcsen ist von einer gro\u00dfen Terrasse mit Sonnenschirmen und Liegen umgeben, die zum Entspannen in der Sonne einladen, w\u00e4hrend man die herrliche Aussicht auf den gr\u00fcnen Golfplatz Pr\u00e0 delle Torri genie\u00dft.<\/p>\n\n\n\n<p>Es gibt auch einen flachen Bereich mit Wasserspielen, der ideal f\u00fcr die Kleinen ist.<\/p>\n\n\n\n<p>Au\u00dferdem k\u00f6nnen Sie jeden Tag unter der Anleitung eines kompetenten Animateurs an Fitness- und Wassergymnastikkursen teilnehmen.<\/p>\n\n\n\n<p><strong>Der Poolbereich ist t\u00e4glich von 9.00 bis 19.00 Uhr ge\u00f6ffnet.<\/strong><\/p>\n","protected":false},"excerpt":{"rendered":"<p>Der Pool mit Hydromassaged\u00fcsen ist von einer gro\u00dfen Terrasse mit Sonnenschirmen und Liegen umgeben, die zum Entspannen in der Sonne einladen, w\u00e4hrend man die herrliche Aussicht auf den gr\u00fcnen Golfplatz Pr\u00e0 delle Torri genie\u00dft. Es gibt auch einen flachen Bereich mit Wasserspielen, der ideal f\u00fcr die Kleinen ist. Au\u00dferdem k\u00f6nnen Sie jeden Tag unter der [&hellip;]<\/p>\n","protected":false},"author":1,"featured_media":0,"parent":0,"menu_order":25,"comment_status":"closed","ping_status":"closed","template":"","meta":{"_acf_changed":false,"footnotes":""},"class_list":["post-2602","page","type-page","status-publish","hentry"],"acf":[],"yoast_head":"<!-- This site is optimized with the Yoast SEO plugin v26.9 - https:\/\/yoast.com\/product\/yoast-seo-wordpress\/ -->\n<title>Pool und Terrassenbar | Hotel Maregolf<\/title>\n<meta name=\"robots\" content=\"index, follow, max-snippet:-1, max-image-preview:large, max-video-preview:-1\" \/>\n<link rel=\"canonical\" href=\"https:\/\/www.maregolf.it\/de\/pool-area\/\" \/>\n<meta property=\"og:locale\" content=\"de_DE\" \/>\n<meta property=\"og:type\" content=\"article\" \/>\n<meta property=\"og:title\" content=\"Pool und Terrassenbar | Hotel Maregolf\" \/>\n<meta property=\"og:description\" content=\"Der Pool mit Hydromassaged\u00fcsen ist von einer gro\u00dfen Terrasse mit Sonnenschirmen und Liegen umgeben, die zum Entspannen in der Sonne einladen, w\u00e4hrend man die herrliche Aussicht auf den gr\u00fcnen Golfplatz Pr\u00e0 delle Torri genie\u00dft. Es gibt auch einen flachen Bereich mit Wasserspielen, der ideal f\u00fcr die Kleinen ist. Au\u00dferdem k\u00f6nnen Sie jeden Tag unter der [&hellip;]\" \/>\n<meta property=\"og:url\" content=\"https:\/\/www.maregolf.it\/de\/pool-area\/\" \/>\n<meta property=\"og:site_name\" content=\"Hotel Maregolf\" \/>\n<meta property=\"article:publisher\" content=\"https:\/\/www.facebook.com\/hotelmaregolf\/\" \/>\n<meta property=\"article:modified_time\" content=\"2026-02-25T14:07:23+00:00\" \/>\n<meta name=\"twitter:label1\" content=\"Gesch\u00e4tzte Lesezeit\" \/>\n\t<meta name=\"twitter:data1\" content=\"1\u00a0Minute\" \/>\n<script type=\"application\/ld+json\" class=\"yoast-schema-graph\">{\"@context\":\"https:\/\/schema.org\",\"@graph\":[{\"@type\":\"WebPage\",\"@id\":\"https:\/\/www.maregolf.it\/de\/pool-area\/\",\"url\":\"https:\/\/www.maregolf.it\/de\/pool-area\/\",\"name\":\"Pool und Terrassenbar | Hotel Maregolf\",\"isPartOf\":{\"@id\":\"https:\/\/www.maregolf.it\/de\/#website\"},\"datePublished\":\"2023-02-23T16:01:08+00:00\",\"dateModified\":\"2026-02-25T14:07:23+00:00\",\"breadcrumb\":{\"@id\":\"https:\/\/www.maregolf.it\/de\/pool-area\/#breadcrumb\"},\"inLanguage\":\"de\",\"potentialAction\":[{\"@type\":\"ReadAction\",\"target\":[\"https:\/\/www.maregolf.it\/de\/pool-area\/\"]}]},{\"@type\":\"BreadcrumbList\",\"@id\":\"https:\/\/www.maregolf.it\/de\/pool-area\/#breadcrumb\",\"itemListElement\":[{\"@type\":\"ListItem\",\"position\":1,\"name\":\"Home\",\"item\":\"https:\/\/www.maregolf.it\/de\/\"},{\"@type\":\"ListItem\",\"position\":2,\"name\":\"Pool und Terrassenbar\"}]},{\"@type\":\"WebSite\",\"@id\":\"https:\/\/www.maregolf.it\/de\/#website\",\"url\":\"https:\/\/www.maregolf.it\/de\/\",\"name\":\"Hotel Maregolf\",\"description\":\"Hotel fronte mare con piscina a Caorle\",\"publisher\":{\"@id\":\"https:\/\/www.maregolf.it\/de\/#organization\"},\"potentialAction\":[{\"@type\":\"SearchAction\",\"target\":{\"@type\":\"EntryPoint\",\"urlTemplate\":\"https:\/\/www.maregolf.it\/de\/?s={search_term_string}\"},\"query-input\":{\"@type\":\"PropertyValueSpecification\",\"valueRequired\":true,\"valueName\":\"search_term_string\"}}],\"inLanguage\":\"de\"},{\"@type\":\"Organization\",\"@id\":\"https:\/\/www.maregolf.it\/de\/#organization\",\"name\":\"Hotel Maregolf\",\"url\":\"https:\/\/www.maregolf.it\/de\/\",\"logo\":{\"@type\":\"ImageObject\",\"inLanguage\":\"de\",\"@id\":\"https:\/\/www.maregolf.it\/de\/#\/schema\/logo\/image\/\",\"url\":\"https:\/\/www.maregolf.it\/wp-content\/uploads\/2023\/04\/hotel-maregolf.svg\",\"contentUrl\":\"https:\/\/www.maregolf.it\/wp-content\/uploads\/2023\/04\/hotel-maregolf.svg\",\"width\":1,\"height\":1,\"caption\":\"Hotel Maregolf\"},\"image\":{\"@id\":\"https:\/\/www.maregolf.it\/de\/#\/schema\/logo\/image\/\"},\"sameAs\":[\"https:\/\/www.facebook.com\/hotelmaregolf\/\"]}]}<\/script>\n<!-- \/ Yoast SEO plugin. -->","yoast_head_json":{"title":"Pool und Terrassenbar | Hotel Maregolf","robots":{"index":"index","follow":"follow","max-snippet":"max-snippet:-1","max-image-preview":"max-image-preview:large","max-video-preview":"max-video-preview:-1"},"canonical":"https:\/\/www.maregolf.it\/de\/pool-area\/","og_locale":"de_DE","og_type":"article","og_title":"Pool und Terrassenbar | Hotel Maregolf","og_description":"Der Pool mit Hydromassaged\u00fcsen ist von einer gro\u00dfen Terrasse mit Sonnenschirmen und Liegen umgeben, die zum Entspannen in der Sonne einladen, w\u00e4hrend man die herrliche Aussicht auf den gr\u00fcnen Golfplatz Pr\u00e0 delle Torri genie\u00dft. Es gibt auch einen flachen Bereich mit Wasserspielen, der ideal f\u00fcr die Kleinen ist. Au\u00dferdem k\u00f6nnen Sie jeden Tag unter der [&hellip;]","og_url":"https:\/\/www.maregolf.it\/de\/pool-area\/","og_site_name":"Hotel Maregolf","article_publisher":"https:\/\/www.facebook.com\/hotelmaregolf\/","article_modified_time":"2026-02-25T14:07:23+00:00","twitter_misc":{"Gesch\u00e4tzte Lesezeit":"1\u00a0Minute"},"schema":{"@context":"https:\/\/schema.org","@graph":[{"@type":"WebPage","@id":"https:\/\/www.maregolf.it\/de\/pool-area\/","url":"https:\/\/www.maregolf.it\/de\/pool-area\/","name":"Pool und Terrassenbar | Hotel Maregolf","isPartOf":{"@id":"https:\/\/www.maregolf.it\/de\/#website"},"datePublished":"2023-02-23T16:01:08+00:00","dateModified":"2026-02-25T14:07:23+00:00","breadcrumb":{"@id":"https:\/\/www.maregolf.it\/de\/pool-area\/#breadcrumb"},"inLanguage":"de","potentialAction":[{"@type":"ReadAction","target":["https:\/\/www.maregolf.it\/de\/pool-area\/"]}]},{"@type":"BreadcrumbList","@id":"https:\/\/www.maregolf.it\/de\/pool-area\/#breadcrumb","itemListElement":[{"@type":"ListItem","position":1,"name":"Home","item":"https:\/\/www.maregolf.it\/de\/"},{"@type":"ListItem","position":2,"name":"Pool und Terrassenbar"}]},{"@type":"WebSite","@id":"https:\/\/www.maregolf.it\/de\/#website","url":"https:\/\/www.maregolf.it\/de\/","name":"Hotel Maregolf","description":"Hotel fronte mare con piscina a Caorle","publisher":{"@id":"https:\/\/www.maregolf.it\/de\/#organization"},"potentialAction":[{"@type":"SearchAction","target":{"@type":"EntryPoint","urlTemplate":"https:\/\/www.maregolf.it\/de\/?s={search_term_string}"},"query-input":{"@type":"PropertyValueSpecification","valueRequired":true,"valueName":"search_term_string"}}],"inLanguage":"de"},{"@type":"Organization","@id":"https:\/\/www.maregolf.it\/de\/#organization","name":"Hotel Maregolf","url":"https:\/\/www.maregolf.it\/de\/","logo":{"@type":"ImageObject","inLanguage":"de","@id":"https:\/\/www.maregolf.it\/de\/#\/schema\/logo\/image\/","url":"https:\/\/www.maregolf.it\/wp-content\/uploads\/2023\/04\/hotel-maregolf.svg","contentUrl":"https:\/\/www.maregolf.it\/wp-content\/uploads\/2023\/04\/hotel-maregolf.svg","width":1,"height":1,"caption":"Hotel Maregolf"},"image":{"@id":"https:\/\/www.maregolf.it\/de\/#\/schema\/logo\/image\/"},"sameAs":["https:\/\/www.facebook.com\/hotelmaregolf\/"]}]}},"_links":{"self":[{"href":"https:\/\/www.maregolf.it\/de\/wp-json\/wp\/v2\/pages\/2602","targetHints":{"allow":["GET"]}}],"collection":[{"href":"https:\/\/www.maregolf.it\/de\/wp-json\/wp\/v2\/pages"}],"about":[{"href":"https:\/\/www.maregolf.it\/de\/wp-json\/wp\/v2\/types\/page"}],"author":[{"embeddable":true,"href":"https:\/\/www.maregolf.it\/de\/wp-json\/wp\/v2\/users\/1"}],"replies":[{"embeddable":true,"href":"https:\/\/www.maregolf.it\/de\/wp-json\/wp\/v2\/comments?post=2602"}],"version-history":[{"count":8,"href":"https:\/\/www.maregolf.it\/de\/wp-json\/wp\/v2\/pages\/2602\/revisions"}],"predecessor-version":[{"id":3973,"href":"https:\/\/www.maregolf.it\/de\/wp-json\/wp\/v2\/pages\/2602\/revisions\/3973"}],"wp:attachment":[{"href":"https:\/\/www.maregolf.it\/de\/wp-json\/wp\/v2\/media?parent=2602"}],"curies":[{"name":"wp","href":"https:\/\/api.w.org\/{rel}","templated":true}]}}