{"id":2475,"date":"2023-02-23T16:55:39","date_gmt":"2023-02-23T15:55:39","guid":{"rendered":"https:\/\/www.maregolf.it\/camping-con-animazione\/"},"modified":"2024-03-22T15:19:37","modified_gmt":"2024-03-22T14:19:37","slug":"hotel-golf","status":"publish","type":"page","link":"https:\/\/www.maregolf.it\/de\/hotel-golf\/","title":{"rendered":"Golf Club"},"content":{"rendered":"\n<p>Vom Hotel Maregolf hat man einen sch\u00f6nen Ausblick auf die gr\u00fcne Fl\u00e4che des Golfclubs Pr\u00e0 delle Torri, einem herrlichen 18-Loch-Golfplatz mit 6.072 Metern L\u00e4nge und Par 72, der sich in der N\u00e4he des Hotels fast bis zum Strand von Caorle Lido Altanea erstreckt.<\/p>\n\n\n\n<p>Wir bieten unseren erwachsenen G\u00e4sten einen Rabatt von 40 % auf das Greenfee: Golfbegeisterte k\u00f6nnen also auch w\u00e4hrend ihres Urlaubs am Meer ihrer Leidenschaft fr\u00f6nen, w\u00e4hrend Anf\u00e4nger die M\u00f6glichkeit haben, diesen faszinierenden Sport kennen und lieben zu lernen.<\/p>\n\n\n\n<p>Wer das Clubhaus lieber zu Fu\u00df erreichen m\u00f6chte, kann den direkten Zugang des Hotels zum Platz nutzen. Folgen Sie einfach dem Radweg vor dem Hotelparkplatz. Der Badge zum \u00d6ffnen des elektronischen Eingangstors zum Platz kann an der Rezeption gegen Hinterlegung eine Pfandgeb\u00fchr abgeholt werden.<\/p>\n\n\n\n<div class=\"link-custom\" data-dsn-animate=\"up\">\n<a class=\"image-zoom bg-orange\" href=\"https:\/\/www.maregolf.it\/de\/c\/angebote-und-pakete\/\" data-dsn=\"parallax\">\n<span>Entdecken Sie unsere Angebote<\/span>\n<\/a>\n<\/div>\n","protected":false},"excerpt":{"rendered":"<p>Vom Hotel Maregolf hat man einen sch\u00f6nen Ausblick auf die gr\u00fcne Fl\u00e4che des Golfclubs Pr\u00e0 delle Torri, einem herrlichen 18-Loch-Golfplatz mit 6.072 Metern L\u00e4nge und Par 72, der sich in der N\u00e4he des Hotels fast bis zum Strand von Caorle Lido Altanea erstreckt. Wir bieten unseren erwachsenen G\u00e4sten einen Rabatt von 40 % auf das [&hellip;]<\/p>\n","protected":false},"author":1,"featured_media":0,"parent":0,"menu_order":18,"comment_status":"closed","ping_status":"closed","template":"","meta":{"_acf_changed":false,"footnotes":""},"class_list":["post-2475","page","type-page","status-publish","hentry"],"acf":[],"yoast_head":"<!-- This site is optimized with the Yoast SEO plugin v26.9 - https:\/\/yoast.com\/product\/yoast-seo-wordpress\/ -->\n<title>Golfplatz Caorle | Hotel Maregolf<\/title>\n<meta name=\"description\" content=\"4-Sterne-Hotel in Caorle Sonderangebote f\u00fcr Golfer, erm\u00e4\u00dfigte Preise auf das Greenfee des Pra&#039; delle Torri Golf Club.\" \/>\n<meta name=\"robots\" content=\"index, follow, max-snippet:-1, max-image-preview:large, max-video-preview:-1\" \/>\n<link rel=\"canonical\" href=\"https:\/\/www.maregolf.it\/de\/hotel-golf\/\" \/>\n<meta property=\"og:locale\" content=\"de_DE\" \/>\n<meta property=\"og:type\" content=\"article\" \/>\n<meta property=\"og:title\" content=\"Golfplatz Caorle | Hotel Maregolf\" \/>\n<meta property=\"og:description\" content=\"4-Sterne-Hotel in Caorle Sonderangebote f\u00fcr Golfer, erm\u00e4\u00dfigte Preise auf das Greenfee des Pra&#039; delle Torri Golf Club.\" \/>\n<meta property=\"og:url\" content=\"https:\/\/www.maregolf.it\/de\/hotel-golf\/\" \/>\n<meta property=\"og:site_name\" content=\"Hotel Maregolf\" \/>\n<meta property=\"article:publisher\" content=\"https:\/\/www.facebook.com\/hotelmaregolf\/\" \/>\n<meta property=\"article:modified_time\" content=\"2024-03-22T14:19:37+00:00\" \/>\n<meta name=\"twitter:label1\" content=\"Gesch\u00e4tzte Lesezeit\" \/>\n\t<meta name=\"twitter:data1\" content=\"1\u00a0Minute\" \/>\n<script type=\"application\/ld+json\" class=\"yoast-schema-graph\">{\"@context\":\"https:\/\/schema.org\",\"@graph\":[{\"@type\":\"WebPage\",\"@id\":\"https:\/\/www.maregolf.it\/de\/hotel-golf\/\",\"url\":\"https:\/\/www.maregolf.it\/de\/hotel-golf\/\",\"name\":\"Golfplatz Caorle | Hotel Maregolf\",\"isPartOf\":{\"@id\":\"https:\/\/www.maregolf.it\/de\/#website\"},\"datePublished\":\"2023-02-23T15:55:39+00:00\",\"dateModified\":\"2024-03-22T14:19:37+00:00\",\"description\":\"4-Sterne-Hotel in Caorle Sonderangebote f\u00fcr Golfer, erm\u00e4\u00dfigte Preise auf das Greenfee des Pra' delle Torri Golf Club.\",\"breadcrumb\":{\"@id\":\"https:\/\/www.maregolf.it\/de\/hotel-golf\/#breadcrumb\"},\"inLanguage\":\"de\",\"potentialAction\":[{\"@type\":\"ReadAction\",\"target\":[\"https:\/\/www.maregolf.it\/de\/hotel-golf\/\"]}]},{\"@type\":\"BreadcrumbList\",\"@id\":\"https:\/\/www.maregolf.it\/de\/hotel-golf\/#breadcrumb\",\"itemListElement\":[{\"@type\":\"ListItem\",\"position\":1,\"name\":\"Home\",\"item\":\"https:\/\/www.maregolf.it\/de\/\"},{\"@type\":\"ListItem\",\"position\":2,\"name\":\"Golf Club\"}]},{\"@type\":\"WebSite\",\"@id\":\"https:\/\/www.maregolf.it\/de\/#website\",\"url\":\"https:\/\/www.maregolf.it\/de\/\",\"name\":\"Hotel Maregolf\",\"description\":\"Hotel fronte mare con piscina a Caorle\",\"publisher\":{\"@id\":\"https:\/\/www.maregolf.it\/de\/#organization\"},\"potentialAction\":[{\"@type\":\"SearchAction\",\"target\":{\"@type\":\"EntryPoint\",\"urlTemplate\":\"https:\/\/www.maregolf.it\/de\/?s={search_term_string}\"},\"query-input\":{\"@type\":\"PropertyValueSpecification\",\"valueRequired\":true,\"valueName\":\"search_term_string\"}}],\"inLanguage\":\"de\"},{\"@type\":\"Organization\",\"@id\":\"https:\/\/www.maregolf.it\/de\/#organization\",\"name\":\"Hotel Maregolf\",\"url\":\"https:\/\/www.maregolf.it\/de\/\",\"logo\":{\"@type\":\"ImageObject\",\"inLanguage\":\"de\",\"@id\":\"https:\/\/www.maregolf.it\/de\/#\/schema\/logo\/image\/\",\"url\":\"https:\/\/www.maregolf.it\/wp-content\/uploads\/2023\/04\/hotel-maregolf.svg\",\"contentUrl\":\"https:\/\/www.maregolf.it\/wp-content\/uploads\/2023\/04\/hotel-maregolf.svg\",\"width\":1,\"height\":1,\"caption\":\"Hotel Maregolf\"},\"image\":{\"@id\":\"https:\/\/www.maregolf.it\/de\/#\/schema\/logo\/image\/\"},\"sameAs\":[\"https:\/\/www.facebook.com\/hotelmaregolf\/\"]}]}<\/script>\n<!-- \/ Yoast SEO plugin. -->","yoast_head_json":{"title":"Golfplatz Caorle | Hotel Maregolf","description":"4-Sterne-Hotel in Caorle Sonderangebote f\u00fcr Golfer, erm\u00e4\u00dfigte Preise auf das Greenfee des Pra' delle Torri Golf Club.","robots":{"index":"index","follow":"follow","max-snippet":"max-snippet:-1","max-image-preview":"max-image-preview:large","max-video-preview":"max-video-preview:-1"},"canonical":"https:\/\/www.maregolf.it\/de\/hotel-golf\/","og_locale":"de_DE","og_type":"article","og_title":"Golfplatz Caorle | Hotel Maregolf","og_description":"4-Sterne-Hotel in Caorle Sonderangebote f\u00fcr Golfer, erm\u00e4\u00dfigte Preise auf das Greenfee des Pra' delle Torri Golf Club.","og_url":"https:\/\/www.maregolf.it\/de\/hotel-golf\/","og_site_name":"Hotel Maregolf","article_publisher":"https:\/\/www.facebook.com\/hotelmaregolf\/","article_modified_time":"2024-03-22T14:19:37+00:00","twitter_misc":{"Gesch\u00e4tzte Lesezeit":"1\u00a0Minute"},"schema":{"@context":"https:\/\/schema.org","@graph":[{"@type":"WebPage","@id":"https:\/\/www.maregolf.it\/de\/hotel-golf\/","url":"https:\/\/www.maregolf.it\/de\/hotel-golf\/","name":"Golfplatz Caorle | Hotel Maregolf","isPartOf":{"@id":"https:\/\/www.maregolf.it\/de\/#website"},"datePublished":"2023-02-23T15:55:39+00:00","dateModified":"2024-03-22T14:19:37+00:00","description":"4-Sterne-Hotel in Caorle Sonderangebote f\u00fcr Golfer, erm\u00e4\u00dfigte Preise auf das Greenfee des Pra' delle Torri Golf Club.","breadcrumb":{"@id":"https:\/\/www.maregolf.it\/de\/hotel-golf\/#breadcrumb"},"inLanguage":"de","potentialAction":[{"@type":"ReadAction","target":["https:\/\/www.maregolf.it\/de\/hotel-golf\/"]}]},{"@type":"BreadcrumbList","@id":"https:\/\/www.maregolf.it\/de\/hotel-golf\/#breadcrumb","itemListElement":[{"@type":"ListItem","position":1,"name":"Home","item":"https:\/\/www.maregolf.it\/de\/"},{"@type":"ListItem","position":2,"name":"Golf Club"}]},{"@type":"WebSite","@id":"https:\/\/www.maregolf.it\/de\/#website","url":"https:\/\/www.maregolf.it\/de\/","name":"Hotel Maregolf","description":"Hotel fronte mare con piscina a Caorle","publisher":{"@id":"https:\/\/www.maregolf.it\/de\/#organization"},"potentialAction":[{"@type":"SearchAction","target":{"@type":"EntryPoint","urlTemplate":"https:\/\/www.maregolf.it\/de\/?s={search_term_string}"},"query-input":{"@type":"PropertyValueSpecification","valueRequired":true,"valueName":"search_term_string"}}],"inLanguage":"de"},{"@type":"Organization","@id":"https:\/\/www.maregolf.it\/de\/#organization","name":"Hotel Maregolf","url":"https:\/\/www.maregolf.it\/de\/","logo":{"@type":"ImageObject","inLanguage":"de","@id":"https:\/\/www.maregolf.it\/de\/#\/schema\/logo\/image\/","url":"https:\/\/www.maregolf.it\/wp-content\/uploads\/2023\/04\/hotel-maregolf.svg","contentUrl":"https:\/\/www.maregolf.it\/wp-content\/uploads\/2023\/04\/hotel-maregolf.svg","width":1,"height":1,"caption":"Hotel Maregolf"},"image":{"@id":"https:\/\/www.maregolf.it\/de\/#\/schema\/logo\/image\/"},"sameAs":["https:\/\/www.facebook.com\/hotelmaregolf\/"]}]}},"_links":{"self":[{"href":"https:\/\/www.maregolf.it\/de\/wp-json\/wp\/v2\/pages\/2475","targetHints":{"allow":["GET"]}}],"collection":[{"href":"https:\/\/www.maregolf.it\/de\/wp-json\/wp\/v2\/pages"}],"about":[{"href":"https:\/\/www.maregolf.it\/de\/wp-json\/wp\/v2\/types\/page"}],"author":[{"embeddable":true,"href":"https:\/\/www.maregolf.it\/de\/wp-json\/wp\/v2\/users\/1"}],"replies":[{"embeddable":true,"href":"https:\/\/www.maregolf.it\/de\/wp-json\/wp\/v2\/comments?post=2475"}],"version-history":[{"count":8,"href":"https:\/\/www.maregolf.it\/de\/wp-json\/wp\/v2\/pages\/2475\/revisions"}],"predecessor-version":[{"id":3327,"href":"https:\/\/www.maregolf.it\/de\/wp-json\/wp\/v2\/pages\/2475\/revisions\/3327"}],"wp:attachment":[{"href":"https:\/\/www.maregolf.it\/de\/wp-json\/wp\/v2\/media?parent=2475"}],"curies":[{"name":"wp","href":"https:\/\/api.w.org\/{rel}","templated":true}]}}