{"id":2391,"date":"2023-03-06T18:06:09","date_gmt":"2023-03-06T17:06:09","guid":{"rendered":"https:\/\/www.maregolf.it\/hotel-fitness\/"},"modified":"2026-02-19T14:15:44","modified_gmt":"2026-02-19T13:15:44","slug":"fitnesshotel","status":"publish","type":"page","link":"https:\/\/www.maregolf.it\/de\/fitnesshotel\/","title":{"rendered":"Fitnessraum"},"content":{"rendered":"\n<p>Das Hotel Maregolf sorgt daf\u00fcr, dass Sie auch im Urlaub in Form bleiben und mit einem gesunden Workout neue Energie tanken k\u00f6nnen.<\/p>\n\n\n\n<p>Entspannung und Achtsamkeit sind nur m\u00f6glich, wenn wir uns selbst etwas Gutes tun \u2026 und wo w\u00e4re es einfacher als im Urlaub, diese gute Gewohnheit zu pflegen, wenn man die n\u00f6tige Zeit f\u00fcr sich hat.<\/p>\n\n\n\n<p>Unser Fitnessraum im 1. Stock ist mit einem elliptischen Fahrrad, einem Laufband, 2 Heimtrainern und einer Kraftstation f\u00fcr Cardio-Training und Muskelaufbau ausgestattet.<\/p>\n\n\n\n<h3 class=\"wp-block-heading\">\u00d6ffnungszeiten: t\u00e4glich von 8 bis 12 Uhr und 17 bis 21 Uhr<\/h3>\n\n\n\n<p><strong>3 wissenswerte Dinge:<\/strong><\/p>\n\n\n\n<ul class=\"wp-block-list list-fitness\">\n<li>Mindestalter f\u00fcr den Zutritt zum Fitnessraum: 18 Jahre<\/li>\n\n\n\n<li>Der Fitnessraum ist ausschlie\u00dflich den Hotelg\u00e4sten vorbehalten<\/li>\n\n\n\n<li>Der Zugang zum Fitnessraum ist nur f\u00fcr Panoramic Suite, Panoramic Zimmer und Ideal Zimmer kostenfrei. F\u00fcr weitere Informationen und Preise wenden Sie sich bitte an die Rezeption.<\/li>\n<\/ul>\n","protected":false},"excerpt":{"rendered":"<p>Das Hotel Maregolf sorgt daf\u00fcr, dass Sie auch im Urlaub in Form bleiben und mit einem gesunden Workout neue Energie tanken k\u00f6nnen. Entspannung und Achtsamkeit sind nur m\u00f6glich, wenn wir uns selbst etwas Gutes tun \u2026 und wo w\u00e4re es einfacher als im Urlaub, diese gute Gewohnheit zu pflegen, wenn man die n\u00f6tige Zeit f\u00fcr [&hellip;]<\/p>\n","protected":false},"author":1,"featured_media":0,"parent":0,"menu_order":20,"comment_status":"closed","ping_status":"closed","template":"","meta":{"_acf_changed":false,"footnotes":""},"class_list":["post-2391","page","type-page","status-publish","hentry"],"acf":[],"yoast_head":"<!-- This site is optimized with the Yoast SEO plugin v26.9 - https:\/\/yoast.com\/product\/yoast-seo-wordpress\/ -->\n<title>Fitnessraum | Hotel Maregolf<\/title>\n<meta name=\"robots\" content=\"index, follow, max-snippet:-1, max-image-preview:large, max-video-preview:-1\" \/>\n<link rel=\"canonical\" href=\"https:\/\/www.maregolf.it\/de\/fitnesshotel\/\" \/>\n<meta property=\"og:locale\" content=\"de_DE\" \/>\n<meta property=\"og:type\" content=\"article\" \/>\n<meta property=\"og:title\" content=\"Fitnessraum | Hotel Maregolf\" \/>\n<meta property=\"og:description\" content=\"Das Hotel Maregolf sorgt daf\u00fcr, dass Sie auch im Urlaub in Form bleiben und mit einem gesunden Workout neue Energie tanken k\u00f6nnen. Entspannung und Achtsamkeit sind nur m\u00f6glich, wenn wir uns selbst etwas Gutes tun \u2026 und wo w\u00e4re es einfacher als im Urlaub, diese gute Gewohnheit zu pflegen, wenn man die n\u00f6tige Zeit f\u00fcr [&hellip;]\" \/>\n<meta property=\"og:url\" content=\"https:\/\/www.maregolf.it\/de\/fitnesshotel\/\" \/>\n<meta property=\"og:site_name\" content=\"Hotel Maregolf\" \/>\n<meta property=\"article:publisher\" content=\"https:\/\/www.facebook.com\/hotelmaregolf\/\" \/>\n<meta property=\"article:modified_time\" content=\"2026-02-19T13:15:44+00:00\" \/>\n<meta name=\"twitter:label1\" content=\"Gesch\u00e4tzte Lesezeit\" \/>\n\t<meta name=\"twitter:data1\" content=\"1\u00a0Minute\" \/>\n<script type=\"application\/ld+json\" class=\"yoast-schema-graph\">{\"@context\":\"https:\/\/schema.org\",\"@graph\":[{\"@type\":\"WebPage\",\"@id\":\"https:\/\/www.maregolf.it\/de\/fitnesshotel\/\",\"url\":\"https:\/\/www.maregolf.it\/de\/fitnesshotel\/\",\"name\":\"Fitnessraum | Hotel Maregolf\",\"isPartOf\":{\"@id\":\"https:\/\/www.maregolf.it\/de\/#website\"},\"datePublished\":\"2023-03-06T17:06:09+00:00\",\"dateModified\":\"2026-02-19T13:15:44+00:00\",\"breadcrumb\":{\"@id\":\"https:\/\/www.maregolf.it\/de\/fitnesshotel\/#breadcrumb\"},\"inLanguage\":\"de\",\"potentialAction\":[{\"@type\":\"ReadAction\",\"target\":[\"https:\/\/www.maregolf.it\/de\/fitnesshotel\/\"]}]},{\"@type\":\"BreadcrumbList\",\"@id\":\"https:\/\/www.maregolf.it\/de\/fitnesshotel\/#breadcrumb\",\"itemListElement\":[{\"@type\":\"ListItem\",\"position\":1,\"name\":\"Home\",\"item\":\"https:\/\/www.maregolf.it\/de\/\"},{\"@type\":\"ListItem\",\"position\":2,\"name\":\"Fitnessraum\"}]},{\"@type\":\"WebSite\",\"@id\":\"https:\/\/www.maregolf.it\/de\/#website\",\"url\":\"https:\/\/www.maregolf.it\/de\/\",\"name\":\"Hotel Maregolf\",\"description\":\"Hotel fronte mare con piscina a Caorle\",\"publisher\":{\"@id\":\"https:\/\/www.maregolf.it\/de\/#organization\"},\"potentialAction\":[{\"@type\":\"SearchAction\",\"target\":{\"@type\":\"EntryPoint\",\"urlTemplate\":\"https:\/\/www.maregolf.it\/de\/?s={search_term_string}\"},\"query-input\":{\"@type\":\"PropertyValueSpecification\",\"valueRequired\":true,\"valueName\":\"search_term_string\"}}],\"inLanguage\":\"de\"},{\"@type\":\"Organization\",\"@id\":\"https:\/\/www.maregolf.it\/de\/#organization\",\"name\":\"Hotel Maregolf\",\"url\":\"https:\/\/www.maregolf.it\/de\/\",\"logo\":{\"@type\":\"ImageObject\",\"inLanguage\":\"de\",\"@id\":\"https:\/\/www.maregolf.it\/de\/#\/schema\/logo\/image\/\",\"url\":\"https:\/\/www.maregolf.it\/wp-content\/uploads\/2023\/04\/hotel-maregolf.svg\",\"contentUrl\":\"https:\/\/www.maregolf.it\/wp-content\/uploads\/2023\/04\/hotel-maregolf.svg\",\"width\":1,\"height\":1,\"caption\":\"Hotel Maregolf\"},\"image\":{\"@id\":\"https:\/\/www.maregolf.it\/de\/#\/schema\/logo\/image\/\"},\"sameAs\":[\"https:\/\/www.facebook.com\/hotelmaregolf\/\"]}]}<\/script>\n<!-- \/ Yoast SEO plugin. -->","yoast_head_json":{"title":"Fitnessraum | Hotel Maregolf","robots":{"index":"index","follow":"follow","max-snippet":"max-snippet:-1","max-image-preview":"max-image-preview:large","max-video-preview":"max-video-preview:-1"},"canonical":"https:\/\/www.maregolf.it\/de\/fitnesshotel\/","og_locale":"de_DE","og_type":"article","og_title":"Fitnessraum | Hotel Maregolf","og_description":"Das Hotel Maregolf sorgt daf\u00fcr, dass Sie auch im Urlaub in Form bleiben und mit einem gesunden Workout neue Energie tanken k\u00f6nnen. Entspannung und Achtsamkeit sind nur m\u00f6glich, wenn wir uns selbst etwas Gutes tun \u2026 und wo w\u00e4re es einfacher als im Urlaub, diese gute Gewohnheit zu pflegen, wenn man die n\u00f6tige Zeit f\u00fcr [&hellip;]","og_url":"https:\/\/www.maregolf.it\/de\/fitnesshotel\/","og_site_name":"Hotel Maregolf","article_publisher":"https:\/\/www.facebook.com\/hotelmaregolf\/","article_modified_time":"2026-02-19T13:15:44+00:00","twitter_misc":{"Gesch\u00e4tzte Lesezeit":"1\u00a0Minute"},"schema":{"@context":"https:\/\/schema.org","@graph":[{"@type":"WebPage","@id":"https:\/\/www.maregolf.it\/de\/fitnesshotel\/","url":"https:\/\/www.maregolf.it\/de\/fitnesshotel\/","name":"Fitnessraum | Hotel Maregolf","isPartOf":{"@id":"https:\/\/www.maregolf.it\/de\/#website"},"datePublished":"2023-03-06T17:06:09+00:00","dateModified":"2026-02-19T13:15:44+00:00","breadcrumb":{"@id":"https:\/\/www.maregolf.it\/de\/fitnesshotel\/#breadcrumb"},"inLanguage":"de","potentialAction":[{"@type":"ReadAction","target":["https:\/\/www.maregolf.it\/de\/fitnesshotel\/"]}]},{"@type":"BreadcrumbList","@id":"https:\/\/www.maregolf.it\/de\/fitnesshotel\/#breadcrumb","itemListElement":[{"@type":"ListItem","position":1,"name":"Home","item":"https:\/\/www.maregolf.it\/de\/"},{"@type":"ListItem","position":2,"name":"Fitnessraum"}]},{"@type":"WebSite","@id":"https:\/\/www.maregolf.it\/de\/#website","url":"https:\/\/www.maregolf.it\/de\/","name":"Hotel Maregolf","description":"Hotel fronte mare con piscina a Caorle","publisher":{"@id":"https:\/\/www.maregolf.it\/de\/#organization"},"potentialAction":[{"@type":"SearchAction","target":{"@type":"EntryPoint","urlTemplate":"https:\/\/www.maregolf.it\/de\/?s={search_term_string}"},"query-input":{"@type":"PropertyValueSpecification","valueRequired":true,"valueName":"search_term_string"}}],"inLanguage":"de"},{"@type":"Organization","@id":"https:\/\/www.maregolf.it\/de\/#organization","name":"Hotel Maregolf","url":"https:\/\/www.maregolf.it\/de\/","logo":{"@type":"ImageObject","inLanguage":"de","@id":"https:\/\/www.maregolf.it\/de\/#\/schema\/logo\/image\/","url":"https:\/\/www.maregolf.it\/wp-content\/uploads\/2023\/04\/hotel-maregolf.svg","contentUrl":"https:\/\/www.maregolf.it\/wp-content\/uploads\/2023\/04\/hotel-maregolf.svg","width":1,"height":1,"caption":"Hotel Maregolf"},"image":{"@id":"https:\/\/www.maregolf.it\/de\/#\/schema\/logo\/image\/"},"sameAs":["https:\/\/www.facebook.com\/hotelmaregolf\/"]}]}},"_links":{"self":[{"href":"https:\/\/www.maregolf.it\/de\/wp-json\/wp\/v2\/pages\/2391","targetHints":{"allow":["GET"]}}],"collection":[{"href":"https:\/\/www.maregolf.it\/de\/wp-json\/wp\/v2\/pages"}],"about":[{"href":"https:\/\/www.maregolf.it\/de\/wp-json\/wp\/v2\/types\/page"}],"author":[{"embeddable":true,"href":"https:\/\/www.maregolf.it\/de\/wp-json\/wp\/v2\/users\/1"}],"replies":[{"embeddable":true,"href":"https:\/\/www.maregolf.it\/de\/wp-json\/wp\/v2\/comments?post=2391"}],"version-history":[{"count":9,"href":"https:\/\/www.maregolf.it\/de\/wp-json\/wp\/v2\/pages\/2391\/revisions"}],"predecessor-version":[{"id":3930,"href":"https:\/\/www.maregolf.it\/de\/wp-json\/wp\/v2\/pages\/2391\/revisions\/3930"}],"wp:attachment":[{"href":"https:\/\/www.maregolf.it\/de\/wp-json\/wp\/v2\/media?parent=2391"}],"curies":[{"name":"wp","href":"https:\/\/api.w.org\/{rel}","templated":true}]}}