{"id":2360,"date":"2023-02-23T16:56:39","date_gmt":"2023-02-23T15:56:39","guid":{"rendered":"https:\/\/www.maregolf.it\/camping-sulla-spiaggia\/"},"modified":"2025-08-22T12:27:55","modified_gmt":"2025-08-22T10:27:55","slug":"hotel-in-strandnahe","status":"publish","type":"page","link":"https:\/\/www.maregolf.it\/de\/hotel-in-strandnahe\/","title":{"rendered":"Der Strand"},"content":{"rendered":"\n<p>Der Strand von Lido Altanea ist wirklich ideal f\u00fcr Familien mit Kindern, denn sein Sandboden f\u00e4llt sanft ins Meer ab, so dass die Kinder unter den wachsamen Augen der Bademeister in v\u00f6lliger Sicherheit mit Muscheln und Eimerchen spielen k\u00f6nnen. F\u00fcr die gr\u00f6\u00dferen G\u00e4ste hat das Animationsteam der Gruppe Lampo hingegen einen Bereich am Strand eingerichtet, wo sie jeden Tag an Fitness- und Yogakursen, Gruppent\u00e4nzen und Spielen teilnehmen und sich fit halten k\u00f6nnen.<\/p>\n\n\n\n<p>Am Strand gibt es Toiletten, Umkleidekabinen und Duschen, die selbst dann keinen Komfort vermissen lassen, wenn man den ganzen Tag am Strand verbringt.<\/p>\n\n\n\n<p><\/p>\n","protected":false},"excerpt":{"rendered":"<p>Der Strand von Lido Altanea ist wirklich ideal f\u00fcr Familien mit Kindern, denn sein Sandboden f\u00e4llt sanft ins Meer ab, so dass die Kinder unter den wachsamen Augen der Bademeister in v\u00f6lliger Sicherheit mit Muscheln und Eimerchen spielen k\u00f6nnen. F\u00fcr die gr\u00f6\u00dferen G\u00e4ste hat das Animationsteam der Gruppe Lampo hingegen einen Bereich am Strand eingerichtet, [&hellip;]<\/p>\n","protected":false},"author":1,"featured_media":0,"parent":0,"menu_order":19,"comment_status":"closed","ping_status":"closed","template":"","meta":{"_acf_changed":false,"footnotes":""},"class_list":["post-2360","page","type-page","status-publish","hentry"],"acf":[],"yoast_head":"<!-- This site is optimized with the Yoast SEO plugin v26.9 - https:\/\/yoast.com\/product\/yoast-seo-wordpress\/ -->\n<title>Hotel Maregolf Caorle \u2013 Nur 150 Meter vom Strand entfernt<\/title>\n<meta name=\"description\" content=\"Entdecken Sie das Maregolf in Caorle Lido Altanea: ein 4-Sterne-Hotel mit Pool, Strand, Unterhaltung, Fitness und Entspannung. Perfekt f\u00fcr Familien und mehr!\" \/>\n<meta name=\"robots\" content=\"index, follow, max-snippet:-1, max-image-preview:large, max-video-preview:-1\" \/>\n<link rel=\"canonical\" href=\"https:\/\/www.maregolf.it\/de\/hotel-in-strandnahe\/\" \/>\n<meta property=\"og:locale\" content=\"de_DE\" \/>\n<meta property=\"og:type\" content=\"article\" \/>\n<meta property=\"og:title\" content=\"Hotel Maregolf Caorle \u2013 Nur 150 Meter vom Strand entfernt\" \/>\n<meta property=\"og:description\" content=\"Entdecken Sie das Maregolf in Caorle Lido Altanea: ein 4-Sterne-Hotel mit Pool, Strand, Unterhaltung, Fitness und Entspannung. Perfekt f\u00fcr Familien und mehr!\" \/>\n<meta property=\"og:url\" content=\"https:\/\/www.maregolf.it\/de\/hotel-in-strandnahe\/\" \/>\n<meta property=\"og:site_name\" content=\"Hotel Maregolf\" \/>\n<meta property=\"article:publisher\" content=\"https:\/\/www.facebook.com\/hotelmaregolf\/\" \/>\n<meta property=\"article:modified_time\" content=\"2025-08-22T10:27:55+00:00\" \/>\n<meta name=\"twitter:label1\" content=\"Gesch\u00e4tzte Lesezeit\" \/>\n\t<meta name=\"twitter:data1\" content=\"1\u00a0Minute\" \/>\n<script type=\"application\/ld+json\" class=\"yoast-schema-graph\">{\"@context\":\"https:\/\/schema.org\",\"@graph\":[{\"@type\":\"WebPage\",\"@id\":\"https:\/\/www.maregolf.it\/de\/hotel-in-strandnahe\/\",\"url\":\"https:\/\/www.maregolf.it\/de\/hotel-in-strandnahe\/\",\"name\":\"Hotel Maregolf Caorle \u2013 Nur 150 Meter vom Strand entfernt\",\"isPartOf\":{\"@id\":\"https:\/\/www.maregolf.it\/de\/#website\"},\"datePublished\":\"2023-02-23T15:56:39+00:00\",\"dateModified\":\"2025-08-22T10:27:55+00:00\",\"description\":\"Entdecken Sie das Maregolf in Caorle Lido Altanea: ein 4-Sterne-Hotel mit Pool, Strand, Unterhaltung, Fitness und Entspannung. Perfekt f\u00fcr Familien und mehr!\",\"breadcrumb\":{\"@id\":\"https:\/\/www.maregolf.it\/de\/hotel-in-strandnahe\/#breadcrumb\"},\"inLanguage\":\"de\",\"potentialAction\":[{\"@type\":\"ReadAction\",\"target\":[\"https:\/\/www.maregolf.it\/de\/hotel-in-strandnahe\/\"]}]},{\"@type\":\"BreadcrumbList\",\"@id\":\"https:\/\/www.maregolf.it\/de\/hotel-in-strandnahe\/#breadcrumb\",\"itemListElement\":[{\"@type\":\"ListItem\",\"position\":1,\"name\":\"Home\",\"item\":\"https:\/\/www.maregolf.it\/de\/\"},{\"@type\":\"ListItem\",\"position\":2,\"name\":\"Der Strand\"}]},{\"@type\":\"WebSite\",\"@id\":\"https:\/\/www.maregolf.it\/de\/#website\",\"url\":\"https:\/\/www.maregolf.it\/de\/\",\"name\":\"Hotel Maregolf\",\"description\":\"Hotel fronte mare con piscina a Caorle\",\"publisher\":{\"@id\":\"https:\/\/www.maregolf.it\/de\/#organization\"},\"potentialAction\":[{\"@type\":\"SearchAction\",\"target\":{\"@type\":\"EntryPoint\",\"urlTemplate\":\"https:\/\/www.maregolf.it\/de\/?s={search_term_string}\"},\"query-input\":{\"@type\":\"PropertyValueSpecification\",\"valueRequired\":true,\"valueName\":\"search_term_string\"}}],\"inLanguage\":\"de\"},{\"@type\":\"Organization\",\"@id\":\"https:\/\/www.maregolf.it\/de\/#organization\",\"name\":\"Hotel Maregolf\",\"url\":\"https:\/\/www.maregolf.it\/de\/\",\"logo\":{\"@type\":\"ImageObject\",\"inLanguage\":\"de\",\"@id\":\"https:\/\/www.maregolf.it\/de\/#\/schema\/logo\/image\/\",\"url\":\"https:\/\/www.maregolf.it\/wp-content\/uploads\/2023\/04\/hotel-maregolf.svg\",\"contentUrl\":\"https:\/\/www.maregolf.it\/wp-content\/uploads\/2023\/04\/hotel-maregolf.svg\",\"width\":1,\"height\":1,\"caption\":\"Hotel Maregolf\"},\"image\":{\"@id\":\"https:\/\/www.maregolf.it\/de\/#\/schema\/logo\/image\/\"},\"sameAs\":[\"https:\/\/www.facebook.com\/hotelmaregolf\/\"]}]}<\/script>\n<!-- \/ Yoast SEO plugin. -->","yoast_head_json":{"title":"Hotel Maregolf Caorle \u2013 Nur 150 Meter vom Strand entfernt","description":"Entdecken Sie das Maregolf in Caorle Lido Altanea: ein 4-Sterne-Hotel mit Pool, Strand, Unterhaltung, Fitness und Entspannung. Perfekt f\u00fcr Familien und mehr!","robots":{"index":"index","follow":"follow","max-snippet":"max-snippet:-1","max-image-preview":"max-image-preview:large","max-video-preview":"max-video-preview:-1"},"canonical":"https:\/\/www.maregolf.it\/de\/hotel-in-strandnahe\/","og_locale":"de_DE","og_type":"article","og_title":"Hotel Maregolf Caorle \u2013 Nur 150 Meter vom Strand entfernt","og_description":"Entdecken Sie das Maregolf in Caorle Lido Altanea: ein 4-Sterne-Hotel mit Pool, Strand, Unterhaltung, Fitness und Entspannung. Perfekt f\u00fcr Familien und mehr!","og_url":"https:\/\/www.maregolf.it\/de\/hotel-in-strandnahe\/","og_site_name":"Hotel Maregolf","article_publisher":"https:\/\/www.facebook.com\/hotelmaregolf\/","article_modified_time":"2025-08-22T10:27:55+00:00","twitter_misc":{"Gesch\u00e4tzte Lesezeit":"1\u00a0Minute"},"schema":{"@context":"https:\/\/schema.org","@graph":[{"@type":"WebPage","@id":"https:\/\/www.maregolf.it\/de\/hotel-in-strandnahe\/","url":"https:\/\/www.maregolf.it\/de\/hotel-in-strandnahe\/","name":"Hotel Maregolf Caorle \u2013 Nur 150 Meter vom Strand entfernt","isPartOf":{"@id":"https:\/\/www.maregolf.it\/de\/#website"},"datePublished":"2023-02-23T15:56:39+00:00","dateModified":"2025-08-22T10:27:55+00:00","description":"Entdecken Sie das Maregolf in Caorle Lido Altanea: ein 4-Sterne-Hotel mit Pool, Strand, Unterhaltung, Fitness und Entspannung. Perfekt f\u00fcr Familien und mehr!","breadcrumb":{"@id":"https:\/\/www.maregolf.it\/de\/hotel-in-strandnahe\/#breadcrumb"},"inLanguage":"de","potentialAction":[{"@type":"ReadAction","target":["https:\/\/www.maregolf.it\/de\/hotel-in-strandnahe\/"]}]},{"@type":"BreadcrumbList","@id":"https:\/\/www.maregolf.it\/de\/hotel-in-strandnahe\/#breadcrumb","itemListElement":[{"@type":"ListItem","position":1,"name":"Home","item":"https:\/\/www.maregolf.it\/de\/"},{"@type":"ListItem","position":2,"name":"Der Strand"}]},{"@type":"WebSite","@id":"https:\/\/www.maregolf.it\/de\/#website","url":"https:\/\/www.maregolf.it\/de\/","name":"Hotel Maregolf","description":"Hotel fronte mare con piscina a Caorle","publisher":{"@id":"https:\/\/www.maregolf.it\/de\/#organization"},"potentialAction":[{"@type":"SearchAction","target":{"@type":"EntryPoint","urlTemplate":"https:\/\/www.maregolf.it\/de\/?s={search_term_string}"},"query-input":{"@type":"PropertyValueSpecification","valueRequired":true,"valueName":"search_term_string"}}],"inLanguage":"de"},{"@type":"Organization","@id":"https:\/\/www.maregolf.it\/de\/#organization","name":"Hotel Maregolf","url":"https:\/\/www.maregolf.it\/de\/","logo":{"@type":"ImageObject","inLanguage":"de","@id":"https:\/\/www.maregolf.it\/de\/#\/schema\/logo\/image\/","url":"https:\/\/www.maregolf.it\/wp-content\/uploads\/2023\/04\/hotel-maregolf.svg","contentUrl":"https:\/\/www.maregolf.it\/wp-content\/uploads\/2023\/04\/hotel-maregolf.svg","width":1,"height":1,"caption":"Hotel Maregolf"},"image":{"@id":"https:\/\/www.maregolf.it\/de\/#\/schema\/logo\/image\/"},"sameAs":["https:\/\/www.facebook.com\/hotelmaregolf\/"]}]}},"_links":{"self":[{"href":"https:\/\/www.maregolf.it\/de\/wp-json\/wp\/v2\/pages\/2360","targetHints":{"allow":["GET"]}}],"collection":[{"href":"https:\/\/www.maregolf.it\/de\/wp-json\/wp\/v2\/pages"}],"about":[{"href":"https:\/\/www.maregolf.it\/de\/wp-json\/wp\/v2\/types\/page"}],"author":[{"embeddable":true,"href":"https:\/\/www.maregolf.it\/de\/wp-json\/wp\/v2\/users\/1"}],"replies":[{"embeddable":true,"href":"https:\/\/www.maregolf.it\/de\/wp-json\/wp\/v2\/comments?post=2360"}],"version-history":[{"count":6,"href":"https:\/\/www.maregolf.it\/de\/wp-json\/wp\/v2\/pages\/2360\/revisions"}],"predecessor-version":[{"id":2875,"href":"https:\/\/www.maregolf.it\/de\/wp-json\/wp\/v2\/pages\/2360\/revisions\/2875"}],"wp:attachment":[{"href":"https:\/\/www.maregolf.it\/de\/wp-json\/wp\/v2\/media?parent=2360"}],"curies":[{"name":"wp","href":"https:\/\/api.w.org\/{rel}","templated":true}]}}