{"id":21,"date":"2023-02-17T12:24:51","date_gmt":"2023-02-17T11:24:51","guid":{"rendered":"https:\/\/www.maregolf.it\/glamping\/"},"modified":"2023-11-10T11:06:22","modified_gmt":"2023-11-10T10:06:22","slug":"uebernachtungen-in-caorle","status":"publish","type":"page","link":"https:\/\/www.maregolf.it\/de\/uebernachtungen-in-caorle\/","title":{"rendered":"Zimmer und Suiten"},"content":{"rendered":"\n<p>Unsere 100 Zimmer sind ger\u00e4umig, freundlich, gepflegt bis in die kleinsten Details und mit allem Komfort ausgestattet, um Ihnen einen wahrhaft unvergesslichen Aufenthalt zu bieten.<\/p>\n\n\n\n<p>Im Hotel Maregolf in Lido Altanea, Caorle, bieten wir verschidene Zimmerkategorien, die auf die Bed\u00fcrfnisse aller G\u00e4ste abgestimmt sind<\/p>\n\n\n\n<p class=\"has-white-color has-text-color\">&#8211;<\/p>\n\n\n\n<p>Auf Anfrage sind erh\u00e4ltlich:<\/p>\n\n\n\n<ul class=\"list-room wp-block-list\">\n<li>Doppelzimmer zur Einzelnutzung<\/li>\n\n\n\n<li>Zimmer mit Verbindungst\u00fcr<\/li>\n\n\n\n<li>Zimmer mit barrierefreiem Bad f\u00fcr Rollstuhlfahrer mit Haltegriffen und Handl\u00e4ufen, Duschkabine mit Faltt\u00fcr und ebenerdiger Wanne sowie Stuhl mit Armlehnen<\/li>\n<\/ul>\n","protected":false},"excerpt":{"rendered":"<p>Unsere 100 Zimmer sind ger\u00e4umig, freundlich, gepflegt bis in die kleinsten Details und mit allem Komfort ausgestattet, um Ihnen einen wahrhaft unvergesslichen Aufenthalt zu bieten. Im Hotel Maregolf in Lido Altanea, Caorle, bieten wir verschidene Zimmerkategorien, die auf die Bed\u00fcrfnisse aller G\u00e4ste abgestimmt sind &#8211; Auf Anfrage sind erh\u00e4ltlich:<\/p>\n","protected":false},"author":1,"featured_media":1416,"parent":0,"menu_order":3,"comment_status":"closed","ping_status":"closed","template":"template-room-list.php","meta":{"_acf_changed":false,"footnotes":""},"class_list":["post-21","page","type-page","status-publish","has-post-thumbnail","hentry"],"acf":[],"yoast_head":"<!-- This site is optimized with the Yoast SEO plugin v26.9 - https:\/\/yoast.com\/product\/yoast-seo-wordpress\/ -->\n<title>Zimmer und Suiten | Hotel Maregolf<\/title>\n<meta name=\"description\" content=\"Suchen Sie uebernachtungen in caorle? Finden Sie heraus, Maregolf Hotel und die uebernachtungen in Caorle\" \/>\n<meta name=\"robots\" content=\"index, follow, max-snippet:-1, max-image-preview:large, max-video-preview:-1\" \/>\n<link rel=\"canonical\" href=\"https:\/\/www.maregolf.it\/de\/uebernachtungen-in-caorle\/\" \/>\n<meta property=\"og:locale\" content=\"de_DE\" \/>\n<meta property=\"og:type\" content=\"article\" \/>\n<meta property=\"og:title\" content=\"Zimmer und Suiten | Hotel Maregolf\" \/>\n<meta property=\"og:description\" content=\"Suchen Sie uebernachtungen in caorle? Finden Sie heraus, Maregolf Hotel und die uebernachtungen in Caorle\" \/>\n<meta property=\"og:url\" content=\"https:\/\/www.maregolf.it\/de\/uebernachtungen-in-caorle\/\" \/>\n<meta property=\"og:site_name\" content=\"Hotel Maregolf\" \/>\n<meta property=\"article:publisher\" content=\"https:\/\/www.facebook.com\/hotelmaregolf\/\" \/>\n<meta property=\"article:modified_time\" content=\"2023-11-10T10:06:22+00:00\" \/>\n<meta property=\"og:image\" content=\"https:\/\/www.maregolf.it\/wp-content\/uploads\/2023\/05\/Hotel-Maregolf-junior_suite_standard-11.webp\" \/>\n\t<meta property=\"og:image:width\" content=\"1900\" \/>\n\t<meta property=\"og:image:height\" content=\"1280\" \/>\n\t<meta property=\"og:image:type\" content=\"image\/webp\" \/>\n<meta name=\"twitter:label1\" content=\"Gesch\u00e4tzte Lesezeit\" \/>\n\t<meta name=\"twitter:data1\" content=\"1\u00a0Minute\" \/>\n<script type=\"application\/ld+json\" class=\"yoast-schema-graph\">{\"@context\":\"https:\/\/schema.org\",\"@graph\":[{\"@type\":\"WebPage\",\"@id\":\"https:\/\/www.maregolf.it\/de\/uebernachtungen-in-caorle\/\",\"url\":\"https:\/\/www.maregolf.it\/de\/uebernachtungen-in-caorle\/\",\"name\":\"Zimmer und Suiten | Hotel Maregolf\",\"isPartOf\":{\"@id\":\"https:\/\/www.maregolf.it\/de\/#website\"},\"primaryImageOfPage\":{\"@id\":\"https:\/\/www.maregolf.it\/de\/uebernachtungen-in-caorle\/#primaryimage\"},\"image\":{\"@id\":\"https:\/\/www.maregolf.it\/de\/uebernachtungen-in-caorle\/#primaryimage\"},\"thumbnailUrl\":\"https:\/\/www.maregolf.it\/wp-content\/uploads\/2023\/05\/Hotel-Maregolf-junior_suite_standard-11.webp\",\"datePublished\":\"2023-02-17T11:24:51+00:00\",\"dateModified\":\"2023-11-10T10:06:22+00:00\",\"description\":\"Suchen Sie uebernachtungen in caorle? Finden Sie heraus, Maregolf Hotel und die uebernachtungen in Caorle\",\"breadcrumb\":{\"@id\":\"https:\/\/www.maregolf.it\/de\/uebernachtungen-in-caorle\/#breadcrumb\"},\"inLanguage\":\"de\",\"potentialAction\":[{\"@type\":\"ReadAction\",\"target\":[\"https:\/\/www.maregolf.it\/de\/uebernachtungen-in-caorle\/\"]}]},{\"@type\":\"ImageObject\",\"inLanguage\":\"de\",\"@id\":\"https:\/\/www.maregolf.it\/de\/uebernachtungen-in-caorle\/#primaryimage\",\"url\":\"https:\/\/www.maregolf.it\/wp-content\/uploads\/2023\/05\/Hotel-Maregolf-junior_suite_standard-11.webp\",\"contentUrl\":\"https:\/\/www.maregolf.it\/wp-content\/uploads\/2023\/05\/Hotel-Maregolf-junior_suite_standard-11.webp\",\"width\":1900,\"height\":1280},{\"@type\":\"BreadcrumbList\",\"@id\":\"https:\/\/www.maregolf.it\/de\/uebernachtungen-in-caorle\/#breadcrumb\",\"itemListElement\":[{\"@type\":\"ListItem\",\"position\":1,\"name\":\"Home\",\"item\":\"https:\/\/www.maregolf.it\/de\/\"},{\"@type\":\"ListItem\",\"position\":2,\"name\":\"Zimmer und Suiten\"}]},{\"@type\":\"WebSite\",\"@id\":\"https:\/\/www.maregolf.it\/de\/#website\",\"url\":\"https:\/\/www.maregolf.it\/de\/\",\"name\":\"Hotel Maregolf\",\"description\":\"Hotel fronte mare con piscina a Caorle\",\"publisher\":{\"@id\":\"https:\/\/www.maregolf.it\/de\/#organization\"},\"potentialAction\":[{\"@type\":\"SearchAction\",\"target\":{\"@type\":\"EntryPoint\",\"urlTemplate\":\"https:\/\/www.maregolf.it\/de\/?s={search_term_string}\"},\"query-input\":{\"@type\":\"PropertyValueSpecification\",\"valueRequired\":true,\"valueName\":\"search_term_string\"}}],\"inLanguage\":\"de\"},{\"@type\":\"Organization\",\"@id\":\"https:\/\/www.maregolf.it\/de\/#organization\",\"name\":\"Hotel Maregolf\",\"url\":\"https:\/\/www.maregolf.it\/de\/\",\"logo\":{\"@type\":\"ImageObject\",\"inLanguage\":\"de\",\"@id\":\"https:\/\/www.maregolf.it\/de\/#\/schema\/logo\/image\/\",\"url\":\"https:\/\/www.maregolf.it\/wp-content\/uploads\/2023\/04\/hotel-maregolf.svg\",\"contentUrl\":\"https:\/\/www.maregolf.it\/wp-content\/uploads\/2023\/04\/hotel-maregolf.svg\",\"width\":1,\"height\":1,\"caption\":\"Hotel Maregolf\"},\"image\":{\"@id\":\"https:\/\/www.maregolf.it\/de\/#\/schema\/logo\/image\/\"},\"sameAs\":[\"https:\/\/www.facebook.com\/hotelmaregolf\/\"]}]}<\/script>\n<!-- \/ Yoast SEO plugin. -->","yoast_head_json":{"title":"Zimmer und Suiten | Hotel Maregolf","description":"Suchen Sie uebernachtungen in caorle? Finden Sie heraus, Maregolf Hotel und die uebernachtungen in Caorle","robots":{"index":"index","follow":"follow","max-snippet":"max-snippet:-1","max-image-preview":"max-image-preview:large","max-video-preview":"max-video-preview:-1"},"canonical":"https:\/\/www.maregolf.it\/de\/uebernachtungen-in-caorle\/","og_locale":"de_DE","og_type":"article","og_title":"Zimmer und Suiten | Hotel Maregolf","og_description":"Suchen Sie uebernachtungen in caorle? Finden Sie heraus, Maregolf Hotel und die uebernachtungen in Caorle","og_url":"https:\/\/www.maregolf.it\/de\/uebernachtungen-in-caorle\/","og_site_name":"Hotel Maregolf","article_publisher":"https:\/\/www.facebook.com\/hotelmaregolf\/","article_modified_time":"2023-11-10T10:06:22+00:00","og_image":[{"width":1900,"height":1280,"url":"https:\/\/www.maregolf.it\/wp-content\/uploads\/2023\/05\/Hotel-Maregolf-junior_suite_standard-11.webp","type":"image\/webp"}],"twitter_misc":{"Gesch\u00e4tzte Lesezeit":"1\u00a0Minute"},"schema":{"@context":"https:\/\/schema.org","@graph":[{"@type":"WebPage","@id":"https:\/\/www.maregolf.it\/de\/uebernachtungen-in-caorle\/","url":"https:\/\/www.maregolf.it\/de\/uebernachtungen-in-caorle\/","name":"Zimmer und Suiten | Hotel Maregolf","isPartOf":{"@id":"https:\/\/www.maregolf.it\/de\/#website"},"primaryImageOfPage":{"@id":"https:\/\/www.maregolf.it\/de\/uebernachtungen-in-caorle\/#primaryimage"},"image":{"@id":"https:\/\/www.maregolf.it\/de\/uebernachtungen-in-caorle\/#primaryimage"},"thumbnailUrl":"https:\/\/www.maregolf.it\/wp-content\/uploads\/2023\/05\/Hotel-Maregolf-junior_suite_standard-11.webp","datePublished":"2023-02-17T11:24:51+00:00","dateModified":"2023-11-10T10:06:22+00:00","description":"Suchen Sie uebernachtungen in caorle? Finden Sie heraus, Maregolf Hotel und die uebernachtungen in Caorle","breadcrumb":{"@id":"https:\/\/www.maregolf.it\/de\/uebernachtungen-in-caorle\/#breadcrumb"},"inLanguage":"de","potentialAction":[{"@type":"ReadAction","target":["https:\/\/www.maregolf.it\/de\/uebernachtungen-in-caorle\/"]}]},{"@type":"ImageObject","inLanguage":"de","@id":"https:\/\/www.maregolf.it\/de\/uebernachtungen-in-caorle\/#primaryimage","url":"https:\/\/www.maregolf.it\/wp-content\/uploads\/2023\/05\/Hotel-Maregolf-junior_suite_standard-11.webp","contentUrl":"https:\/\/www.maregolf.it\/wp-content\/uploads\/2023\/05\/Hotel-Maregolf-junior_suite_standard-11.webp","width":1900,"height":1280},{"@type":"BreadcrumbList","@id":"https:\/\/www.maregolf.it\/de\/uebernachtungen-in-caorle\/#breadcrumb","itemListElement":[{"@type":"ListItem","position":1,"name":"Home","item":"https:\/\/www.maregolf.it\/de\/"},{"@type":"ListItem","position":2,"name":"Zimmer und Suiten"}]},{"@type":"WebSite","@id":"https:\/\/www.maregolf.it\/de\/#website","url":"https:\/\/www.maregolf.it\/de\/","name":"Hotel Maregolf","description":"Hotel fronte mare con piscina a Caorle","publisher":{"@id":"https:\/\/www.maregolf.it\/de\/#organization"},"potentialAction":[{"@type":"SearchAction","target":{"@type":"EntryPoint","urlTemplate":"https:\/\/www.maregolf.it\/de\/?s={search_term_string}"},"query-input":{"@type":"PropertyValueSpecification","valueRequired":true,"valueName":"search_term_string"}}],"inLanguage":"de"},{"@type":"Organization","@id":"https:\/\/www.maregolf.it\/de\/#organization","name":"Hotel Maregolf","url":"https:\/\/www.maregolf.it\/de\/","logo":{"@type":"ImageObject","inLanguage":"de","@id":"https:\/\/www.maregolf.it\/de\/#\/schema\/logo\/image\/","url":"https:\/\/www.maregolf.it\/wp-content\/uploads\/2023\/04\/hotel-maregolf.svg","contentUrl":"https:\/\/www.maregolf.it\/wp-content\/uploads\/2023\/04\/hotel-maregolf.svg","width":1,"height":1,"caption":"Hotel Maregolf"},"image":{"@id":"https:\/\/www.maregolf.it\/de\/#\/schema\/logo\/image\/"},"sameAs":["https:\/\/www.facebook.com\/hotelmaregolf\/"]}]}},"_links":{"self":[{"href":"https:\/\/www.maregolf.it\/de\/wp-json\/wp\/v2\/pages\/21","targetHints":{"allow":["GET"]}}],"collection":[{"href":"https:\/\/www.maregolf.it\/de\/wp-json\/wp\/v2\/pages"}],"about":[{"href":"https:\/\/www.maregolf.it\/de\/wp-json\/wp\/v2\/types\/page"}],"author":[{"embeddable":true,"href":"https:\/\/www.maregolf.it\/de\/wp-json\/wp\/v2\/users\/1"}],"replies":[{"embeddable":true,"href":"https:\/\/www.maregolf.it\/de\/wp-json\/wp\/v2\/comments?post=21"}],"version-history":[{"count":17,"href":"https:\/\/www.maregolf.it\/de\/wp-json\/wp\/v2\/pages\/21\/revisions"}],"predecessor-version":[{"id":3221,"href":"https:\/\/www.maregolf.it\/de\/wp-json\/wp\/v2\/pages\/21\/revisions\/3221"}],"wp:featuredmedia":[{"embeddable":true,"href":"https:\/\/www.maregolf.it\/de\/wp-json\/wp\/v2\/media\/1416"}],"wp:attachment":[{"href":"https:\/\/www.maregolf.it\/de\/wp-json\/wp\/v2\/media?parent=21"}],"curies":[{"name":"wp","href":"https:\/\/api.w.org\/{rel}","templated":true}]}}