{"id":2024,"date":"2023-02-23T17:02:48","date_gmt":"2023-02-23T16:02:48","guid":{"rendered":"https:\/\/www.maregolf.it\/esperienze-tt\/"},"modified":"2025-08-22T11:56:27","modified_gmt":"2025-08-22T09:56:27","slug":"esperienze-tt","status":"publish","type":"page","link":"https:\/\/www.maregolf.it\/de\/esperienze-tt\/","title":{"rendered":"Esperienze T&#038;T"},"content":{"rendered":"\n<p>Le migliori attivit\u00e0 per una vacanza ricca di nuove esperienze<\/p>\n\n\n\n<p>Escursioni, tour, eventi, parchi a tema, spettacoli, degustazioni, musei e tanto altro per arricchire il tuo soggiorno in Hotel Maregolf.<\/p>\n\n\n\n<p>Prenota le attivit\u00e0 che preferisci e acquista direttamente i biglietti a prezzi vantaggiosi!<\/p>\n\n\n\n<h4 class=\"wp-block-heading\"><strong>ESCURSONI E PARCHI DIVERTIMENTO<\/strong><\/h4>\n\n\n\n<p class=\"mb-30\">La vicinanza di Altanea a localit\u00e0 importanti dal punto di vista culturale come Venezia, Verona e Treviso, rende possibili escursioni nell\u2019entroterra tra natura, storia, arte e tradizioni. Molte le opportunit\u00e0 di divertimento nei diversi parchi a tema dei dintorni, come i parchi acquatici Caribe Bay a Jesolo e Aquafollie a Caorle (per i quali in albergo \u00e8 anche disponibile la prevendita dei biglietti a prezzi scontati).<\/p>\n\n\n<p>[productsh area=9 limit=10 lang=it button=&#8220;Scopri di pi\u00f9&#8220; color=&#8220;#228695&#8243;]<\/p>\n","protected":false},"excerpt":{"rendered":"<p>Le migliori attivit\u00e0 per una vacanza ricca di nuove esperienze Escursioni, tour, eventi, parchi a tema, spettacoli, degustazioni, musei e tanto altro per arricchire il tuo soggiorno in Hotel Maregolf. Prenota le attivit\u00e0 che preferisci e acquista direttamente i biglietti a prezzi vantaggiosi! ESCURSONI E PARCHI DIVERTIMENTO La vicinanza di Altanea a localit\u00e0 importanti dal [&hellip;]<\/p>\n","protected":false},"author":1,"featured_media":0,"parent":0,"menu_order":10,"comment_status":"closed","ping_status":"closed","template":"","meta":{"_acf_changed":false,"footnotes":""},"class_list":["post-2024","page","type-page","status-publish","hentry"],"acf":[],"yoast_head":"<!-- This site is optimized with the Yoast SEO plugin v26.9 - https:\/\/yoast.com\/product\/yoast-seo-wordpress\/ -->\n<title>Die besten Aktivit\u00e4ten f\u00fcr einen Urlaub in Caorle Lido Altanea<\/title>\n<meta name=\"robots\" content=\"index, follow, max-snippet:-1, max-image-preview:large, max-video-preview:-1\" \/>\n<link rel=\"canonical\" href=\"https:\/\/www.maregolf.it\/de\/esperienze-tt\/\" \/>\n<meta property=\"og:locale\" content=\"de_DE\" \/>\n<meta property=\"og:type\" content=\"article\" \/>\n<meta property=\"og:title\" content=\"Die besten Aktivit\u00e4ten f\u00fcr einen Urlaub in Caorle Lido Altanea\" \/>\n<meta property=\"og:description\" content=\"Le migliori attivit\u00e0 per una vacanza ricca di nuove esperienze Escursioni, tour, eventi, parchi a tema, spettacoli, degustazioni, musei e tanto altro per arricchire il tuo soggiorno in Hotel Maregolf. Prenota le attivit\u00e0 che preferisci e acquista direttamente i biglietti a prezzi vantaggiosi! ESCURSONI E PARCHI DIVERTIMENTO La vicinanza di Altanea a localit\u00e0 importanti dal [&hellip;]\" \/>\n<meta property=\"og:url\" content=\"https:\/\/www.maregolf.it\/de\/esperienze-tt\/\" \/>\n<meta property=\"og:site_name\" content=\"Hotel Maregolf\" \/>\n<meta property=\"article:publisher\" content=\"https:\/\/www.facebook.com\/hotelmaregolf\/\" \/>\n<meta property=\"article:modified_time\" content=\"2025-08-22T09:56:27+00:00\" \/>\n<meta name=\"twitter:label1\" content=\"Gesch\u00e4tzte Lesezeit\" \/>\n\t<meta name=\"twitter:data1\" content=\"1\u00a0Minute\" \/>\n<script type=\"application\/ld+json\" class=\"yoast-schema-graph\">{\"@context\":\"https:\/\/schema.org\",\"@graph\":[{\"@type\":\"WebPage\",\"@id\":\"https:\/\/www.maregolf.it\/de\/esperienze-tt\/\",\"url\":\"https:\/\/www.maregolf.it\/de\/esperienze-tt\/\",\"name\":\"Die besten Aktivit\u00e4ten f\u00fcr einen Urlaub in Caorle Lido Altanea\",\"isPartOf\":{\"@id\":\"https:\/\/www.maregolf.it\/de\/#website\"},\"datePublished\":\"2023-02-23T16:02:48+00:00\",\"dateModified\":\"2025-08-22T09:56:27+00:00\",\"breadcrumb\":{\"@id\":\"https:\/\/www.maregolf.it\/de\/esperienze-tt\/#breadcrumb\"},\"inLanguage\":\"de\",\"potentialAction\":[{\"@type\":\"ReadAction\",\"target\":[\"https:\/\/www.maregolf.it\/de\/esperienze-tt\/\"]}]},{\"@type\":\"BreadcrumbList\",\"@id\":\"https:\/\/www.maregolf.it\/de\/esperienze-tt\/#breadcrumb\",\"itemListElement\":[{\"@type\":\"ListItem\",\"position\":1,\"name\":\"Home\",\"item\":\"https:\/\/www.maregolf.it\/de\/\"},{\"@type\":\"ListItem\",\"position\":2,\"name\":\"Esperienze T&#038;T\"}]},{\"@type\":\"WebSite\",\"@id\":\"https:\/\/www.maregolf.it\/de\/#website\",\"url\":\"https:\/\/www.maregolf.it\/de\/\",\"name\":\"Hotel Maregolf\",\"description\":\"Hotel fronte mare con piscina a Caorle\",\"publisher\":{\"@id\":\"https:\/\/www.maregolf.it\/de\/#organization\"},\"potentialAction\":[{\"@type\":\"SearchAction\",\"target\":{\"@type\":\"EntryPoint\",\"urlTemplate\":\"https:\/\/www.maregolf.it\/de\/?s={search_term_string}\"},\"query-input\":{\"@type\":\"PropertyValueSpecification\",\"valueRequired\":true,\"valueName\":\"search_term_string\"}}],\"inLanguage\":\"de\"},{\"@type\":\"Organization\",\"@id\":\"https:\/\/www.maregolf.it\/de\/#organization\",\"name\":\"Hotel Maregolf\",\"url\":\"https:\/\/www.maregolf.it\/de\/\",\"logo\":{\"@type\":\"ImageObject\",\"inLanguage\":\"de\",\"@id\":\"https:\/\/www.maregolf.it\/de\/#\/schema\/logo\/image\/\",\"url\":\"https:\/\/www.maregolf.it\/wp-content\/uploads\/2023\/04\/hotel-maregolf.svg\",\"contentUrl\":\"https:\/\/www.maregolf.it\/wp-content\/uploads\/2023\/04\/hotel-maregolf.svg\",\"width\":1,\"height\":1,\"caption\":\"Hotel Maregolf\"},\"image\":{\"@id\":\"https:\/\/www.maregolf.it\/de\/#\/schema\/logo\/image\/\"},\"sameAs\":[\"https:\/\/www.facebook.com\/hotelmaregolf\/\"]}]}<\/script>\n<!-- \/ Yoast SEO plugin. -->","yoast_head_json":{"title":"Die besten Aktivit\u00e4ten f\u00fcr einen Urlaub in Caorle Lido Altanea","robots":{"index":"index","follow":"follow","max-snippet":"max-snippet:-1","max-image-preview":"max-image-preview:large","max-video-preview":"max-video-preview:-1"},"canonical":"https:\/\/www.maregolf.it\/de\/esperienze-tt\/","og_locale":"de_DE","og_type":"article","og_title":"Die besten Aktivit\u00e4ten f\u00fcr einen Urlaub in Caorle Lido Altanea","og_description":"Le migliori attivit\u00e0 per una vacanza ricca di nuove esperienze Escursioni, tour, eventi, parchi a tema, spettacoli, degustazioni, musei e tanto altro per arricchire il tuo soggiorno in Hotel Maregolf. Prenota le attivit\u00e0 che preferisci e acquista direttamente i biglietti a prezzi vantaggiosi! ESCURSONI E PARCHI DIVERTIMENTO La vicinanza di Altanea a localit\u00e0 importanti dal [&hellip;]","og_url":"https:\/\/www.maregolf.it\/de\/esperienze-tt\/","og_site_name":"Hotel Maregolf","article_publisher":"https:\/\/www.facebook.com\/hotelmaregolf\/","article_modified_time":"2025-08-22T09:56:27+00:00","twitter_misc":{"Gesch\u00e4tzte Lesezeit":"1\u00a0Minute"},"schema":{"@context":"https:\/\/schema.org","@graph":[{"@type":"WebPage","@id":"https:\/\/www.maregolf.it\/de\/esperienze-tt\/","url":"https:\/\/www.maregolf.it\/de\/esperienze-tt\/","name":"Die besten Aktivit\u00e4ten f\u00fcr einen Urlaub in Caorle Lido Altanea","isPartOf":{"@id":"https:\/\/www.maregolf.it\/de\/#website"},"datePublished":"2023-02-23T16:02:48+00:00","dateModified":"2025-08-22T09:56:27+00:00","breadcrumb":{"@id":"https:\/\/www.maregolf.it\/de\/esperienze-tt\/#breadcrumb"},"inLanguage":"de","potentialAction":[{"@type":"ReadAction","target":["https:\/\/www.maregolf.it\/de\/esperienze-tt\/"]}]},{"@type":"BreadcrumbList","@id":"https:\/\/www.maregolf.it\/de\/esperienze-tt\/#breadcrumb","itemListElement":[{"@type":"ListItem","position":1,"name":"Home","item":"https:\/\/www.maregolf.it\/de\/"},{"@type":"ListItem","position":2,"name":"Esperienze T&#038;T"}]},{"@type":"WebSite","@id":"https:\/\/www.maregolf.it\/de\/#website","url":"https:\/\/www.maregolf.it\/de\/","name":"Hotel Maregolf","description":"Hotel fronte mare con piscina a Caorle","publisher":{"@id":"https:\/\/www.maregolf.it\/de\/#organization"},"potentialAction":[{"@type":"SearchAction","target":{"@type":"EntryPoint","urlTemplate":"https:\/\/www.maregolf.it\/de\/?s={search_term_string}"},"query-input":{"@type":"PropertyValueSpecification","valueRequired":true,"valueName":"search_term_string"}}],"inLanguage":"de"},{"@type":"Organization","@id":"https:\/\/www.maregolf.it\/de\/#organization","name":"Hotel Maregolf","url":"https:\/\/www.maregolf.it\/de\/","logo":{"@type":"ImageObject","inLanguage":"de","@id":"https:\/\/www.maregolf.it\/de\/#\/schema\/logo\/image\/","url":"https:\/\/www.maregolf.it\/wp-content\/uploads\/2023\/04\/hotel-maregolf.svg","contentUrl":"https:\/\/www.maregolf.it\/wp-content\/uploads\/2023\/04\/hotel-maregolf.svg","width":1,"height":1,"caption":"Hotel Maregolf"},"image":{"@id":"https:\/\/www.maregolf.it\/de\/#\/schema\/logo\/image\/"},"sameAs":["https:\/\/www.facebook.com\/hotelmaregolf\/"]}]}},"_links":{"self":[{"href":"https:\/\/www.maregolf.it\/de\/wp-json\/wp\/v2\/pages\/2024","targetHints":{"allow":["GET"]}}],"collection":[{"href":"https:\/\/www.maregolf.it\/de\/wp-json\/wp\/v2\/pages"}],"about":[{"href":"https:\/\/www.maregolf.it\/de\/wp-json\/wp\/v2\/types\/page"}],"author":[{"embeddable":true,"href":"https:\/\/www.maregolf.it\/de\/wp-json\/wp\/v2\/users\/1"}],"replies":[{"embeddable":true,"href":"https:\/\/www.maregolf.it\/de\/wp-json\/wp\/v2\/comments?post=2024"}],"version-history":[{"count":5,"href":"https:\/\/www.maregolf.it\/de\/wp-json\/wp\/v2\/pages\/2024\/revisions"}],"predecessor-version":[{"id":3825,"href":"https:\/\/www.maregolf.it\/de\/wp-json\/wp\/v2\/pages\/2024\/revisions\/3825"}],"wp:attachment":[{"href":"https:\/\/www.maregolf.it\/de\/wp-json\/wp\/v2\/media?parent=2024"}],"curies":[{"name":"wp","href":"https:\/\/api.w.org\/{rel}","templated":true}]}}