{"id":2004,"date":"2023-02-23T17:02:22","date_gmt":"2023-02-23T16:02:22","guid":{"rendered":"https:\/\/www.maregolf.it\/download\/"},"modified":"2026-01-19T11:54:20","modified_gmt":"2026-01-19T10:54:20","slug":"downloadbereich","status":"publish","type":"page","link":"https:\/\/www.maregolf.it\/de\/downloadbereich\/","title":{"rendered":"Herunterladen"},"content":{"rendered":"\n<p>Im entspannenden Hotel Maregolf in Caorle di Altanea wird es Ihnen nie langweilig! Viele Dienstleistungen f\u00fcr Ihr Wohlbefinden, Schwimmbad und Solarium f\u00fcr Jung und Alt, nur 150 Meter entfernter Strand f\u00fcr Meeresliebhaber und viele vom Animationsteam organisierte Aktivit\u00e4ten.<\/p>\n\n\n\n<h2 class=\"wp-block-heading fw400 ls1 mt-50\">Entdecken Sie den Downloadbereich<\/h2>\n","protected":false},"excerpt":{"rendered":"<p>Im entspannenden Hotel Maregolf in Caorle di Altanea wird es Ihnen nie langweilig! Viele Dienstleistungen f\u00fcr Ihr Wohlbefinden, Schwimmbad und Solarium f\u00fcr Jung und Alt, nur 150 Meter entfernter Strand f\u00fcr Meeresliebhaber und viele vom Animationsteam organisierte Aktivit\u00e4ten. Entdecken Sie den Downloadbereich<\/p>\n","protected":false},"author":1,"featured_media":0,"parent":0,"menu_order":9,"comment_status":"closed","ping_status":"closed","template":"template-download.php","meta":{"_acf_changed":false,"footnotes":""},"class_list":["post-2004","page","type-page","status-publish","hentry"],"acf":[],"yoast_head":"<!-- This site is optimized with the Yoast SEO plugin v26.9 - https:\/\/yoast.com\/product\/yoast-seo-wordpress\/ -->\n<title>Informationen und Downloads | Hotel Maregolf Caorle Lido Altanea<\/title>\n<meta name=\"robots\" content=\"index, follow, max-snippet:-1, max-image-preview:large, max-video-preview:-1\" \/>\n<link rel=\"canonical\" href=\"https:\/\/www.maregolf.it\/de\/downloadbereich\/\" \/>\n<meta property=\"og:locale\" content=\"de_DE\" \/>\n<meta property=\"og:type\" content=\"article\" \/>\n<meta property=\"og:title\" content=\"Informationen und Downloads | Hotel Maregolf Caorle Lido Altanea\" \/>\n<meta property=\"og:description\" content=\"Im entspannenden Hotel Maregolf in Caorle di Altanea wird es Ihnen nie langweilig! Viele Dienstleistungen f\u00fcr Ihr Wohlbefinden, Schwimmbad und Solarium f\u00fcr Jung und Alt, nur 150 Meter entfernter Strand f\u00fcr Meeresliebhaber und viele vom Animationsteam organisierte Aktivit\u00e4ten. Entdecken Sie den Downloadbereich\" \/>\n<meta property=\"og:url\" content=\"https:\/\/www.maregolf.it\/de\/downloadbereich\/\" \/>\n<meta property=\"og:site_name\" content=\"Hotel Maregolf\" \/>\n<meta property=\"article:publisher\" content=\"https:\/\/www.facebook.com\/hotelmaregolf\/\" \/>\n<meta property=\"article:modified_time\" content=\"2026-01-19T10:54:20+00:00\" \/>\n<meta name=\"twitter:label1\" content=\"Gesch\u00e4tzte Lesezeit\" \/>\n\t<meta name=\"twitter:data1\" content=\"1\u00a0Minute\" \/>\n<script type=\"application\/ld+json\" class=\"yoast-schema-graph\">{\"@context\":\"https:\/\/schema.org\",\"@graph\":[{\"@type\":\"WebPage\",\"@id\":\"https:\/\/www.maregolf.it\/de\/downloadbereich\/\",\"url\":\"https:\/\/www.maregolf.it\/de\/downloadbereich\/\",\"name\":\"Informationen und Downloads | Hotel Maregolf Caorle Lido Altanea\",\"isPartOf\":{\"@id\":\"https:\/\/www.maregolf.it\/de\/#website\"},\"datePublished\":\"2023-02-23T16:02:22+00:00\",\"dateModified\":\"2026-01-19T10:54:20+00:00\",\"breadcrumb\":{\"@id\":\"https:\/\/www.maregolf.it\/de\/downloadbereich\/#breadcrumb\"},\"inLanguage\":\"de\",\"potentialAction\":[{\"@type\":\"ReadAction\",\"target\":[\"https:\/\/www.maregolf.it\/de\/downloadbereich\/\"]}]},{\"@type\":\"BreadcrumbList\",\"@id\":\"https:\/\/www.maregolf.it\/de\/downloadbereich\/#breadcrumb\",\"itemListElement\":[{\"@type\":\"ListItem\",\"position\":1,\"name\":\"Home\",\"item\":\"https:\/\/www.maregolf.it\/de\/\"},{\"@type\":\"ListItem\",\"position\":2,\"name\":\"Herunterladen\"}]},{\"@type\":\"WebSite\",\"@id\":\"https:\/\/www.maregolf.it\/de\/#website\",\"url\":\"https:\/\/www.maregolf.it\/de\/\",\"name\":\"Hotel Maregolf\",\"description\":\"Hotel fronte mare con piscina a Caorle\",\"publisher\":{\"@id\":\"https:\/\/www.maregolf.it\/de\/#organization\"},\"potentialAction\":[{\"@type\":\"SearchAction\",\"target\":{\"@type\":\"EntryPoint\",\"urlTemplate\":\"https:\/\/www.maregolf.it\/de\/?s={search_term_string}\"},\"query-input\":{\"@type\":\"PropertyValueSpecification\",\"valueRequired\":true,\"valueName\":\"search_term_string\"}}],\"inLanguage\":\"de\"},{\"@type\":\"Organization\",\"@id\":\"https:\/\/www.maregolf.it\/de\/#organization\",\"name\":\"Hotel Maregolf\",\"url\":\"https:\/\/www.maregolf.it\/de\/\",\"logo\":{\"@type\":\"ImageObject\",\"inLanguage\":\"de\",\"@id\":\"https:\/\/www.maregolf.it\/de\/#\/schema\/logo\/image\/\",\"url\":\"https:\/\/www.maregolf.it\/wp-content\/uploads\/2023\/04\/hotel-maregolf.svg\",\"contentUrl\":\"https:\/\/www.maregolf.it\/wp-content\/uploads\/2023\/04\/hotel-maregolf.svg\",\"width\":1,\"height\":1,\"caption\":\"Hotel Maregolf\"},\"image\":{\"@id\":\"https:\/\/www.maregolf.it\/de\/#\/schema\/logo\/image\/\"},\"sameAs\":[\"https:\/\/www.facebook.com\/hotelmaregolf\/\"]}]}<\/script>\n<!-- \/ Yoast SEO plugin. -->","yoast_head_json":{"title":"Informationen und Downloads | Hotel Maregolf Caorle Lido Altanea","robots":{"index":"index","follow":"follow","max-snippet":"max-snippet:-1","max-image-preview":"max-image-preview:large","max-video-preview":"max-video-preview:-1"},"canonical":"https:\/\/www.maregolf.it\/de\/downloadbereich\/","og_locale":"de_DE","og_type":"article","og_title":"Informationen und Downloads | Hotel Maregolf Caorle Lido Altanea","og_description":"Im entspannenden Hotel Maregolf in Caorle di Altanea wird es Ihnen nie langweilig! Viele Dienstleistungen f\u00fcr Ihr Wohlbefinden, Schwimmbad und Solarium f\u00fcr Jung und Alt, nur 150 Meter entfernter Strand f\u00fcr Meeresliebhaber und viele vom Animationsteam organisierte Aktivit\u00e4ten. Entdecken Sie den Downloadbereich","og_url":"https:\/\/www.maregolf.it\/de\/downloadbereich\/","og_site_name":"Hotel Maregolf","article_publisher":"https:\/\/www.facebook.com\/hotelmaregolf\/","article_modified_time":"2026-01-19T10:54:20+00:00","twitter_misc":{"Gesch\u00e4tzte Lesezeit":"1\u00a0Minute"},"schema":{"@context":"https:\/\/schema.org","@graph":[{"@type":"WebPage","@id":"https:\/\/www.maregolf.it\/de\/downloadbereich\/","url":"https:\/\/www.maregolf.it\/de\/downloadbereich\/","name":"Informationen und Downloads | Hotel Maregolf Caorle Lido Altanea","isPartOf":{"@id":"https:\/\/www.maregolf.it\/de\/#website"},"datePublished":"2023-02-23T16:02:22+00:00","dateModified":"2026-01-19T10:54:20+00:00","breadcrumb":{"@id":"https:\/\/www.maregolf.it\/de\/downloadbereich\/#breadcrumb"},"inLanguage":"de","potentialAction":[{"@type":"ReadAction","target":["https:\/\/www.maregolf.it\/de\/downloadbereich\/"]}]},{"@type":"BreadcrumbList","@id":"https:\/\/www.maregolf.it\/de\/downloadbereich\/#breadcrumb","itemListElement":[{"@type":"ListItem","position":1,"name":"Home","item":"https:\/\/www.maregolf.it\/de\/"},{"@type":"ListItem","position":2,"name":"Herunterladen"}]},{"@type":"WebSite","@id":"https:\/\/www.maregolf.it\/de\/#website","url":"https:\/\/www.maregolf.it\/de\/","name":"Hotel Maregolf","description":"Hotel fronte mare con piscina a Caorle","publisher":{"@id":"https:\/\/www.maregolf.it\/de\/#organization"},"potentialAction":[{"@type":"SearchAction","target":{"@type":"EntryPoint","urlTemplate":"https:\/\/www.maregolf.it\/de\/?s={search_term_string}"},"query-input":{"@type":"PropertyValueSpecification","valueRequired":true,"valueName":"search_term_string"}}],"inLanguage":"de"},{"@type":"Organization","@id":"https:\/\/www.maregolf.it\/de\/#organization","name":"Hotel Maregolf","url":"https:\/\/www.maregolf.it\/de\/","logo":{"@type":"ImageObject","inLanguage":"de","@id":"https:\/\/www.maregolf.it\/de\/#\/schema\/logo\/image\/","url":"https:\/\/www.maregolf.it\/wp-content\/uploads\/2023\/04\/hotel-maregolf.svg","contentUrl":"https:\/\/www.maregolf.it\/wp-content\/uploads\/2023\/04\/hotel-maregolf.svg","width":1,"height":1,"caption":"Hotel Maregolf"},"image":{"@id":"https:\/\/www.maregolf.it\/de\/#\/schema\/logo\/image\/"},"sameAs":["https:\/\/www.facebook.com\/hotelmaregolf\/"]}]}},"_links":{"self":[{"href":"https:\/\/www.maregolf.it\/de\/wp-json\/wp\/v2\/pages\/2004","targetHints":{"allow":["GET"]}}],"collection":[{"href":"https:\/\/www.maregolf.it\/de\/wp-json\/wp\/v2\/pages"}],"about":[{"href":"https:\/\/www.maregolf.it\/de\/wp-json\/wp\/v2\/types\/page"}],"author":[{"embeddable":true,"href":"https:\/\/www.maregolf.it\/de\/wp-json\/wp\/v2\/users\/1"}],"replies":[{"embeddable":true,"href":"https:\/\/www.maregolf.it\/de\/wp-json\/wp\/v2\/comments?post=2004"}],"version-history":[{"count":17,"href":"https:\/\/www.maregolf.it\/de\/wp-json\/wp\/v2\/pages\/2004\/revisions"}],"predecessor-version":[{"id":3907,"href":"https:\/\/www.maregolf.it\/de\/wp-json\/wp\/v2\/pages\/2004\/revisions\/3907"}],"wp:attachment":[{"href":"https:\/\/www.maregolf.it\/de\/wp-json\/wp\/v2\/media?parent=2004"}],"curies":[{"name":"wp","href":"https:\/\/api.w.org\/{rel}","templated":true}]}}