{"id":1975,"date":"2023-02-23T17:04:04","date_gmt":"2023-02-23T16:04:04","guid":{"rendered":"https:\/\/www.maregolf.it\/dove-siamo\/"},"modified":"2026-02-19T14:20:18","modified_gmt":"2026-02-19T13:20:18","slug":"wo-wir-sind","status":"publish","type":"page","link":"https:\/\/www.maregolf.it\/de\/wo-wir-sind\/","title":{"rendered":"Wo Sind Wir"},"content":{"rendered":"\n<h2 class=\"wp-block-heading\">Wo Sind Wir Hotel Maregolf<\/h2>\n\n\n\n<h3 class=\"wp-block-heading\">MIT DEM AUTO:<\/h3>\n\n\n\n<p class=\"has-medium-font-size\"><strong>GPS-Koordinaten:<\/strong> Breitengrad 45.578083 N &#8211; L\u00e4ngengrad12.827758 E<\/p>\n\n\n\n<p>Die n\u00e4chstgelegenen Autobahnausfahrten sind:<\/p>\n\n\n\n<ul class=\"list-item wp-block-list\">\n<li>Ausfahrt San Don\u00e0\/Noventa di Piave (Autobahn A4 Venedig-Triest)<\/li>\n\n\n\n<li>Ausfahrt S. Stino di Livenza (Autobahn A4 Venedig-Triest)<\/li>\n<\/ul>\n\n\n\n<p>Dann den Schildern nach Caorle und Porto Santa Margherita folgen<\/p>\n\n\n\n<h3 class=\"wp-block-heading\">MIT DEM ZUG:<\/h3>\n\n\n\n<p>N\u00e4chstgelegene Bahnh\u00f6fe:<\/p>\n\n\n\n<ul class=\"list-item wp-block-list\">\n<li>Portogruaro\/Caorle (30 km bis zum Hotel)<\/li>\n\n\n\n<li>San Don\u00e0 di Piave\/Jesolo (28 km bis zum Hotel)<\/li>\n<\/ul>\n\n\n\n<p>Von den beiden Bahnh\u00f6fen k\u00f6nnen Sie mit einem Taxi oder Bus der Linie ATVO in unsere Ortschaft fahren.<\/p>\n\n\n\n<h3 class=\"wp-block-heading\">MIT DEM FLUGZEUG:<\/h3>\n\n\n\n<ul class=\"list-item wp-block-list\">\n<li>Flughafen Venedig \u201eMarco Polo\u201d VCE (48 km bis zum Hotel)<\/li>\n\n\n\n<li>Flughafen Treviso \u201eAntonio Canova\u2033 TSF (59 km bis zum Hotel)<\/li>\n\n\n\n<li>Flughafen Trieste \u201eRonchi dei Legionari\u2033 TRS (90 km bis zum Hotel)<\/li>\n<\/ul>\n\n\n\n<p>Das Hotel kann von jedem der 3 Flugh\u00e4fen bequem mit dem Taxi erreicht werden (bitte wenden Sie sich an die Rezeption, wenn Sie Hilfe brauchen).<\/p>\n\n\n\n<p>Au\u00dferdem verkehrt die Buslinie ATVO zwischen Caorle und den Flugh\u00e4fen Venedig und Treviso.<\/p>\n","protected":false},"excerpt":{"rendered":"<p>Wo Sind Wir Hotel Maregolf MIT DEM AUTO: GPS-Koordinaten: Breitengrad 45.578083 N &#8211; L\u00e4ngengrad12.827758 E Die n\u00e4chstgelegenen Autobahnausfahrten sind: Dann den Schildern nach Caorle und Porto Santa Margherita folgen MIT DEM ZUG: N\u00e4chstgelegene Bahnh\u00f6fe: Von den beiden Bahnh\u00f6fen k\u00f6nnen Sie mit einem Taxi oder Bus der Linie ATVO in unsere Ortschaft fahren. MIT DEM FLUGZEUG: [&hellip;]<\/p>\n","protected":false},"author":1,"featured_media":0,"parent":0,"menu_order":8,"comment_status":"closed","ping_status":"closed","template":"template-contact.php","meta":{"_acf_changed":false,"footnotes":""},"class_list":["post-1975","page","type-page","status-publish","hentry"],"acf":[],"yoast_head":"<!-- This site is optimized with the Yoast SEO plugin v26.9 - https:\/\/yoast.com\/product\/yoast-seo-wordpress\/ -->\n<title>Wo Sind Wir | Hotel Maregolf<\/title>\n<meta name=\"description\" content=\"WO SIND WIR HOTEL MAREGOLF: Per auto, flugzeug, zug und gps-koordinaten um zum maregolf hotel zu gelangen.\" \/>\n<meta name=\"robots\" content=\"index, follow, max-snippet:-1, max-image-preview:large, max-video-preview:-1\" \/>\n<link rel=\"canonical\" href=\"https:\/\/www.maregolf.it\/de\/wo-wir-sind\/\" \/>\n<meta property=\"og:locale\" content=\"de_DE\" \/>\n<meta property=\"og:type\" content=\"article\" \/>\n<meta property=\"og:title\" content=\"Wo Sind Wir | Hotel Maregolf\" \/>\n<meta property=\"og:description\" content=\"WO SIND WIR HOTEL MAREGOLF: Per auto, flugzeug, zug und gps-koordinaten um zum maregolf hotel zu gelangen.\" \/>\n<meta property=\"og:url\" content=\"https:\/\/www.maregolf.it\/de\/wo-wir-sind\/\" \/>\n<meta property=\"og:site_name\" content=\"Hotel Maregolf\" \/>\n<meta property=\"article:publisher\" content=\"https:\/\/www.facebook.com\/hotelmaregolf\/\" \/>\n<meta property=\"article:modified_time\" content=\"2026-02-19T13:20:18+00:00\" \/>\n<meta name=\"twitter:label1\" content=\"Gesch\u00e4tzte Lesezeit\" \/>\n\t<meta name=\"twitter:data1\" content=\"1\u00a0Minute\" \/>\n<script type=\"application\/ld+json\" class=\"yoast-schema-graph\">{\"@context\":\"https:\/\/schema.org\",\"@graph\":[{\"@type\":\"WebPage\",\"@id\":\"https:\/\/www.maregolf.it\/de\/wo-wir-sind\/\",\"url\":\"https:\/\/www.maregolf.it\/de\/wo-wir-sind\/\",\"name\":\"Wo Sind Wir | Hotel Maregolf\",\"isPartOf\":{\"@id\":\"https:\/\/www.maregolf.it\/de\/#website\"},\"datePublished\":\"2023-02-23T16:04:04+00:00\",\"dateModified\":\"2026-02-19T13:20:18+00:00\",\"description\":\"WO SIND WIR HOTEL MAREGOLF: Per auto, flugzeug, zug und gps-koordinaten um zum maregolf hotel zu gelangen.\",\"breadcrumb\":{\"@id\":\"https:\/\/www.maregolf.it\/de\/wo-wir-sind\/#breadcrumb\"},\"inLanguage\":\"de\",\"potentialAction\":[{\"@type\":\"ReadAction\",\"target\":[\"https:\/\/www.maregolf.it\/de\/wo-wir-sind\/\"]}]},{\"@type\":\"BreadcrumbList\",\"@id\":\"https:\/\/www.maregolf.it\/de\/wo-wir-sind\/#breadcrumb\",\"itemListElement\":[{\"@type\":\"ListItem\",\"position\":1,\"name\":\"Home\",\"item\":\"https:\/\/www.maregolf.it\/de\/\"},{\"@type\":\"ListItem\",\"position\":2,\"name\":\"Wo Sind Wir\"}]},{\"@type\":\"WebSite\",\"@id\":\"https:\/\/www.maregolf.it\/de\/#website\",\"url\":\"https:\/\/www.maregolf.it\/de\/\",\"name\":\"Hotel Maregolf\",\"description\":\"Hotel fronte mare con piscina a Caorle\",\"publisher\":{\"@id\":\"https:\/\/www.maregolf.it\/de\/#organization\"},\"potentialAction\":[{\"@type\":\"SearchAction\",\"target\":{\"@type\":\"EntryPoint\",\"urlTemplate\":\"https:\/\/www.maregolf.it\/de\/?s={search_term_string}\"},\"query-input\":{\"@type\":\"PropertyValueSpecification\",\"valueRequired\":true,\"valueName\":\"search_term_string\"}}],\"inLanguage\":\"de\"},{\"@type\":\"Organization\",\"@id\":\"https:\/\/www.maregolf.it\/de\/#organization\",\"name\":\"Hotel Maregolf\",\"url\":\"https:\/\/www.maregolf.it\/de\/\",\"logo\":{\"@type\":\"ImageObject\",\"inLanguage\":\"de\",\"@id\":\"https:\/\/www.maregolf.it\/de\/#\/schema\/logo\/image\/\",\"url\":\"https:\/\/www.maregolf.it\/wp-content\/uploads\/2023\/04\/hotel-maregolf.svg\",\"contentUrl\":\"https:\/\/www.maregolf.it\/wp-content\/uploads\/2023\/04\/hotel-maregolf.svg\",\"width\":1,\"height\":1,\"caption\":\"Hotel Maregolf\"},\"image\":{\"@id\":\"https:\/\/www.maregolf.it\/de\/#\/schema\/logo\/image\/\"},\"sameAs\":[\"https:\/\/www.facebook.com\/hotelmaregolf\/\"]}]}<\/script>\n<!-- \/ Yoast SEO plugin. -->","yoast_head_json":{"title":"Wo Sind Wir | Hotel Maregolf","description":"WO SIND WIR HOTEL MAREGOLF: Per auto, flugzeug, zug und gps-koordinaten um zum maregolf hotel zu gelangen.","robots":{"index":"index","follow":"follow","max-snippet":"max-snippet:-1","max-image-preview":"max-image-preview:large","max-video-preview":"max-video-preview:-1"},"canonical":"https:\/\/www.maregolf.it\/de\/wo-wir-sind\/","og_locale":"de_DE","og_type":"article","og_title":"Wo Sind Wir | Hotel Maregolf","og_description":"WO SIND WIR HOTEL MAREGOLF: Per auto, flugzeug, zug und gps-koordinaten um zum maregolf hotel zu gelangen.","og_url":"https:\/\/www.maregolf.it\/de\/wo-wir-sind\/","og_site_name":"Hotel Maregolf","article_publisher":"https:\/\/www.facebook.com\/hotelmaregolf\/","article_modified_time":"2026-02-19T13:20:18+00:00","twitter_misc":{"Gesch\u00e4tzte Lesezeit":"1\u00a0Minute"},"schema":{"@context":"https:\/\/schema.org","@graph":[{"@type":"WebPage","@id":"https:\/\/www.maregolf.it\/de\/wo-wir-sind\/","url":"https:\/\/www.maregolf.it\/de\/wo-wir-sind\/","name":"Wo Sind Wir | Hotel Maregolf","isPartOf":{"@id":"https:\/\/www.maregolf.it\/de\/#website"},"datePublished":"2023-02-23T16:04:04+00:00","dateModified":"2026-02-19T13:20:18+00:00","description":"WO SIND WIR HOTEL MAREGOLF: Per auto, flugzeug, zug und gps-koordinaten um zum maregolf hotel zu gelangen.","breadcrumb":{"@id":"https:\/\/www.maregolf.it\/de\/wo-wir-sind\/#breadcrumb"},"inLanguage":"de","potentialAction":[{"@type":"ReadAction","target":["https:\/\/www.maregolf.it\/de\/wo-wir-sind\/"]}]},{"@type":"BreadcrumbList","@id":"https:\/\/www.maregolf.it\/de\/wo-wir-sind\/#breadcrumb","itemListElement":[{"@type":"ListItem","position":1,"name":"Home","item":"https:\/\/www.maregolf.it\/de\/"},{"@type":"ListItem","position":2,"name":"Wo Sind Wir"}]},{"@type":"WebSite","@id":"https:\/\/www.maregolf.it\/de\/#website","url":"https:\/\/www.maregolf.it\/de\/","name":"Hotel Maregolf","description":"Hotel fronte mare con piscina a Caorle","publisher":{"@id":"https:\/\/www.maregolf.it\/de\/#organization"},"potentialAction":[{"@type":"SearchAction","target":{"@type":"EntryPoint","urlTemplate":"https:\/\/www.maregolf.it\/de\/?s={search_term_string}"},"query-input":{"@type":"PropertyValueSpecification","valueRequired":true,"valueName":"search_term_string"}}],"inLanguage":"de"},{"@type":"Organization","@id":"https:\/\/www.maregolf.it\/de\/#organization","name":"Hotel Maregolf","url":"https:\/\/www.maregolf.it\/de\/","logo":{"@type":"ImageObject","inLanguage":"de","@id":"https:\/\/www.maregolf.it\/de\/#\/schema\/logo\/image\/","url":"https:\/\/www.maregolf.it\/wp-content\/uploads\/2023\/04\/hotel-maregolf.svg","contentUrl":"https:\/\/www.maregolf.it\/wp-content\/uploads\/2023\/04\/hotel-maregolf.svg","width":1,"height":1,"caption":"Hotel Maregolf"},"image":{"@id":"https:\/\/www.maregolf.it\/de\/#\/schema\/logo\/image\/"},"sameAs":["https:\/\/www.facebook.com\/hotelmaregolf\/"]}]}},"_links":{"self":[{"href":"https:\/\/www.maregolf.it\/de\/wp-json\/wp\/v2\/pages\/1975","targetHints":{"allow":["GET"]}}],"collection":[{"href":"https:\/\/www.maregolf.it\/de\/wp-json\/wp\/v2\/pages"}],"about":[{"href":"https:\/\/www.maregolf.it\/de\/wp-json\/wp\/v2\/types\/page"}],"author":[{"embeddable":true,"href":"https:\/\/www.maregolf.it\/de\/wp-json\/wp\/v2\/users\/1"}],"replies":[{"embeddable":true,"href":"https:\/\/www.maregolf.it\/de\/wp-json\/wp\/v2\/comments?post=1975"}],"version-history":[{"count":12,"href":"https:\/\/www.maregolf.it\/de\/wp-json\/wp\/v2\/pages\/1975\/revisions"}],"predecessor-version":[{"id":3934,"href":"https:\/\/www.maregolf.it\/de\/wp-json\/wp\/v2\/pages\/1975\/revisions\/3934"}],"wp:attachment":[{"href":"https:\/\/www.maregolf.it\/de\/wp-json\/wp\/v2\/media?parent=1975"}],"curies":[{"name":"wp","href":"https:\/\/api.w.org\/{rel}","templated":true}]}}