{"id":1880,"date":"2023-03-31T12:51:01","date_gmt":"2023-03-31T10:51:01","guid":{"rendered":"https:\/\/www.maregolf.it\/area-parking\/"},"modified":"2025-05-27T17:45:54","modified_gmt":"2025-05-27T15:45:54","slug":"hotel-mit-parkplatz","status":"publish","type":"page","link":"https:\/\/www.maregolf.it\/de\/hotel-mit-parkplatz\/","title":{"rendered":"Parkplatz"},"content":{"rendered":"\n<p>Das Hotel Maregolf verf\u00fcgt \u00fcber einen kostenlosen, unbewachten Parkplatz im Freien und eine kostenpflichtige Tiefgarage (Geb\u00fchr ab 8,00 \u20ac pro Tag), die vor der Ankunft gebucht werden muss.<\/p>\n\n\n\n<p>Wenn Sie Ihr Fahrrad mitbringen, k\u00f6nnen Sie es auf dem Au\u00dfenparkplatz des Hotels Maregolf auf dem Fahrradst\u00e4nder oder in einem besonderen Bereich der Garage abstellen. (Wir empfehlen, die Fahrr\u00e4der immer abzuschlie\u00dfen). Wenn Sie Lido Altanea oder die benachbarten Ortschaften mit dem Rad besuchen m\u00f6chten, aber keines mitgebracht haben, k\u00f6nnen Sie sich im nahegelegenen Fahrradverleih eines zum Sonderpreis ausleihen. Im Hotel erhalten Sie weitere Informationen.<\/p>\n\n\n\n<p>Wir haben auch eine Ladestation f\u00fcr Elektroautos mit einer H\u00f6chstleistung von 22 kW, die von allen G\u00e4sten kostenlos genutzt werden kann.<\/p>\n\n\n\n<p>Um allen G\u00e4sten einen fairen und reibungslosen Zugang zu dieser Ressource zu gew\u00e4hrleisten, <strong>bitte r\u00e4umen Sie die Ladestation sp\u00e4testens 30 Minuten<\/strong> nach Abschluss des Ladevorgangs Ihres Fahrzeugs.<\/p>\n","protected":false},"excerpt":{"rendered":"<p>Das Hotel Maregolf verf\u00fcgt \u00fcber einen kostenlosen, unbewachten Parkplatz im Freien und eine kostenpflichtige Tiefgarage (Geb\u00fchr ab 8,00 \u20ac pro Tag), die vor der Ankunft gebucht werden muss. Wenn Sie Ihr Fahrrad mitbringen, k\u00f6nnen Sie es auf dem Au\u00dfenparkplatz des Hotels Maregolf auf dem Fahrradst\u00e4nder oder in einem besonderen Bereich der Garage abstellen. (Wir empfehlen, [&hellip;]<\/p>\n","protected":false},"author":1,"featured_media":0,"parent":0,"menu_order":1,"comment_status":"closed","ping_status":"closed","template":"","meta":{"_acf_changed":false,"footnotes":""},"class_list":["post-1880","page","type-page","status-publish","hentry"],"acf":[],"yoast_head":"<!-- This site is optimized with the Yoast SEO plugin v26.9 - https:\/\/yoast.com\/product\/yoast-seo-wordpress\/ -->\n<title>Parkplatz | Hotel Maregolf<\/title>\n<meta name=\"robots\" content=\"index, follow, max-snippet:-1, max-image-preview:large, max-video-preview:-1\" \/>\n<link rel=\"canonical\" href=\"https:\/\/www.maregolf.it\/de\/hotel-mit-parkplatz\/\" \/>\n<meta property=\"og:locale\" content=\"de_DE\" \/>\n<meta property=\"og:type\" content=\"article\" \/>\n<meta property=\"og:title\" content=\"Parkplatz | Hotel Maregolf\" \/>\n<meta property=\"og:description\" content=\"Das Hotel Maregolf verf\u00fcgt \u00fcber einen kostenlosen, unbewachten Parkplatz im Freien und eine kostenpflichtige Tiefgarage (Geb\u00fchr ab 8,00 \u20ac pro Tag), die vor der Ankunft gebucht werden muss. Wenn Sie Ihr Fahrrad mitbringen, k\u00f6nnen Sie es auf dem Au\u00dfenparkplatz des Hotels Maregolf auf dem Fahrradst\u00e4nder oder in einem besonderen Bereich der Garage abstellen. (Wir empfehlen, [&hellip;]\" \/>\n<meta property=\"og:url\" content=\"https:\/\/www.maregolf.it\/de\/hotel-mit-parkplatz\/\" \/>\n<meta property=\"og:site_name\" content=\"Hotel Maregolf\" \/>\n<meta property=\"article:publisher\" content=\"https:\/\/www.facebook.com\/hotelmaregolf\/\" \/>\n<meta property=\"article:modified_time\" content=\"2025-05-27T15:45:54+00:00\" \/>\n<meta name=\"twitter:label1\" content=\"Gesch\u00e4tzte Lesezeit\" \/>\n\t<meta name=\"twitter:data1\" content=\"1\u00a0Minute\" \/>\n<script type=\"application\/ld+json\" class=\"yoast-schema-graph\">{\"@context\":\"https:\/\/schema.org\",\"@graph\":[{\"@type\":\"WebPage\",\"@id\":\"https:\/\/www.maregolf.it\/de\/hotel-mit-parkplatz\/\",\"url\":\"https:\/\/www.maregolf.it\/de\/hotel-mit-parkplatz\/\",\"name\":\"Parkplatz | Hotel Maregolf\",\"isPartOf\":{\"@id\":\"https:\/\/www.maregolf.it\/de\/#website\"},\"datePublished\":\"2023-03-31T10:51:01+00:00\",\"dateModified\":\"2025-05-27T15:45:54+00:00\",\"breadcrumb\":{\"@id\":\"https:\/\/www.maregolf.it\/de\/hotel-mit-parkplatz\/#breadcrumb\"},\"inLanguage\":\"de\",\"potentialAction\":[{\"@type\":\"ReadAction\",\"target\":[\"https:\/\/www.maregolf.it\/de\/hotel-mit-parkplatz\/\"]}]},{\"@type\":\"BreadcrumbList\",\"@id\":\"https:\/\/www.maregolf.it\/de\/hotel-mit-parkplatz\/#breadcrumb\",\"itemListElement\":[{\"@type\":\"ListItem\",\"position\":1,\"name\":\"Home\",\"item\":\"https:\/\/www.maregolf.it\/de\/\"},{\"@type\":\"ListItem\",\"position\":2,\"name\":\"Parkplatz\"}]},{\"@type\":\"WebSite\",\"@id\":\"https:\/\/www.maregolf.it\/de\/#website\",\"url\":\"https:\/\/www.maregolf.it\/de\/\",\"name\":\"Hotel Maregolf\",\"description\":\"Hotel fronte mare con piscina a Caorle\",\"publisher\":{\"@id\":\"https:\/\/www.maregolf.it\/de\/#organization\"},\"potentialAction\":[{\"@type\":\"SearchAction\",\"target\":{\"@type\":\"EntryPoint\",\"urlTemplate\":\"https:\/\/www.maregolf.it\/de\/?s={search_term_string}\"},\"query-input\":{\"@type\":\"PropertyValueSpecification\",\"valueRequired\":true,\"valueName\":\"search_term_string\"}}],\"inLanguage\":\"de\"},{\"@type\":\"Organization\",\"@id\":\"https:\/\/www.maregolf.it\/de\/#organization\",\"name\":\"Hotel Maregolf\",\"url\":\"https:\/\/www.maregolf.it\/de\/\",\"logo\":{\"@type\":\"ImageObject\",\"inLanguage\":\"de\",\"@id\":\"https:\/\/www.maregolf.it\/de\/#\/schema\/logo\/image\/\",\"url\":\"https:\/\/www.maregolf.it\/wp-content\/uploads\/2023\/04\/hotel-maregolf.svg\",\"contentUrl\":\"https:\/\/www.maregolf.it\/wp-content\/uploads\/2023\/04\/hotel-maregolf.svg\",\"width\":1,\"height\":1,\"caption\":\"Hotel Maregolf\"},\"image\":{\"@id\":\"https:\/\/www.maregolf.it\/de\/#\/schema\/logo\/image\/\"},\"sameAs\":[\"https:\/\/www.facebook.com\/hotelmaregolf\/\"]}]}<\/script>\n<!-- \/ Yoast SEO plugin. -->","yoast_head_json":{"title":"Parkplatz | Hotel Maregolf","robots":{"index":"index","follow":"follow","max-snippet":"max-snippet:-1","max-image-preview":"max-image-preview:large","max-video-preview":"max-video-preview:-1"},"canonical":"https:\/\/www.maregolf.it\/de\/hotel-mit-parkplatz\/","og_locale":"de_DE","og_type":"article","og_title":"Parkplatz | Hotel Maregolf","og_description":"Das Hotel Maregolf verf\u00fcgt \u00fcber einen kostenlosen, unbewachten Parkplatz im Freien und eine kostenpflichtige Tiefgarage (Geb\u00fchr ab 8,00 \u20ac pro Tag), die vor der Ankunft gebucht werden muss. Wenn Sie Ihr Fahrrad mitbringen, k\u00f6nnen Sie es auf dem Au\u00dfenparkplatz des Hotels Maregolf auf dem Fahrradst\u00e4nder oder in einem besonderen Bereich der Garage abstellen. (Wir empfehlen, [&hellip;]","og_url":"https:\/\/www.maregolf.it\/de\/hotel-mit-parkplatz\/","og_site_name":"Hotel Maregolf","article_publisher":"https:\/\/www.facebook.com\/hotelmaregolf\/","article_modified_time":"2025-05-27T15:45:54+00:00","twitter_misc":{"Gesch\u00e4tzte Lesezeit":"1\u00a0Minute"},"schema":{"@context":"https:\/\/schema.org","@graph":[{"@type":"WebPage","@id":"https:\/\/www.maregolf.it\/de\/hotel-mit-parkplatz\/","url":"https:\/\/www.maregolf.it\/de\/hotel-mit-parkplatz\/","name":"Parkplatz | Hotel Maregolf","isPartOf":{"@id":"https:\/\/www.maregolf.it\/de\/#website"},"datePublished":"2023-03-31T10:51:01+00:00","dateModified":"2025-05-27T15:45:54+00:00","breadcrumb":{"@id":"https:\/\/www.maregolf.it\/de\/hotel-mit-parkplatz\/#breadcrumb"},"inLanguage":"de","potentialAction":[{"@type":"ReadAction","target":["https:\/\/www.maregolf.it\/de\/hotel-mit-parkplatz\/"]}]},{"@type":"BreadcrumbList","@id":"https:\/\/www.maregolf.it\/de\/hotel-mit-parkplatz\/#breadcrumb","itemListElement":[{"@type":"ListItem","position":1,"name":"Home","item":"https:\/\/www.maregolf.it\/de\/"},{"@type":"ListItem","position":2,"name":"Parkplatz"}]},{"@type":"WebSite","@id":"https:\/\/www.maregolf.it\/de\/#website","url":"https:\/\/www.maregolf.it\/de\/","name":"Hotel Maregolf","description":"Hotel fronte mare con piscina a Caorle","publisher":{"@id":"https:\/\/www.maregolf.it\/de\/#organization"},"potentialAction":[{"@type":"SearchAction","target":{"@type":"EntryPoint","urlTemplate":"https:\/\/www.maregolf.it\/de\/?s={search_term_string}"},"query-input":{"@type":"PropertyValueSpecification","valueRequired":true,"valueName":"search_term_string"}}],"inLanguage":"de"},{"@type":"Organization","@id":"https:\/\/www.maregolf.it\/de\/#organization","name":"Hotel Maregolf","url":"https:\/\/www.maregolf.it\/de\/","logo":{"@type":"ImageObject","inLanguage":"de","@id":"https:\/\/www.maregolf.it\/de\/#\/schema\/logo\/image\/","url":"https:\/\/www.maregolf.it\/wp-content\/uploads\/2023\/04\/hotel-maregolf.svg","contentUrl":"https:\/\/www.maregolf.it\/wp-content\/uploads\/2023\/04\/hotel-maregolf.svg","width":1,"height":1,"caption":"Hotel Maregolf"},"image":{"@id":"https:\/\/www.maregolf.it\/de\/#\/schema\/logo\/image\/"},"sameAs":["https:\/\/www.facebook.com\/hotelmaregolf\/"]}]}},"_links":{"self":[{"href":"https:\/\/www.maregolf.it\/de\/wp-json\/wp\/v2\/pages\/1880","targetHints":{"allow":["GET"]}}],"collection":[{"href":"https:\/\/www.maregolf.it\/de\/wp-json\/wp\/v2\/pages"}],"about":[{"href":"https:\/\/www.maregolf.it\/de\/wp-json\/wp\/v2\/types\/page"}],"author":[{"embeddable":true,"href":"https:\/\/www.maregolf.it\/de\/wp-json\/wp\/v2\/users\/1"}],"replies":[{"embeddable":true,"href":"https:\/\/www.maregolf.it\/de\/wp-json\/wp\/v2\/comments?post=1880"}],"version-history":[{"count":7,"href":"https:\/\/www.maregolf.it\/de\/wp-json\/wp\/v2\/pages\/1880\/revisions"}],"predecessor-version":[{"id":3800,"href":"https:\/\/www.maregolf.it\/de\/wp-json\/wp\/v2\/pages\/1880\/revisions\/3800"}],"wp:attachment":[{"href":"https:\/\/www.maregolf.it\/de\/wp-json\/wp\/v2\/media?parent=1880"}],"curies":[{"name":"wp","href":"https:\/\/api.w.org\/{rel}","templated":true}]}}