{"id":1807,"date":"2023-05-12T17:39:10","date_gmt":"2023-05-12T15:39:10","guid":{"rendered":"https:\/\/www.maregolf.it\/uebernachtungen-in-caorle\/panoramic-suite\/"},"modified":"2026-04-24T09:05:50","modified_gmt":"2026-04-24T07:05:50","slug":"panorama-suiten","status":"publish","type":"page","link":"https:\/\/www.maregolf.it\/de\/uebernachtungen-in-caorle\/panorama-suiten\/","title":{"rendered":"Suite Panoramic"},"content":{"rendered":"\n<p>Die Suite Panoramic im ersten oder zweiten Stock bietet ein Schlafzimmer, einen hellen, separaten Wohnbereich sowie eine ger\u00e4umige Terrasse mit Blick auf den Pool. Teppichboden. Geeignet f\u00fcr bis zu 5 G\u00e4ste.<\/p>\n\n\n\n<p>Die Suite Panoramic verf\u00fcgt \u00fcber ein Doppelbett, einen Schlafsessel (90 x 170 cm) und ein Schlafsofa (mit zwei Einzelbetten in der Gr\u00f6\u00dfe 90 x 170 cm) im Wohnbereich.<\/p>\n\n\n\n<p><strong>Zus\u00e4tzlicher Service:<\/strong><\/p>\n\n\n\n<ul class=\"list-room wp-block-list\">\n<li>Set mit Wasserkocher f\u00fcr die Teezubereitung<\/li>\n\n\n\n<li>Tasche mit Poolt\u00fcchern<\/li>\n\n\n\n<li>Kostenlose Nutzung des Fitnessstudios<\/li>\n<\/ul>\n","protected":false},"excerpt":{"rendered":"<p>Die Suite Panoramic im ersten oder zweiten Stock bietet ein Schlafzimmer, einen hellen, separaten Wohnbereich sowie eine ger\u00e4umige Terrasse mit Blick auf den Pool. Teppichboden. Geeignet f\u00fcr bis zu 5 G\u00e4ste. Die Suite Panoramic verf\u00fcgt \u00fcber ein Doppelbett, einen Schlafsessel (90 x 170 cm) und ein Schlafsofa (mit zwei Einzelbetten in der Gr\u00f6\u00dfe 90 x [&hellip;]<\/p>\n","protected":false},"author":1,"featured_media":3046,"parent":21,"menu_order":7,"comment_status":"closed","ping_status":"closed","template":"template-room-details.php","meta":{"_acf_changed":false,"footnotes":""},"class_list":["post-1807","page","type-page","status-publish","has-post-thumbnail","hentry"],"acf":[],"yoast_head":"<!-- This site is optimized with the Yoast SEO plugin v26.9 - https:\/\/yoast.com\/product\/yoast-seo-wordpress\/ -->\n<title>Suite Panoramic | Hotel Maregolf<\/title>\n<meta name=\"robots\" content=\"index, follow, max-snippet:-1, max-image-preview:large, max-video-preview:-1\" \/>\n<link rel=\"canonical\" href=\"https:\/\/www.maregolf.it\/de\/uebernachtungen-in-caorle\/panorama-suiten\/\" \/>\n<meta property=\"og:locale\" content=\"de_DE\" \/>\n<meta property=\"og:type\" content=\"article\" \/>\n<meta property=\"og:title\" content=\"Suite Panoramic | Hotel Maregolf\" \/>\n<meta property=\"og:description\" content=\"Die Suite Panoramic im ersten oder zweiten Stock bietet ein Schlafzimmer, einen hellen, separaten Wohnbereich sowie eine ger\u00e4umige Terrasse mit Blick auf den Pool. Teppichboden. Geeignet f\u00fcr bis zu 5 G\u00e4ste. Die Suite Panoramic verf\u00fcgt \u00fcber ein Doppelbett, einen Schlafsessel (90 x 170 cm) und ein Schlafsofa (mit zwei Einzelbetten in der Gr\u00f6\u00dfe 90 x [&hellip;]\" \/>\n<meta property=\"og:url\" content=\"https:\/\/www.maregolf.it\/de\/uebernachtungen-in-caorle\/panorama-suiten\/\" \/>\n<meta property=\"og:site_name\" content=\"Hotel Maregolf\" \/>\n<meta property=\"article:publisher\" content=\"https:\/\/www.facebook.com\/hotelmaregolf\/\" \/>\n<meta property=\"article:modified_time\" content=\"2026-04-24T07:05:50+00:00\" \/>\n<meta property=\"og:image\" content=\"https:\/\/www.maregolf.it\/wp-content\/uploads\/2023\/07\/Maregolf_suite_panoramic-3.webp\" \/>\n\t<meta property=\"og:image:width\" content=\"1920\" \/>\n\t<meta property=\"og:image:height\" content=\"1280\" \/>\n\t<meta property=\"og:image:type\" content=\"image\/webp\" \/>\n<meta name=\"twitter:label1\" content=\"Gesch\u00e4tzte Lesezeit\" \/>\n\t<meta name=\"twitter:data1\" content=\"1\u00a0Minute\" \/>\n<script type=\"application\/ld+json\" class=\"yoast-schema-graph\">{\"@context\":\"https:\/\/schema.org\",\"@graph\":[{\"@type\":\"WebPage\",\"@id\":\"https:\/\/www.maregolf.it\/de\/uebernachtungen-in-caorle\/panorama-suiten\/\",\"url\":\"https:\/\/www.maregolf.it\/de\/uebernachtungen-in-caorle\/panorama-suiten\/\",\"name\":\"Suite Panoramic | Hotel Maregolf\",\"isPartOf\":{\"@id\":\"https:\/\/www.maregolf.it\/de\/#website\"},\"primaryImageOfPage\":{\"@id\":\"https:\/\/www.maregolf.it\/de\/uebernachtungen-in-caorle\/panorama-suiten\/#primaryimage\"},\"image\":{\"@id\":\"https:\/\/www.maregolf.it\/de\/uebernachtungen-in-caorle\/panorama-suiten\/#primaryimage\"},\"thumbnailUrl\":\"https:\/\/www.maregolf.it\/wp-content\/uploads\/2023\/07\/Maregolf_suite_panoramic-3.webp\",\"datePublished\":\"2023-05-12T15:39:10+00:00\",\"dateModified\":\"2026-04-24T07:05:50+00:00\",\"breadcrumb\":{\"@id\":\"https:\/\/www.maregolf.it\/de\/uebernachtungen-in-caorle\/panorama-suiten\/#breadcrumb\"},\"inLanguage\":\"de\",\"potentialAction\":[{\"@type\":\"ReadAction\",\"target\":[\"https:\/\/www.maregolf.it\/de\/uebernachtungen-in-caorle\/panorama-suiten\/\"]}]},{\"@type\":\"ImageObject\",\"inLanguage\":\"de\",\"@id\":\"https:\/\/www.maregolf.it\/de\/uebernachtungen-in-caorle\/panorama-suiten\/#primaryimage\",\"url\":\"https:\/\/www.maregolf.it\/wp-content\/uploads\/2023\/07\/Maregolf_suite_panoramic-3.webp\",\"contentUrl\":\"https:\/\/www.maregolf.it\/wp-content\/uploads\/2023\/07\/Maregolf_suite_panoramic-3.webp\",\"width\":1920,\"height\":1280},{\"@type\":\"BreadcrumbList\",\"@id\":\"https:\/\/www.maregolf.it\/de\/uebernachtungen-in-caorle\/panorama-suiten\/#breadcrumb\",\"itemListElement\":[{\"@type\":\"ListItem\",\"position\":1,\"name\":\"Home\",\"item\":\"https:\/\/www.maregolf.it\/de\/\"},{\"@type\":\"ListItem\",\"position\":2,\"name\":\"Zimmer und Suiten\",\"item\":\"https:\/\/www.maregolf.it\/de\/uebernachtungen-in-caorle\/\"},{\"@type\":\"ListItem\",\"position\":3,\"name\":\"Suite Panoramic\"}]},{\"@type\":\"WebSite\",\"@id\":\"https:\/\/www.maregolf.it\/de\/#website\",\"url\":\"https:\/\/www.maregolf.it\/de\/\",\"name\":\"Hotel Maregolf\",\"description\":\"Hotel fronte mare con piscina a Caorle\",\"publisher\":{\"@id\":\"https:\/\/www.maregolf.it\/de\/#organization\"},\"potentialAction\":[{\"@type\":\"SearchAction\",\"target\":{\"@type\":\"EntryPoint\",\"urlTemplate\":\"https:\/\/www.maregolf.it\/de\/?s={search_term_string}\"},\"query-input\":{\"@type\":\"PropertyValueSpecification\",\"valueRequired\":true,\"valueName\":\"search_term_string\"}}],\"inLanguage\":\"de\"},{\"@type\":\"Organization\",\"@id\":\"https:\/\/www.maregolf.it\/de\/#organization\",\"name\":\"Hotel Maregolf\",\"url\":\"https:\/\/www.maregolf.it\/de\/\",\"logo\":{\"@type\":\"ImageObject\",\"inLanguage\":\"de\",\"@id\":\"https:\/\/www.maregolf.it\/de\/#\/schema\/logo\/image\/\",\"url\":\"https:\/\/www.maregolf.it\/wp-content\/uploads\/2023\/04\/hotel-maregolf.svg\",\"contentUrl\":\"https:\/\/www.maregolf.it\/wp-content\/uploads\/2023\/04\/hotel-maregolf.svg\",\"width\":1,\"height\":1,\"caption\":\"Hotel Maregolf\"},\"image\":{\"@id\":\"https:\/\/www.maregolf.it\/de\/#\/schema\/logo\/image\/\"},\"sameAs\":[\"https:\/\/www.facebook.com\/hotelmaregolf\/\"]}]}<\/script>\n<!-- \/ Yoast SEO plugin. -->","yoast_head_json":{"title":"Suite Panoramic | Hotel Maregolf","robots":{"index":"index","follow":"follow","max-snippet":"max-snippet:-1","max-image-preview":"max-image-preview:large","max-video-preview":"max-video-preview:-1"},"canonical":"https:\/\/www.maregolf.it\/de\/uebernachtungen-in-caorle\/panorama-suiten\/","og_locale":"de_DE","og_type":"article","og_title":"Suite Panoramic | Hotel Maregolf","og_description":"Die Suite Panoramic im ersten oder zweiten Stock bietet ein Schlafzimmer, einen hellen, separaten Wohnbereich sowie eine ger\u00e4umige Terrasse mit Blick auf den Pool. Teppichboden. Geeignet f\u00fcr bis zu 5 G\u00e4ste. Die Suite Panoramic verf\u00fcgt \u00fcber ein Doppelbett, einen Schlafsessel (90 x 170 cm) und ein Schlafsofa (mit zwei Einzelbetten in der Gr\u00f6\u00dfe 90 x [&hellip;]","og_url":"https:\/\/www.maregolf.it\/de\/uebernachtungen-in-caorle\/panorama-suiten\/","og_site_name":"Hotel Maregolf","article_publisher":"https:\/\/www.facebook.com\/hotelmaregolf\/","article_modified_time":"2026-04-24T07:05:50+00:00","og_image":[{"width":1920,"height":1280,"url":"https:\/\/www.maregolf.it\/wp-content\/uploads\/2023\/07\/Maregolf_suite_panoramic-3.webp","type":"image\/webp"}],"twitter_misc":{"Gesch\u00e4tzte Lesezeit":"1\u00a0Minute"},"schema":{"@context":"https:\/\/schema.org","@graph":[{"@type":"WebPage","@id":"https:\/\/www.maregolf.it\/de\/uebernachtungen-in-caorle\/panorama-suiten\/","url":"https:\/\/www.maregolf.it\/de\/uebernachtungen-in-caorle\/panorama-suiten\/","name":"Suite Panoramic | Hotel Maregolf","isPartOf":{"@id":"https:\/\/www.maregolf.it\/de\/#website"},"primaryImageOfPage":{"@id":"https:\/\/www.maregolf.it\/de\/uebernachtungen-in-caorle\/panorama-suiten\/#primaryimage"},"image":{"@id":"https:\/\/www.maregolf.it\/de\/uebernachtungen-in-caorle\/panorama-suiten\/#primaryimage"},"thumbnailUrl":"https:\/\/www.maregolf.it\/wp-content\/uploads\/2023\/07\/Maregolf_suite_panoramic-3.webp","datePublished":"2023-05-12T15:39:10+00:00","dateModified":"2026-04-24T07:05:50+00:00","breadcrumb":{"@id":"https:\/\/www.maregolf.it\/de\/uebernachtungen-in-caorle\/panorama-suiten\/#breadcrumb"},"inLanguage":"de","potentialAction":[{"@type":"ReadAction","target":["https:\/\/www.maregolf.it\/de\/uebernachtungen-in-caorle\/panorama-suiten\/"]}]},{"@type":"ImageObject","inLanguage":"de","@id":"https:\/\/www.maregolf.it\/de\/uebernachtungen-in-caorle\/panorama-suiten\/#primaryimage","url":"https:\/\/www.maregolf.it\/wp-content\/uploads\/2023\/07\/Maregolf_suite_panoramic-3.webp","contentUrl":"https:\/\/www.maregolf.it\/wp-content\/uploads\/2023\/07\/Maregolf_suite_panoramic-3.webp","width":1920,"height":1280},{"@type":"BreadcrumbList","@id":"https:\/\/www.maregolf.it\/de\/uebernachtungen-in-caorle\/panorama-suiten\/#breadcrumb","itemListElement":[{"@type":"ListItem","position":1,"name":"Home","item":"https:\/\/www.maregolf.it\/de\/"},{"@type":"ListItem","position":2,"name":"Zimmer und Suiten","item":"https:\/\/www.maregolf.it\/de\/uebernachtungen-in-caorle\/"},{"@type":"ListItem","position":3,"name":"Suite Panoramic"}]},{"@type":"WebSite","@id":"https:\/\/www.maregolf.it\/de\/#website","url":"https:\/\/www.maregolf.it\/de\/","name":"Hotel Maregolf","description":"Hotel fronte mare con piscina a Caorle","publisher":{"@id":"https:\/\/www.maregolf.it\/de\/#organization"},"potentialAction":[{"@type":"SearchAction","target":{"@type":"EntryPoint","urlTemplate":"https:\/\/www.maregolf.it\/de\/?s={search_term_string}"},"query-input":{"@type":"PropertyValueSpecification","valueRequired":true,"valueName":"search_term_string"}}],"inLanguage":"de"},{"@type":"Organization","@id":"https:\/\/www.maregolf.it\/de\/#organization","name":"Hotel Maregolf","url":"https:\/\/www.maregolf.it\/de\/","logo":{"@type":"ImageObject","inLanguage":"de","@id":"https:\/\/www.maregolf.it\/de\/#\/schema\/logo\/image\/","url":"https:\/\/www.maregolf.it\/wp-content\/uploads\/2023\/04\/hotel-maregolf.svg","contentUrl":"https:\/\/www.maregolf.it\/wp-content\/uploads\/2023\/04\/hotel-maregolf.svg","width":1,"height":1,"caption":"Hotel Maregolf"},"image":{"@id":"https:\/\/www.maregolf.it\/de\/#\/schema\/logo\/image\/"},"sameAs":["https:\/\/www.facebook.com\/hotelmaregolf\/"]}]}},"_links":{"self":[{"href":"https:\/\/www.maregolf.it\/de\/wp-json\/wp\/v2\/pages\/1807","targetHints":{"allow":["GET"]}}],"collection":[{"href":"https:\/\/www.maregolf.it\/de\/wp-json\/wp\/v2\/pages"}],"about":[{"href":"https:\/\/www.maregolf.it\/de\/wp-json\/wp\/v2\/types\/page"}],"author":[{"embeddable":true,"href":"https:\/\/www.maregolf.it\/de\/wp-json\/wp\/v2\/users\/1"}],"replies":[{"embeddable":true,"href":"https:\/\/www.maregolf.it\/de\/wp-json\/wp\/v2\/comments?post=1807"}],"version-history":[{"count":10,"href":"https:\/\/www.maregolf.it\/de\/wp-json\/wp\/v2\/pages\/1807\/revisions"}],"predecessor-version":[{"id":4049,"href":"https:\/\/www.maregolf.it\/de\/wp-json\/wp\/v2\/pages\/1807\/revisions\/4049"}],"up":[{"embeddable":true,"href":"https:\/\/www.maregolf.it\/de\/wp-json\/wp\/v2\/pages\/21"}],"wp:featuredmedia":[{"embeddable":true,"href":"https:\/\/www.maregolf.it\/de\/wp-json\/wp\/v2\/media\/3046"}],"wp:attachment":[{"href":"https:\/\/www.maregolf.it\/de\/wp-json\/wp\/v2\/media?parent=1807"}],"curies":[{"name":"wp","href":"https:\/\/api.w.org\/{rel}","templated":true}]}}