{"id":1803,"date":"2023-05-12T17:40:01","date_gmt":"2023-05-12T15:40:01","guid":{"rendered":"https:\/\/www.maregolf.it\/uebernachtungen-in-caorle\/junior-suite-convenience\/"},"modified":"2023-07-05T15:06:12","modified_gmt":"2023-07-05T13:06:12","slug":"convenience-junior-suiten","status":"publish","type":"page","link":"https:\/\/www.maregolf.it\/de\/uebernachtungen-in-caorle\/convenience-junior-suiten\/","title":{"rendered":"Junior Suite Convenience"},"content":{"rendered":"\n<p>Die Junior Suite Convenience befindet sich im zweiten Stock und umfasst 2 jeweils 18 qm gro\u00dfe Zimmer im Dachgeschoss mit einer Verbindungst\u00fcr, davon eines mit kleinem Balkon ohne Aussicht und eines mit elektrisch betriebener Gaube. Teppichboden. Die Junior Suite ist f\u00fcr bis zu 6 Personen geeignet.<\/p>\n\n\n\n<p>Jedes Zimmer verf\u00fcgt \u00fcber ein Doppelbett und einen Schlafsessel (90 x 170 cm).<\/p>\n\n\n\n<p><strong>Zus\u00e4tzlicher Service:<\/strong><\/p>\n\n\n\n<ul class=\"list-room wp-block-list\">\n<li>Tasche mit Poolt\u00fcchern<\/li>\n<\/ul>\n","protected":false},"excerpt":{"rendered":"<p>Die Junior Suite Convenience befindet sich im zweiten Stock und umfasst 2 jeweils 18 qm gro\u00dfe Zimmer im Dachgeschoss mit einer Verbindungst\u00fcr, davon eines mit kleinem Balkon ohne Aussicht und eines mit elektrisch betriebener Gaube. Teppichboden. Die Junior Suite ist f\u00fcr bis zu 6 Personen geeignet. Jedes Zimmer verf\u00fcgt \u00fcber ein Doppelbett und einen Schlafsessel [&hellip;]<\/p>\n","protected":false},"author":1,"featured_media":1689,"parent":21,"menu_order":5,"comment_status":"closed","ping_status":"closed","template":"template-room-details.php","meta":{"_acf_changed":false,"footnotes":""},"class_list":["post-1803","page","type-page","status-publish","has-post-thumbnail","hentry"],"acf":[],"yoast_head":"<!-- This site is optimized with the Yoast SEO plugin v26.9 - https:\/\/yoast.com\/product\/yoast-seo-wordpress\/ -->\n<title>Junior Suite Convenience | Hotel Maregolf<\/title>\n<meta name=\"robots\" content=\"index, follow, max-snippet:-1, max-image-preview:large, max-video-preview:-1\" \/>\n<link rel=\"canonical\" href=\"https:\/\/www.maregolf.it\/de\/uebernachtungen-in-caorle\/convenience-junior-suiten\/\" \/>\n<meta property=\"og:locale\" content=\"de_DE\" \/>\n<meta property=\"og:type\" content=\"article\" \/>\n<meta property=\"og:title\" content=\"Junior Suite Convenience | Hotel Maregolf\" \/>\n<meta property=\"og:description\" content=\"Die Junior Suite Convenience befindet sich im zweiten Stock und umfasst 2 jeweils 18 qm gro\u00dfe Zimmer im Dachgeschoss mit einer Verbindungst\u00fcr, davon eines mit kleinem Balkon ohne Aussicht und eines mit elektrisch betriebener Gaube. Teppichboden. Die Junior Suite ist f\u00fcr bis zu 6 Personen geeignet. Jedes Zimmer verf\u00fcgt \u00fcber ein Doppelbett und einen Schlafsessel [&hellip;]\" \/>\n<meta property=\"og:url\" content=\"https:\/\/www.maregolf.it\/de\/uebernachtungen-in-caorle\/convenience-junior-suiten\/\" \/>\n<meta property=\"og:site_name\" content=\"Hotel Maregolf\" \/>\n<meta property=\"article:publisher\" content=\"https:\/\/www.facebook.com\/hotelmaregolf\/\" \/>\n<meta property=\"article:modified_time\" content=\"2023-07-05T13:06:12+00:00\" \/>\n<meta property=\"og:image\" content=\"https:\/\/www.maregolf.it\/wp-content\/uploads\/2023\/05\/Hotel-Maregolf-junior_suite_convenience-11.webp\" \/>\n\t<meta property=\"og:image:width\" content=\"1900\" \/>\n\t<meta property=\"og:image:height\" content=\"1280\" \/>\n\t<meta property=\"og:image:type\" content=\"image\/webp\" \/>\n<meta name=\"twitter:label1\" content=\"Gesch\u00e4tzte Lesezeit\" \/>\n\t<meta name=\"twitter:data1\" content=\"1\u00a0Minute\" \/>\n<script type=\"application\/ld+json\" class=\"yoast-schema-graph\">{\"@context\":\"https:\/\/schema.org\",\"@graph\":[{\"@type\":\"WebPage\",\"@id\":\"https:\/\/www.maregolf.it\/de\/uebernachtungen-in-caorle\/convenience-junior-suiten\/\",\"url\":\"https:\/\/www.maregolf.it\/de\/uebernachtungen-in-caorle\/convenience-junior-suiten\/\",\"name\":\"Junior Suite Convenience | Hotel Maregolf\",\"isPartOf\":{\"@id\":\"https:\/\/www.maregolf.it\/de\/#website\"},\"primaryImageOfPage\":{\"@id\":\"https:\/\/www.maregolf.it\/de\/uebernachtungen-in-caorle\/convenience-junior-suiten\/#primaryimage\"},\"image\":{\"@id\":\"https:\/\/www.maregolf.it\/de\/uebernachtungen-in-caorle\/convenience-junior-suiten\/#primaryimage\"},\"thumbnailUrl\":\"https:\/\/www.maregolf.it\/wp-content\/uploads\/2023\/05\/Hotel-Maregolf-junior_suite_convenience-11.webp\",\"datePublished\":\"2023-05-12T15:40:01+00:00\",\"dateModified\":\"2023-07-05T13:06:12+00:00\",\"breadcrumb\":{\"@id\":\"https:\/\/www.maregolf.it\/de\/uebernachtungen-in-caorle\/convenience-junior-suiten\/#breadcrumb\"},\"inLanguage\":\"de\",\"potentialAction\":[{\"@type\":\"ReadAction\",\"target\":[\"https:\/\/www.maregolf.it\/de\/uebernachtungen-in-caorle\/convenience-junior-suiten\/\"]}]},{\"@type\":\"ImageObject\",\"inLanguage\":\"de\",\"@id\":\"https:\/\/www.maregolf.it\/de\/uebernachtungen-in-caorle\/convenience-junior-suiten\/#primaryimage\",\"url\":\"https:\/\/www.maregolf.it\/wp-content\/uploads\/2023\/05\/Hotel-Maregolf-junior_suite_convenience-11.webp\",\"contentUrl\":\"https:\/\/www.maregolf.it\/wp-content\/uploads\/2023\/05\/Hotel-Maregolf-junior_suite_convenience-11.webp\",\"width\":1900,\"height\":1280},{\"@type\":\"BreadcrumbList\",\"@id\":\"https:\/\/www.maregolf.it\/de\/uebernachtungen-in-caorle\/convenience-junior-suiten\/#breadcrumb\",\"itemListElement\":[{\"@type\":\"ListItem\",\"position\":1,\"name\":\"Home\",\"item\":\"https:\/\/www.maregolf.it\/de\/\"},{\"@type\":\"ListItem\",\"position\":2,\"name\":\"Zimmer und Suiten\",\"item\":\"https:\/\/www.maregolf.it\/de\/uebernachtungen-in-caorle\/\"},{\"@type\":\"ListItem\",\"position\":3,\"name\":\"Junior Suite Convenience\"}]},{\"@type\":\"WebSite\",\"@id\":\"https:\/\/www.maregolf.it\/de\/#website\",\"url\":\"https:\/\/www.maregolf.it\/de\/\",\"name\":\"Hotel Maregolf\",\"description\":\"Hotel fronte mare con piscina a Caorle\",\"publisher\":{\"@id\":\"https:\/\/www.maregolf.it\/de\/#organization\"},\"potentialAction\":[{\"@type\":\"SearchAction\",\"target\":{\"@type\":\"EntryPoint\",\"urlTemplate\":\"https:\/\/www.maregolf.it\/de\/?s={search_term_string}\"},\"query-input\":{\"@type\":\"PropertyValueSpecification\",\"valueRequired\":true,\"valueName\":\"search_term_string\"}}],\"inLanguage\":\"de\"},{\"@type\":\"Organization\",\"@id\":\"https:\/\/www.maregolf.it\/de\/#organization\",\"name\":\"Hotel Maregolf\",\"url\":\"https:\/\/www.maregolf.it\/de\/\",\"logo\":{\"@type\":\"ImageObject\",\"inLanguage\":\"de\",\"@id\":\"https:\/\/www.maregolf.it\/de\/#\/schema\/logo\/image\/\",\"url\":\"https:\/\/www.maregolf.it\/wp-content\/uploads\/2023\/04\/hotel-maregolf.svg\",\"contentUrl\":\"https:\/\/www.maregolf.it\/wp-content\/uploads\/2023\/04\/hotel-maregolf.svg\",\"width\":1,\"height\":1,\"caption\":\"Hotel Maregolf\"},\"image\":{\"@id\":\"https:\/\/www.maregolf.it\/de\/#\/schema\/logo\/image\/\"},\"sameAs\":[\"https:\/\/www.facebook.com\/hotelmaregolf\/\"]}]}<\/script>\n<!-- \/ Yoast SEO plugin. -->","yoast_head_json":{"title":"Junior Suite Convenience | Hotel Maregolf","robots":{"index":"index","follow":"follow","max-snippet":"max-snippet:-1","max-image-preview":"max-image-preview:large","max-video-preview":"max-video-preview:-1"},"canonical":"https:\/\/www.maregolf.it\/de\/uebernachtungen-in-caorle\/convenience-junior-suiten\/","og_locale":"de_DE","og_type":"article","og_title":"Junior Suite Convenience | Hotel Maregolf","og_description":"Die Junior Suite Convenience befindet sich im zweiten Stock und umfasst 2 jeweils 18 qm gro\u00dfe Zimmer im Dachgeschoss mit einer Verbindungst\u00fcr, davon eines mit kleinem Balkon ohne Aussicht und eines mit elektrisch betriebener Gaube. Teppichboden. Die Junior Suite ist f\u00fcr bis zu 6 Personen geeignet. Jedes Zimmer verf\u00fcgt \u00fcber ein Doppelbett und einen Schlafsessel [&hellip;]","og_url":"https:\/\/www.maregolf.it\/de\/uebernachtungen-in-caorle\/convenience-junior-suiten\/","og_site_name":"Hotel Maregolf","article_publisher":"https:\/\/www.facebook.com\/hotelmaregolf\/","article_modified_time":"2023-07-05T13:06:12+00:00","og_image":[{"width":1900,"height":1280,"url":"https:\/\/www.maregolf.it\/wp-content\/uploads\/2023\/05\/Hotel-Maregolf-junior_suite_convenience-11.webp","type":"image\/webp"}],"twitter_misc":{"Gesch\u00e4tzte Lesezeit":"1\u00a0Minute"},"schema":{"@context":"https:\/\/schema.org","@graph":[{"@type":"WebPage","@id":"https:\/\/www.maregolf.it\/de\/uebernachtungen-in-caorle\/convenience-junior-suiten\/","url":"https:\/\/www.maregolf.it\/de\/uebernachtungen-in-caorle\/convenience-junior-suiten\/","name":"Junior Suite Convenience | Hotel Maregolf","isPartOf":{"@id":"https:\/\/www.maregolf.it\/de\/#website"},"primaryImageOfPage":{"@id":"https:\/\/www.maregolf.it\/de\/uebernachtungen-in-caorle\/convenience-junior-suiten\/#primaryimage"},"image":{"@id":"https:\/\/www.maregolf.it\/de\/uebernachtungen-in-caorle\/convenience-junior-suiten\/#primaryimage"},"thumbnailUrl":"https:\/\/www.maregolf.it\/wp-content\/uploads\/2023\/05\/Hotel-Maregolf-junior_suite_convenience-11.webp","datePublished":"2023-05-12T15:40:01+00:00","dateModified":"2023-07-05T13:06:12+00:00","breadcrumb":{"@id":"https:\/\/www.maregolf.it\/de\/uebernachtungen-in-caorle\/convenience-junior-suiten\/#breadcrumb"},"inLanguage":"de","potentialAction":[{"@type":"ReadAction","target":["https:\/\/www.maregolf.it\/de\/uebernachtungen-in-caorle\/convenience-junior-suiten\/"]}]},{"@type":"ImageObject","inLanguage":"de","@id":"https:\/\/www.maregolf.it\/de\/uebernachtungen-in-caorle\/convenience-junior-suiten\/#primaryimage","url":"https:\/\/www.maregolf.it\/wp-content\/uploads\/2023\/05\/Hotel-Maregolf-junior_suite_convenience-11.webp","contentUrl":"https:\/\/www.maregolf.it\/wp-content\/uploads\/2023\/05\/Hotel-Maregolf-junior_suite_convenience-11.webp","width":1900,"height":1280},{"@type":"BreadcrumbList","@id":"https:\/\/www.maregolf.it\/de\/uebernachtungen-in-caorle\/convenience-junior-suiten\/#breadcrumb","itemListElement":[{"@type":"ListItem","position":1,"name":"Home","item":"https:\/\/www.maregolf.it\/de\/"},{"@type":"ListItem","position":2,"name":"Zimmer und Suiten","item":"https:\/\/www.maregolf.it\/de\/uebernachtungen-in-caorle\/"},{"@type":"ListItem","position":3,"name":"Junior Suite Convenience"}]},{"@type":"WebSite","@id":"https:\/\/www.maregolf.it\/de\/#website","url":"https:\/\/www.maregolf.it\/de\/","name":"Hotel Maregolf","description":"Hotel fronte mare con piscina a Caorle","publisher":{"@id":"https:\/\/www.maregolf.it\/de\/#organization"},"potentialAction":[{"@type":"SearchAction","target":{"@type":"EntryPoint","urlTemplate":"https:\/\/www.maregolf.it\/de\/?s={search_term_string}"},"query-input":{"@type":"PropertyValueSpecification","valueRequired":true,"valueName":"search_term_string"}}],"inLanguage":"de"},{"@type":"Organization","@id":"https:\/\/www.maregolf.it\/de\/#organization","name":"Hotel Maregolf","url":"https:\/\/www.maregolf.it\/de\/","logo":{"@type":"ImageObject","inLanguage":"de","@id":"https:\/\/www.maregolf.it\/de\/#\/schema\/logo\/image\/","url":"https:\/\/www.maregolf.it\/wp-content\/uploads\/2023\/04\/hotel-maregolf.svg","contentUrl":"https:\/\/www.maregolf.it\/wp-content\/uploads\/2023\/04\/hotel-maregolf.svg","width":1,"height":1,"caption":"Hotel Maregolf"},"image":{"@id":"https:\/\/www.maregolf.it\/de\/#\/schema\/logo\/image\/"},"sameAs":["https:\/\/www.facebook.com\/hotelmaregolf\/"]}]}},"_links":{"self":[{"href":"https:\/\/www.maregolf.it\/de\/wp-json\/wp\/v2\/pages\/1803","targetHints":{"allow":["GET"]}}],"collection":[{"href":"https:\/\/www.maregolf.it\/de\/wp-json\/wp\/v2\/pages"}],"about":[{"href":"https:\/\/www.maregolf.it\/de\/wp-json\/wp\/v2\/types\/page"}],"author":[{"embeddable":true,"href":"https:\/\/www.maregolf.it\/de\/wp-json\/wp\/v2\/users\/1"}],"replies":[{"embeddable":true,"href":"https:\/\/www.maregolf.it\/de\/wp-json\/wp\/v2\/comments?post=1803"}],"version-history":[{"count":9,"href":"https:\/\/www.maregolf.it\/de\/wp-json\/wp\/v2\/pages\/1803\/revisions"}],"predecessor-version":[{"id":3072,"href":"https:\/\/www.maregolf.it\/de\/wp-json\/wp\/v2\/pages\/1803\/revisions\/3072"}],"up":[{"embeddable":true,"href":"https:\/\/www.maregolf.it\/de\/wp-json\/wp\/v2\/pages\/21"}],"wp:featuredmedia":[{"embeddable":true,"href":"https:\/\/www.maregolf.it\/de\/wp-json\/wp\/v2\/media\/1689"}],"wp:attachment":[{"href":"https:\/\/www.maregolf.it\/de\/wp-json\/wp\/v2\/media?parent=1803"}],"curies":[{"name":"wp","href":"https:\/\/api.w.org\/{rel}","templated":true}]}}