{"id":1796,"date":"2023-03-08T16:23:08","date_gmt":"2023-03-08T15:23:08","guid":{"rendered":"https:\/\/www.maregolf.it\/uebernachtungen-in-caorle\/standard\/"},"modified":"2026-04-24T09:01:07","modified_gmt":"2026-04-24T07:01:07","slug":"zimmer-standard","status":"publish","type":"page","link":"https:\/\/www.maregolf.it\/de\/uebernachtungen-in-caorle\/zimmer-standard\/","title":{"rendered":"ZIMMERKATEGORIE STANDARD"},"content":{"rendered":"\n<p>Komfortables Zimmer im Erdgeschoss oder im ersten Stock mit eigenem Balkon zum Sitzen und Entspannen. Parkett oder Teppichboden. Ideal f\u00fcr 2-4 Personen.<\/p>\n\n\n\n<p>Diese Kategorie umfasst Zimmer mit einem behindertengerechten Bad und begehbarer Dusche. Auch Zimmer mit Verbindungst\u00fcr sind verf\u00fcgbar.<\/p>\n\n\n\n<p>Das Zimmer Standard verf\u00fcgt \u00fcber ein Doppelbett, eine Schlafcouch (zwei Einzelbetten in der Gr\u00f6\u00dfe 90 x 170 cm).<\/p>\n\n\n\n<p><strong>PLUS<\/strong><\/p>\n\n\n\n<ul class=\"wp-block-list list-room\">\n<li>Tasche mit 2 Poolt\u00fcchern<\/li>\n<\/ul>\n","protected":false},"excerpt":{"rendered":"<p>Komfortables Zimmer im Erdgeschoss oder im ersten Stock mit eigenem Balkon zum Sitzen und Entspannen. Parkett oder Teppichboden. Ideal f\u00fcr 2-4 Personen. Diese Kategorie umfasst Zimmer mit einem behindertengerechten Bad und begehbarer Dusche. Auch Zimmer mit Verbindungst\u00fcr sind verf\u00fcgbar. Das Zimmer Standard verf\u00fcgt \u00fcber ein Doppelbett, eine Schlafcouch (zwei Einzelbetten in der Gr\u00f6\u00dfe 90 x [&hellip;]<\/p>\n","protected":false},"author":1,"featured_media":1573,"parent":21,"menu_order":2,"comment_status":"closed","ping_status":"closed","template":"template-room-details.php","meta":{"_acf_changed":false,"footnotes":""},"class_list":["post-1796","page","type-page","status-publish","has-post-thumbnail","hentry"],"acf":[],"yoast_head":"<!-- This site is optimized with the Yoast SEO plugin v26.9 - https:\/\/yoast.com\/product\/yoast-seo-wordpress\/ -->\n<title>ZIMMERKATEGORIE STANDARD | Hotel Maregolf<\/title>\n<meta name=\"robots\" content=\"index, follow, max-snippet:-1, max-image-preview:large, max-video-preview:-1\" \/>\n<link rel=\"canonical\" href=\"https:\/\/www.maregolf.it\/de\/uebernachtungen-in-caorle\/zimmer-standard\/\" \/>\n<meta property=\"og:locale\" content=\"de_DE\" \/>\n<meta property=\"og:type\" content=\"article\" \/>\n<meta property=\"og:title\" content=\"ZIMMERKATEGORIE STANDARD | Hotel Maregolf\" \/>\n<meta property=\"og:description\" content=\"Komfortables Zimmer im Erdgeschoss oder im ersten Stock mit eigenem Balkon zum Sitzen und Entspannen. Parkett oder Teppichboden. Ideal f\u00fcr 2-4 Personen. Diese Kategorie umfasst Zimmer mit einem behindertengerechten Bad und begehbarer Dusche. Auch Zimmer mit Verbindungst\u00fcr sind verf\u00fcgbar. Das Zimmer Standard verf\u00fcgt \u00fcber ein Doppelbett, eine Schlafcouch (zwei Einzelbetten in der Gr\u00f6\u00dfe 90 x [&hellip;]\" \/>\n<meta property=\"og:url\" content=\"https:\/\/www.maregolf.it\/de\/uebernachtungen-in-caorle\/zimmer-standard\/\" \/>\n<meta property=\"og:site_name\" content=\"Hotel Maregolf\" \/>\n<meta property=\"article:publisher\" content=\"https:\/\/www.facebook.com\/hotelmaregolf\/\" \/>\n<meta property=\"article:modified_time\" content=\"2026-04-24T07:01:07+00:00\" \/>\n<meta property=\"og:image\" content=\"https:\/\/www.maregolf.it\/wp-content\/uploads\/2023\/05\/Hotel-Maregolf-standard-1.webp\" \/>\n\t<meta property=\"og:image:width\" content=\"1900\" \/>\n\t<meta property=\"og:image:height\" content=\"1280\" \/>\n\t<meta property=\"og:image:type\" content=\"image\/webp\" \/>\n<meta name=\"twitter:label1\" content=\"Gesch\u00e4tzte Lesezeit\" \/>\n\t<meta name=\"twitter:data1\" content=\"1\u00a0Minute\" \/>\n<script type=\"application\/ld+json\" class=\"yoast-schema-graph\">{\"@context\":\"https:\/\/schema.org\",\"@graph\":[{\"@type\":\"WebPage\",\"@id\":\"https:\/\/www.maregolf.it\/de\/uebernachtungen-in-caorle\/zimmer-standard\/\",\"url\":\"https:\/\/www.maregolf.it\/de\/uebernachtungen-in-caorle\/zimmer-standard\/\",\"name\":\"ZIMMERKATEGORIE STANDARD | Hotel Maregolf\",\"isPartOf\":{\"@id\":\"https:\/\/www.maregolf.it\/de\/#website\"},\"primaryImageOfPage\":{\"@id\":\"https:\/\/www.maregolf.it\/de\/uebernachtungen-in-caorle\/zimmer-standard\/#primaryimage\"},\"image\":{\"@id\":\"https:\/\/www.maregolf.it\/de\/uebernachtungen-in-caorle\/zimmer-standard\/#primaryimage\"},\"thumbnailUrl\":\"https:\/\/www.maregolf.it\/wp-content\/uploads\/2023\/05\/Hotel-Maregolf-standard-1.webp\",\"datePublished\":\"2023-03-08T15:23:08+00:00\",\"dateModified\":\"2026-04-24T07:01:07+00:00\",\"breadcrumb\":{\"@id\":\"https:\/\/www.maregolf.it\/de\/uebernachtungen-in-caorle\/zimmer-standard\/#breadcrumb\"},\"inLanguage\":\"de\",\"potentialAction\":[{\"@type\":\"ReadAction\",\"target\":[\"https:\/\/www.maregolf.it\/de\/uebernachtungen-in-caorle\/zimmer-standard\/\"]}]},{\"@type\":\"ImageObject\",\"inLanguage\":\"de\",\"@id\":\"https:\/\/www.maregolf.it\/de\/uebernachtungen-in-caorle\/zimmer-standard\/#primaryimage\",\"url\":\"https:\/\/www.maregolf.it\/wp-content\/uploads\/2023\/05\/Hotel-Maregolf-standard-1.webp\",\"contentUrl\":\"https:\/\/www.maregolf.it\/wp-content\/uploads\/2023\/05\/Hotel-Maregolf-standard-1.webp\",\"width\":1900,\"height\":1280},{\"@type\":\"BreadcrumbList\",\"@id\":\"https:\/\/www.maregolf.it\/de\/uebernachtungen-in-caorle\/zimmer-standard\/#breadcrumb\",\"itemListElement\":[{\"@type\":\"ListItem\",\"position\":1,\"name\":\"Home\",\"item\":\"https:\/\/www.maregolf.it\/de\/\"},{\"@type\":\"ListItem\",\"position\":2,\"name\":\"Zimmer und Suiten\",\"item\":\"https:\/\/www.maregolf.it\/de\/uebernachtungen-in-caorle\/\"},{\"@type\":\"ListItem\",\"position\":3,\"name\":\"ZIMMERKATEGORIE STANDARD\"}]},{\"@type\":\"WebSite\",\"@id\":\"https:\/\/www.maregolf.it\/de\/#website\",\"url\":\"https:\/\/www.maregolf.it\/de\/\",\"name\":\"Hotel Maregolf\",\"description\":\"Hotel fronte mare con piscina a Caorle\",\"publisher\":{\"@id\":\"https:\/\/www.maregolf.it\/de\/#organization\"},\"potentialAction\":[{\"@type\":\"SearchAction\",\"target\":{\"@type\":\"EntryPoint\",\"urlTemplate\":\"https:\/\/www.maregolf.it\/de\/?s={search_term_string}\"},\"query-input\":{\"@type\":\"PropertyValueSpecification\",\"valueRequired\":true,\"valueName\":\"search_term_string\"}}],\"inLanguage\":\"de\"},{\"@type\":\"Organization\",\"@id\":\"https:\/\/www.maregolf.it\/de\/#organization\",\"name\":\"Hotel Maregolf\",\"url\":\"https:\/\/www.maregolf.it\/de\/\",\"logo\":{\"@type\":\"ImageObject\",\"inLanguage\":\"de\",\"@id\":\"https:\/\/www.maregolf.it\/de\/#\/schema\/logo\/image\/\",\"url\":\"https:\/\/www.maregolf.it\/wp-content\/uploads\/2023\/04\/hotel-maregolf.svg\",\"contentUrl\":\"https:\/\/www.maregolf.it\/wp-content\/uploads\/2023\/04\/hotel-maregolf.svg\",\"width\":1,\"height\":1,\"caption\":\"Hotel Maregolf\"},\"image\":{\"@id\":\"https:\/\/www.maregolf.it\/de\/#\/schema\/logo\/image\/\"},\"sameAs\":[\"https:\/\/www.facebook.com\/hotelmaregolf\/\"]}]}<\/script>\n<!-- \/ Yoast SEO plugin. -->","yoast_head_json":{"title":"ZIMMERKATEGORIE STANDARD | Hotel Maregolf","robots":{"index":"index","follow":"follow","max-snippet":"max-snippet:-1","max-image-preview":"max-image-preview:large","max-video-preview":"max-video-preview:-1"},"canonical":"https:\/\/www.maregolf.it\/de\/uebernachtungen-in-caorle\/zimmer-standard\/","og_locale":"de_DE","og_type":"article","og_title":"ZIMMERKATEGORIE STANDARD | Hotel Maregolf","og_description":"Komfortables Zimmer im Erdgeschoss oder im ersten Stock mit eigenem Balkon zum Sitzen und Entspannen. Parkett oder Teppichboden. Ideal f\u00fcr 2-4 Personen. Diese Kategorie umfasst Zimmer mit einem behindertengerechten Bad und begehbarer Dusche. Auch Zimmer mit Verbindungst\u00fcr sind verf\u00fcgbar. Das Zimmer Standard verf\u00fcgt \u00fcber ein Doppelbett, eine Schlafcouch (zwei Einzelbetten in der Gr\u00f6\u00dfe 90 x [&hellip;]","og_url":"https:\/\/www.maregolf.it\/de\/uebernachtungen-in-caorle\/zimmer-standard\/","og_site_name":"Hotel Maregolf","article_publisher":"https:\/\/www.facebook.com\/hotelmaregolf\/","article_modified_time":"2026-04-24T07:01:07+00:00","og_image":[{"width":1900,"height":1280,"url":"https:\/\/www.maregolf.it\/wp-content\/uploads\/2023\/05\/Hotel-Maregolf-standard-1.webp","type":"image\/webp"}],"twitter_misc":{"Gesch\u00e4tzte Lesezeit":"1\u00a0Minute"},"schema":{"@context":"https:\/\/schema.org","@graph":[{"@type":"WebPage","@id":"https:\/\/www.maregolf.it\/de\/uebernachtungen-in-caorle\/zimmer-standard\/","url":"https:\/\/www.maregolf.it\/de\/uebernachtungen-in-caorle\/zimmer-standard\/","name":"ZIMMERKATEGORIE STANDARD | Hotel Maregolf","isPartOf":{"@id":"https:\/\/www.maregolf.it\/de\/#website"},"primaryImageOfPage":{"@id":"https:\/\/www.maregolf.it\/de\/uebernachtungen-in-caorle\/zimmer-standard\/#primaryimage"},"image":{"@id":"https:\/\/www.maregolf.it\/de\/uebernachtungen-in-caorle\/zimmer-standard\/#primaryimage"},"thumbnailUrl":"https:\/\/www.maregolf.it\/wp-content\/uploads\/2023\/05\/Hotel-Maregolf-standard-1.webp","datePublished":"2023-03-08T15:23:08+00:00","dateModified":"2026-04-24T07:01:07+00:00","breadcrumb":{"@id":"https:\/\/www.maregolf.it\/de\/uebernachtungen-in-caorle\/zimmer-standard\/#breadcrumb"},"inLanguage":"de","potentialAction":[{"@type":"ReadAction","target":["https:\/\/www.maregolf.it\/de\/uebernachtungen-in-caorle\/zimmer-standard\/"]}]},{"@type":"ImageObject","inLanguage":"de","@id":"https:\/\/www.maregolf.it\/de\/uebernachtungen-in-caorle\/zimmer-standard\/#primaryimage","url":"https:\/\/www.maregolf.it\/wp-content\/uploads\/2023\/05\/Hotel-Maregolf-standard-1.webp","contentUrl":"https:\/\/www.maregolf.it\/wp-content\/uploads\/2023\/05\/Hotel-Maregolf-standard-1.webp","width":1900,"height":1280},{"@type":"BreadcrumbList","@id":"https:\/\/www.maregolf.it\/de\/uebernachtungen-in-caorle\/zimmer-standard\/#breadcrumb","itemListElement":[{"@type":"ListItem","position":1,"name":"Home","item":"https:\/\/www.maregolf.it\/de\/"},{"@type":"ListItem","position":2,"name":"Zimmer und Suiten","item":"https:\/\/www.maregolf.it\/de\/uebernachtungen-in-caorle\/"},{"@type":"ListItem","position":3,"name":"ZIMMERKATEGORIE STANDARD"}]},{"@type":"WebSite","@id":"https:\/\/www.maregolf.it\/de\/#website","url":"https:\/\/www.maregolf.it\/de\/","name":"Hotel Maregolf","description":"Hotel fronte mare con piscina a Caorle","publisher":{"@id":"https:\/\/www.maregolf.it\/de\/#organization"},"potentialAction":[{"@type":"SearchAction","target":{"@type":"EntryPoint","urlTemplate":"https:\/\/www.maregolf.it\/de\/?s={search_term_string}"},"query-input":{"@type":"PropertyValueSpecification","valueRequired":true,"valueName":"search_term_string"}}],"inLanguage":"de"},{"@type":"Organization","@id":"https:\/\/www.maregolf.it\/de\/#organization","name":"Hotel Maregolf","url":"https:\/\/www.maregolf.it\/de\/","logo":{"@type":"ImageObject","inLanguage":"de","@id":"https:\/\/www.maregolf.it\/de\/#\/schema\/logo\/image\/","url":"https:\/\/www.maregolf.it\/wp-content\/uploads\/2023\/04\/hotel-maregolf.svg","contentUrl":"https:\/\/www.maregolf.it\/wp-content\/uploads\/2023\/04\/hotel-maregolf.svg","width":1,"height":1,"caption":"Hotel Maregolf"},"image":{"@id":"https:\/\/www.maregolf.it\/de\/#\/schema\/logo\/image\/"},"sameAs":["https:\/\/www.facebook.com\/hotelmaregolf\/"]}]}},"_links":{"self":[{"href":"https:\/\/www.maregolf.it\/de\/wp-json\/wp\/v2\/pages\/1796","targetHints":{"allow":["GET"]}}],"collection":[{"href":"https:\/\/www.maregolf.it\/de\/wp-json\/wp\/v2\/pages"}],"about":[{"href":"https:\/\/www.maregolf.it\/de\/wp-json\/wp\/v2\/types\/page"}],"author":[{"embeddable":true,"href":"https:\/\/www.maregolf.it\/de\/wp-json\/wp\/v2\/users\/1"}],"replies":[{"embeddable":true,"href":"https:\/\/www.maregolf.it\/de\/wp-json\/wp\/v2\/comments?post=1796"}],"version-history":[{"count":10,"href":"https:\/\/www.maregolf.it\/de\/wp-json\/wp\/v2\/pages\/1796\/revisions"}],"predecessor-version":[{"id":4037,"href":"https:\/\/www.maregolf.it\/de\/wp-json\/wp\/v2\/pages\/1796\/revisions\/4037"}],"up":[{"embeddable":true,"href":"https:\/\/www.maregolf.it\/de\/wp-json\/wp\/v2\/pages\/21"}],"wp:featuredmedia":[{"embeddable":true,"href":"https:\/\/www.maregolf.it\/de\/wp-json\/wp\/v2\/media\/1573"}],"wp:attachment":[{"href":"https:\/\/www.maregolf.it\/de\/wp-json\/wp\/v2\/media?parent=1796"}],"curies":[{"name":"wp","href":"https:\/\/api.w.org\/{rel}","templated":true}]}}