{"id":1774,"date":"2023-03-08T16:25:21","date_gmt":"2023-03-08T15:25:21","guid":{"rendered":"https:\/\/www.maregolf.it\/uebernachtungen-in-caorle\/convenience\/"},"modified":"2023-05-17T14:55:05","modified_gmt":"2023-05-17T12:55:05","slug":"zimmer-convenience","status":"publish","type":"page","link":"https:\/\/www.maregolf.it\/de\/uebernachtungen-in-caorle\/zimmer-convenience\/","title":{"rendered":"Zimmer Convenience"},"content":{"rendered":"\n<p>Ein gem\u00fctliches Mansardenzimmer im zweiten Stock mit kleinem Balkon ohne Aussicht; Teppichboden; ideal f\u00fcr 2-3 Personen.<\/p>\n\n\n\n<p>Das Zimmer Convenience ist mit einem Doppelbett und Schlafsessel (90 x 170 cm).<\/p>\n\n\n\n<p>Strandt\u00fccher k\u00f6nnen an der Rezeption gegen eine Geb\u00fchr angefordert werden.<\/p>\n","protected":false},"excerpt":{"rendered":"<p>Ein gem\u00fctliches Mansardenzimmer im zweiten Stock mit kleinem Balkon ohne Aussicht; Teppichboden; ideal f\u00fcr 2-3 Personen. Das Zimmer Convenience ist mit einem Doppelbett und Schlafsessel (90 x 170 cm). Strandt\u00fccher k\u00f6nnen an der Rezeption gegen eine Geb\u00fchr angefordert werden.<\/p>\n","protected":false},"author":1,"featured_media":1557,"parent":21,"menu_order":1,"comment_status":"closed","ping_status":"closed","template":"template-room-details.php","meta":{"_acf_changed":false,"footnotes":""},"class_list":["post-1774","page","type-page","status-publish","has-post-thumbnail","hentry"],"acf":[],"yoast_head":"<!-- This site is optimized with the Yoast SEO plugin v26.9 - https:\/\/yoast.com\/product\/yoast-seo-wordpress\/ -->\n<title>Zimmer Convenience | Hotel Maregolf<\/title>\n<meta name=\"robots\" content=\"index, follow, max-snippet:-1, max-image-preview:large, max-video-preview:-1\" \/>\n<link rel=\"canonical\" href=\"https:\/\/www.maregolf.it\/de\/uebernachtungen-in-caorle\/zimmer-convenience\/\" \/>\n<meta property=\"og:locale\" content=\"de_DE\" \/>\n<meta property=\"og:type\" content=\"article\" \/>\n<meta property=\"og:title\" content=\"Zimmer Convenience | Hotel Maregolf\" \/>\n<meta property=\"og:description\" content=\"Ein gem\u00fctliches Mansardenzimmer im zweiten Stock mit kleinem Balkon ohne Aussicht; Teppichboden; ideal f\u00fcr 2-3 Personen. Das Zimmer Convenience ist mit einem Doppelbett und Schlafsessel (90 x 170 cm). Strandt\u00fccher k\u00f6nnen an der Rezeption gegen eine Geb\u00fchr angefordert werden.\" \/>\n<meta property=\"og:url\" content=\"https:\/\/www.maregolf.it\/de\/uebernachtungen-in-caorle\/zimmer-convenience\/\" \/>\n<meta property=\"og:site_name\" content=\"Hotel Maregolf\" \/>\n<meta property=\"article:publisher\" content=\"https:\/\/www.facebook.com\/hotelmaregolf\/\" \/>\n<meta property=\"article:modified_time\" content=\"2023-05-17T12:55:05+00:00\" \/>\n<meta property=\"og:image\" content=\"https:\/\/www.maregolf.it\/wp-content\/uploads\/2023\/05\/Hotel-Maregolf-convenience-4.webp\" \/>\n\t<meta property=\"og:image:width\" content=\"1900\" \/>\n\t<meta property=\"og:image:height\" content=\"1280\" \/>\n\t<meta property=\"og:image:type\" content=\"image\/webp\" \/>\n<meta name=\"twitter:label1\" content=\"Gesch\u00e4tzte Lesezeit\" \/>\n\t<meta name=\"twitter:data1\" content=\"1\u00a0Minute\" \/>\n<script type=\"application\/ld+json\" class=\"yoast-schema-graph\">{\"@context\":\"https:\/\/schema.org\",\"@graph\":[{\"@type\":\"WebPage\",\"@id\":\"https:\/\/www.maregolf.it\/de\/uebernachtungen-in-caorle\/zimmer-convenience\/\",\"url\":\"https:\/\/www.maregolf.it\/de\/uebernachtungen-in-caorle\/zimmer-convenience\/\",\"name\":\"Zimmer Convenience | Hotel Maregolf\",\"isPartOf\":{\"@id\":\"https:\/\/www.maregolf.it\/de\/#website\"},\"primaryImageOfPage\":{\"@id\":\"https:\/\/www.maregolf.it\/de\/uebernachtungen-in-caorle\/zimmer-convenience\/#primaryimage\"},\"image\":{\"@id\":\"https:\/\/www.maregolf.it\/de\/uebernachtungen-in-caorle\/zimmer-convenience\/#primaryimage\"},\"thumbnailUrl\":\"https:\/\/www.maregolf.it\/wp-content\/uploads\/2023\/05\/Hotel-Maregolf-convenience-4.webp\",\"datePublished\":\"2023-03-08T15:25:21+00:00\",\"dateModified\":\"2023-05-17T12:55:05+00:00\",\"breadcrumb\":{\"@id\":\"https:\/\/www.maregolf.it\/de\/uebernachtungen-in-caorle\/zimmer-convenience\/#breadcrumb\"},\"inLanguage\":\"de\",\"potentialAction\":[{\"@type\":\"ReadAction\",\"target\":[\"https:\/\/www.maregolf.it\/de\/uebernachtungen-in-caorle\/zimmer-convenience\/\"]}]},{\"@type\":\"ImageObject\",\"inLanguage\":\"de\",\"@id\":\"https:\/\/www.maregolf.it\/de\/uebernachtungen-in-caorle\/zimmer-convenience\/#primaryimage\",\"url\":\"https:\/\/www.maregolf.it\/wp-content\/uploads\/2023\/05\/Hotel-Maregolf-convenience-4.webp\",\"contentUrl\":\"https:\/\/www.maregolf.it\/wp-content\/uploads\/2023\/05\/Hotel-Maregolf-convenience-4.webp\",\"width\":1900,\"height\":1280},{\"@type\":\"BreadcrumbList\",\"@id\":\"https:\/\/www.maregolf.it\/de\/uebernachtungen-in-caorle\/zimmer-convenience\/#breadcrumb\",\"itemListElement\":[{\"@type\":\"ListItem\",\"position\":1,\"name\":\"Home\",\"item\":\"https:\/\/www.maregolf.it\/de\/\"},{\"@type\":\"ListItem\",\"position\":2,\"name\":\"Zimmer und Suiten\",\"item\":\"https:\/\/www.maregolf.it\/de\/uebernachtungen-in-caorle\/\"},{\"@type\":\"ListItem\",\"position\":3,\"name\":\"Zimmer Convenience\"}]},{\"@type\":\"WebSite\",\"@id\":\"https:\/\/www.maregolf.it\/de\/#website\",\"url\":\"https:\/\/www.maregolf.it\/de\/\",\"name\":\"Hotel Maregolf\",\"description\":\"Hotel fronte mare con piscina a Caorle\",\"publisher\":{\"@id\":\"https:\/\/www.maregolf.it\/de\/#organization\"},\"potentialAction\":[{\"@type\":\"SearchAction\",\"target\":{\"@type\":\"EntryPoint\",\"urlTemplate\":\"https:\/\/www.maregolf.it\/de\/?s={search_term_string}\"},\"query-input\":{\"@type\":\"PropertyValueSpecification\",\"valueRequired\":true,\"valueName\":\"search_term_string\"}}],\"inLanguage\":\"de\"},{\"@type\":\"Organization\",\"@id\":\"https:\/\/www.maregolf.it\/de\/#organization\",\"name\":\"Hotel Maregolf\",\"url\":\"https:\/\/www.maregolf.it\/de\/\",\"logo\":{\"@type\":\"ImageObject\",\"inLanguage\":\"de\",\"@id\":\"https:\/\/www.maregolf.it\/de\/#\/schema\/logo\/image\/\",\"url\":\"https:\/\/www.maregolf.it\/wp-content\/uploads\/2023\/04\/hotel-maregolf.svg\",\"contentUrl\":\"https:\/\/www.maregolf.it\/wp-content\/uploads\/2023\/04\/hotel-maregolf.svg\",\"width\":1,\"height\":1,\"caption\":\"Hotel Maregolf\"},\"image\":{\"@id\":\"https:\/\/www.maregolf.it\/de\/#\/schema\/logo\/image\/\"},\"sameAs\":[\"https:\/\/www.facebook.com\/hotelmaregolf\/\"]}]}<\/script>\n<!-- \/ Yoast SEO plugin. -->","yoast_head_json":{"title":"Zimmer Convenience | Hotel Maregolf","robots":{"index":"index","follow":"follow","max-snippet":"max-snippet:-1","max-image-preview":"max-image-preview:large","max-video-preview":"max-video-preview:-1"},"canonical":"https:\/\/www.maregolf.it\/de\/uebernachtungen-in-caorle\/zimmer-convenience\/","og_locale":"de_DE","og_type":"article","og_title":"Zimmer Convenience | Hotel Maregolf","og_description":"Ein gem\u00fctliches Mansardenzimmer im zweiten Stock mit kleinem Balkon ohne Aussicht; Teppichboden; ideal f\u00fcr 2-3 Personen. Das Zimmer Convenience ist mit einem Doppelbett und Schlafsessel (90 x 170 cm). Strandt\u00fccher k\u00f6nnen an der Rezeption gegen eine Geb\u00fchr angefordert werden.","og_url":"https:\/\/www.maregolf.it\/de\/uebernachtungen-in-caorle\/zimmer-convenience\/","og_site_name":"Hotel Maregolf","article_publisher":"https:\/\/www.facebook.com\/hotelmaregolf\/","article_modified_time":"2023-05-17T12:55:05+00:00","og_image":[{"width":1900,"height":1280,"url":"https:\/\/www.maregolf.it\/wp-content\/uploads\/2023\/05\/Hotel-Maregolf-convenience-4.webp","type":"image\/webp"}],"twitter_misc":{"Gesch\u00e4tzte Lesezeit":"1\u00a0Minute"},"schema":{"@context":"https:\/\/schema.org","@graph":[{"@type":"WebPage","@id":"https:\/\/www.maregolf.it\/de\/uebernachtungen-in-caorle\/zimmer-convenience\/","url":"https:\/\/www.maregolf.it\/de\/uebernachtungen-in-caorle\/zimmer-convenience\/","name":"Zimmer Convenience | Hotel Maregolf","isPartOf":{"@id":"https:\/\/www.maregolf.it\/de\/#website"},"primaryImageOfPage":{"@id":"https:\/\/www.maregolf.it\/de\/uebernachtungen-in-caorle\/zimmer-convenience\/#primaryimage"},"image":{"@id":"https:\/\/www.maregolf.it\/de\/uebernachtungen-in-caorle\/zimmer-convenience\/#primaryimage"},"thumbnailUrl":"https:\/\/www.maregolf.it\/wp-content\/uploads\/2023\/05\/Hotel-Maregolf-convenience-4.webp","datePublished":"2023-03-08T15:25:21+00:00","dateModified":"2023-05-17T12:55:05+00:00","breadcrumb":{"@id":"https:\/\/www.maregolf.it\/de\/uebernachtungen-in-caorle\/zimmer-convenience\/#breadcrumb"},"inLanguage":"de","potentialAction":[{"@type":"ReadAction","target":["https:\/\/www.maregolf.it\/de\/uebernachtungen-in-caorle\/zimmer-convenience\/"]}]},{"@type":"ImageObject","inLanguage":"de","@id":"https:\/\/www.maregolf.it\/de\/uebernachtungen-in-caorle\/zimmer-convenience\/#primaryimage","url":"https:\/\/www.maregolf.it\/wp-content\/uploads\/2023\/05\/Hotel-Maregolf-convenience-4.webp","contentUrl":"https:\/\/www.maregolf.it\/wp-content\/uploads\/2023\/05\/Hotel-Maregolf-convenience-4.webp","width":1900,"height":1280},{"@type":"BreadcrumbList","@id":"https:\/\/www.maregolf.it\/de\/uebernachtungen-in-caorle\/zimmer-convenience\/#breadcrumb","itemListElement":[{"@type":"ListItem","position":1,"name":"Home","item":"https:\/\/www.maregolf.it\/de\/"},{"@type":"ListItem","position":2,"name":"Zimmer und Suiten","item":"https:\/\/www.maregolf.it\/de\/uebernachtungen-in-caorle\/"},{"@type":"ListItem","position":3,"name":"Zimmer Convenience"}]},{"@type":"WebSite","@id":"https:\/\/www.maregolf.it\/de\/#website","url":"https:\/\/www.maregolf.it\/de\/","name":"Hotel Maregolf","description":"Hotel fronte mare con piscina a Caorle","publisher":{"@id":"https:\/\/www.maregolf.it\/de\/#organization"},"potentialAction":[{"@type":"SearchAction","target":{"@type":"EntryPoint","urlTemplate":"https:\/\/www.maregolf.it\/de\/?s={search_term_string}"},"query-input":{"@type":"PropertyValueSpecification","valueRequired":true,"valueName":"search_term_string"}}],"inLanguage":"de"},{"@type":"Organization","@id":"https:\/\/www.maregolf.it\/de\/#organization","name":"Hotel Maregolf","url":"https:\/\/www.maregolf.it\/de\/","logo":{"@type":"ImageObject","inLanguage":"de","@id":"https:\/\/www.maregolf.it\/de\/#\/schema\/logo\/image\/","url":"https:\/\/www.maregolf.it\/wp-content\/uploads\/2023\/04\/hotel-maregolf.svg","contentUrl":"https:\/\/www.maregolf.it\/wp-content\/uploads\/2023\/04\/hotel-maregolf.svg","width":1,"height":1,"caption":"Hotel Maregolf"},"image":{"@id":"https:\/\/www.maregolf.it\/de\/#\/schema\/logo\/image\/"},"sameAs":["https:\/\/www.facebook.com\/hotelmaregolf\/"]}]}},"_links":{"self":[{"href":"https:\/\/www.maregolf.it\/de\/wp-json\/wp\/v2\/pages\/1774","targetHints":{"allow":["GET"]}}],"collection":[{"href":"https:\/\/www.maregolf.it\/de\/wp-json\/wp\/v2\/pages"}],"about":[{"href":"https:\/\/www.maregolf.it\/de\/wp-json\/wp\/v2\/types\/page"}],"author":[{"embeddable":true,"href":"https:\/\/www.maregolf.it\/de\/wp-json\/wp\/v2\/users\/1"}],"replies":[{"embeddable":true,"href":"https:\/\/www.maregolf.it\/de\/wp-json\/wp\/v2\/comments?post=1774"}],"version-history":[{"count":6,"href":"https:\/\/www.maregolf.it\/de\/wp-json\/wp\/v2\/pages\/1774\/revisions"}],"predecessor-version":[{"id":2821,"href":"https:\/\/www.maregolf.it\/de\/wp-json\/wp\/v2\/pages\/1774\/revisions\/2821"}],"up":[{"embeddable":true,"href":"https:\/\/www.maregolf.it\/de\/wp-json\/wp\/v2\/pages\/21"}],"wp:featuredmedia":[{"embeddable":true,"href":"https:\/\/www.maregolf.it\/de\/wp-json\/wp\/v2\/media\/1557"}],"wp:attachment":[{"href":"https:\/\/www.maregolf.it\/de\/wp-json\/wp\/v2\/media?parent=1774"}],"curies":[{"name":"wp","href":"https:\/\/api.w.org\/{rel}","templated":true}]}}