{"id":1348,"date":"2023-02-23T16:59:56","date_gmt":"2023-02-23T15:59:56","guid":{"rendered":"https:\/\/www.maregolf.it\/family-camping-mar-adriatico\/"},"modified":"2025-08-22T12:05:15","modified_gmt":"2025-08-22T10:05:15","slug":"entspannendes-hotel-an-der-adria","status":"publish","type":"page","link":"https:\/\/www.maregolf.it\/de\/entspannendes-hotel-an-der-adria\/","title":{"rendered":"Relax Hotel"},"content":{"rendered":"\n<p>Wir wissen, wie wichtig der Urlaub ist, in dem man mit seinen Lieben zusammen sein und sich erholen m\u00f6chte. Die Entspannung ist wichtig, um neue Energie zu tanken, zu entschleunigen und den Stress hinter sich zu lassen.<\/p>\n\n\n\n<p>Aus diesem Grund stehen Ihnen im Hotel und in ganz Lido Altanea stets die Serviceleistungen zur Verf\u00fcgung, die Ihren Urlaub in Caorle erst so richtig sch\u00f6n machen.<\/p>\n\n\n\n<p>Die gemeinsam genutzten Bereiche sind elegant und gro\u00dfz\u00fcgig, damit die G\u00e4ste ungest\u00f6rt sind, die hellen Farben stehen im Einklang mit der maritimen Atmosph\u00e4re des Ortes, und die verwendeten Materialien wie Holz und Glas verleihen dem Ambiente ein ansprechendes und nat\u00fcrliches Flair.<\/p>\n\n\n\n<p>Das Hotel Maregolf stellt auch in seinem Massagebereich ein breit gef\u00e4chertes Angebot f\u00fcr die physische Erholung bereit: In diesem paradiesischen Rahmen k\u00f6nnen Sie sich nach einem Tag in der Sonne und am Meer von den geschickten H\u00e4nden unserer Masseurin im Schein der duftenden Kerzen verw\u00f6hnen lassen, um K\u00f6rper und Geist zu regenerieren.<\/p>\n","protected":false},"excerpt":{"rendered":"<p>Wir wissen, wie wichtig der Urlaub ist, in dem man mit seinen Lieben zusammen sein und sich erholen m\u00f6chte. Die Entspannung ist wichtig, um neue Energie zu tanken, zu entschleunigen und den Stress hinter sich zu lassen. Aus diesem Grund stehen Ihnen im Hotel und in ganz Lido Altanea stets die Serviceleistungen zur Verf\u00fcgung, die [&hellip;]<\/p>\n","protected":false},"author":1,"featured_media":0,"parent":0,"menu_order":35,"comment_status":"closed","ping_status":"closed","template":"","meta":{"_acf_changed":false,"footnotes":""},"class_list":["post-1348","page","type-page","status-publish","hentry"],"acf":[],"yoast_head":"<!-- This site is optimized with the Yoast SEO plugin v26.9 - https:\/\/yoast.com\/product\/yoast-seo-wordpress\/ -->\n<title>Hotel Relax Adria - Hotel Maregolf Caorle Lido Altanea<\/title>\n<meta name=\"robots\" content=\"index, follow, max-snippet:-1, max-image-preview:large, max-video-preview:-1\" \/>\n<link rel=\"canonical\" href=\"https:\/\/www.maregolf.it\/de\/entspannendes-hotel-an-der-adria\/\" \/>\n<meta property=\"og:locale\" content=\"de_DE\" \/>\n<meta property=\"og:type\" content=\"article\" \/>\n<meta property=\"og:title\" content=\"Hotel Relax Adria - Hotel Maregolf Caorle Lido Altanea\" \/>\n<meta property=\"og:description\" content=\"Wir wissen, wie wichtig der Urlaub ist, in dem man mit seinen Lieben zusammen sein und sich erholen m\u00f6chte. Die Entspannung ist wichtig, um neue Energie zu tanken, zu entschleunigen und den Stress hinter sich zu lassen. Aus diesem Grund stehen Ihnen im Hotel und in ganz Lido Altanea stets die Serviceleistungen zur Verf\u00fcgung, die [&hellip;]\" \/>\n<meta property=\"og:url\" content=\"https:\/\/www.maregolf.it\/de\/entspannendes-hotel-an-der-adria\/\" \/>\n<meta property=\"og:site_name\" content=\"Hotel Maregolf\" \/>\n<meta property=\"article:publisher\" content=\"https:\/\/www.facebook.com\/hotelmaregolf\/\" \/>\n<meta property=\"article:modified_time\" content=\"2025-08-22T10:05:15+00:00\" \/>\n<meta name=\"twitter:label1\" content=\"Gesch\u00e4tzte Lesezeit\" \/>\n\t<meta name=\"twitter:data1\" content=\"1\u00a0Minute\" \/>\n<script type=\"application\/ld+json\" class=\"yoast-schema-graph\">{\"@context\":\"https:\/\/schema.org\",\"@graph\":[{\"@type\":\"WebPage\",\"@id\":\"https:\/\/www.maregolf.it\/de\/entspannendes-hotel-an-der-adria\/\",\"url\":\"https:\/\/www.maregolf.it\/de\/entspannendes-hotel-an-der-adria\/\",\"name\":\"Hotel Relax Adria - Hotel Maregolf Caorle Lido Altanea\",\"isPartOf\":{\"@id\":\"https:\/\/www.maregolf.it\/de\/#website\"},\"datePublished\":\"2023-02-23T15:59:56+00:00\",\"dateModified\":\"2025-08-22T10:05:15+00:00\",\"breadcrumb\":{\"@id\":\"https:\/\/www.maregolf.it\/de\/entspannendes-hotel-an-der-adria\/#breadcrumb\"},\"inLanguage\":\"de\",\"potentialAction\":[{\"@type\":\"ReadAction\",\"target\":[\"https:\/\/www.maregolf.it\/de\/entspannendes-hotel-an-der-adria\/\"]}]},{\"@type\":\"BreadcrumbList\",\"@id\":\"https:\/\/www.maregolf.it\/de\/entspannendes-hotel-an-der-adria\/#breadcrumb\",\"itemListElement\":[{\"@type\":\"ListItem\",\"position\":1,\"name\":\"Home\",\"item\":\"https:\/\/www.maregolf.it\/de\/\"},{\"@type\":\"ListItem\",\"position\":2,\"name\":\"Relax Hotel\"}]},{\"@type\":\"WebSite\",\"@id\":\"https:\/\/www.maregolf.it\/de\/#website\",\"url\":\"https:\/\/www.maregolf.it\/de\/\",\"name\":\"Hotel Maregolf\",\"description\":\"Hotel fronte mare con piscina a Caorle\",\"publisher\":{\"@id\":\"https:\/\/www.maregolf.it\/de\/#organization\"},\"potentialAction\":[{\"@type\":\"SearchAction\",\"target\":{\"@type\":\"EntryPoint\",\"urlTemplate\":\"https:\/\/www.maregolf.it\/de\/?s={search_term_string}\"},\"query-input\":{\"@type\":\"PropertyValueSpecification\",\"valueRequired\":true,\"valueName\":\"search_term_string\"}}],\"inLanguage\":\"de\"},{\"@type\":\"Organization\",\"@id\":\"https:\/\/www.maregolf.it\/de\/#organization\",\"name\":\"Hotel Maregolf\",\"url\":\"https:\/\/www.maregolf.it\/de\/\",\"logo\":{\"@type\":\"ImageObject\",\"inLanguage\":\"de\",\"@id\":\"https:\/\/www.maregolf.it\/de\/#\/schema\/logo\/image\/\",\"url\":\"https:\/\/www.maregolf.it\/wp-content\/uploads\/2023\/04\/hotel-maregolf.svg\",\"contentUrl\":\"https:\/\/www.maregolf.it\/wp-content\/uploads\/2023\/04\/hotel-maregolf.svg\",\"width\":1,\"height\":1,\"caption\":\"Hotel Maregolf\"},\"image\":{\"@id\":\"https:\/\/www.maregolf.it\/de\/#\/schema\/logo\/image\/\"},\"sameAs\":[\"https:\/\/www.facebook.com\/hotelmaregolf\/\"]}]}<\/script>\n<!-- \/ Yoast SEO plugin. -->","yoast_head_json":{"title":"Hotel Relax Adria - Hotel Maregolf Caorle Lido Altanea","robots":{"index":"index","follow":"follow","max-snippet":"max-snippet:-1","max-image-preview":"max-image-preview:large","max-video-preview":"max-video-preview:-1"},"canonical":"https:\/\/www.maregolf.it\/de\/entspannendes-hotel-an-der-adria\/","og_locale":"de_DE","og_type":"article","og_title":"Hotel Relax Adria - Hotel Maregolf Caorle Lido Altanea","og_description":"Wir wissen, wie wichtig der Urlaub ist, in dem man mit seinen Lieben zusammen sein und sich erholen m\u00f6chte. Die Entspannung ist wichtig, um neue Energie zu tanken, zu entschleunigen und den Stress hinter sich zu lassen. Aus diesem Grund stehen Ihnen im Hotel und in ganz Lido Altanea stets die Serviceleistungen zur Verf\u00fcgung, die [&hellip;]","og_url":"https:\/\/www.maregolf.it\/de\/entspannendes-hotel-an-der-adria\/","og_site_name":"Hotel Maregolf","article_publisher":"https:\/\/www.facebook.com\/hotelmaregolf\/","article_modified_time":"2025-08-22T10:05:15+00:00","twitter_misc":{"Gesch\u00e4tzte Lesezeit":"1\u00a0Minute"},"schema":{"@context":"https:\/\/schema.org","@graph":[{"@type":"WebPage","@id":"https:\/\/www.maregolf.it\/de\/entspannendes-hotel-an-der-adria\/","url":"https:\/\/www.maregolf.it\/de\/entspannendes-hotel-an-der-adria\/","name":"Hotel Relax Adria - Hotel Maregolf Caorle Lido Altanea","isPartOf":{"@id":"https:\/\/www.maregolf.it\/de\/#website"},"datePublished":"2023-02-23T15:59:56+00:00","dateModified":"2025-08-22T10:05:15+00:00","breadcrumb":{"@id":"https:\/\/www.maregolf.it\/de\/entspannendes-hotel-an-der-adria\/#breadcrumb"},"inLanguage":"de","potentialAction":[{"@type":"ReadAction","target":["https:\/\/www.maregolf.it\/de\/entspannendes-hotel-an-der-adria\/"]}]},{"@type":"BreadcrumbList","@id":"https:\/\/www.maregolf.it\/de\/entspannendes-hotel-an-der-adria\/#breadcrumb","itemListElement":[{"@type":"ListItem","position":1,"name":"Home","item":"https:\/\/www.maregolf.it\/de\/"},{"@type":"ListItem","position":2,"name":"Relax Hotel"}]},{"@type":"WebSite","@id":"https:\/\/www.maregolf.it\/de\/#website","url":"https:\/\/www.maregolf.it\/de\/","name":"Hotel Maregolf","description":"Hotel fronte mare con piscina a Caorle","publisher":{"@id":"https:\/\/www.maregolf.it\/de\/#organization"},"potentialAction":[{"@type":"SearchAction","target":{"@type":"EntryPoint","urlTemplate":"https:\/\/www.maregolf.it\/de\/?s={search_term_string}"},"query-input":{"@type":"PropertyValueSpecification","valueRequired":true,"valueName":"search_term_string"}}],"inLanguage":"de"},{"@type":"Organization","@id":"https:\/\/www.maregolf.it\/de\/#organization","name":"Hotel Maregolf","url":"https:\/\/www.maregolf.it\/de\/","logo":{"@type":"ImageObject","inLanguage":"de","@id":"https:\/\/www.maregolf.it\/de\/#\/schema\/logo\/image\/","url":"https:\/\/www.maregolf.it\/wp-content\/uploads\/2023\/04\/hotel-maregolf.svg","contentUrl":"https:\/\/www.maregolf.it\/wp-content\/uploads\/2023\/04\/hotel-maregolf.svg","width":1,"height":1,"caption":"Hotel Maregolf"},"image":{"@id":"https:\/\/www.maregolf.it\/de\/#\/schema\/logo\/image\/"},"sameAs":["https:\/\/www.facebook.com\/hotelmaregolf\/"]}]}},"_links":{"self":[{"href":"https:\/\/www.maregolf.it\/de\/wp-json\/wp\/v2\/pages\/1348","targetHints":{"allow":["GET"]}}],"collection":[{"href":"https:\/\/www.maregolf.it\/de\/wp-json\/wp\/v2\/pages"}],"about":[{"href":"https:\/\/www.maregolf.it\/de\/wp-json\/wp\/v2\/types\/page"}],"author":[{"embeddable":true,"href":"https:\/\/www.maregolf.it\/de\/wp-json\/wp\/v2\/users\/1"}],"replies":[{"embeddable":true,"href":"https:\/\/www.maregolf.it\/de\/wp-json\/wp\/v2\/comments?post=1348"}],"version-history":[{"count":8,"href":"https:\/\/www.maregolf.it\/de\/wp-json\/wp\/v2\/pages\/1348\/revisions"}],"predecessor-version":[{"id":2910,"href":"https:\/\/www.maregolf.it\/de\/wp-json\/wp\/v2\/pages\/1348\/revisions\/2910"}],"wp:attachment":[{"href":"https:\/\/www.maregolf.it\/de\/wp-json\/wp\/v2\/media?parent=1348"}],"curies":[{"name":"wp","href":"https:\/\/api.w.org\/{rel}","templated":true}]}}