{"id":1329,"date":"2023-02-23T17:09:33","date_gmt":"2023-02-23T16:09:33","guid":{"rendered":"https:\/\/www.maregolf.it\/domande-frequenti\/"},"modified":"2026-03-19T15:31:05","modified_gmt":"2026-03-19T14:31:05","slug":"faq","status":"publish","type":"page","link":"https:\/\/www.maregolf.it\/de\/faq\/","title":{"rendered":"Faq"},"content":{"rendered":"\n<p><strong>Lesen Sie sorgf\u00e4ltig unsere allgemeine-FAQ.<\/strong><\/p>\n\n\n\n<p>Um Ihnen zu helfen, haben wir uns \u00fcberlegt, einige Antworten zu geben auf die m\u00f6glichen Fragen die Sie sich stellen. Wir hoffen Sie dabei zu unterst\u00fctzen, ob Sie bereits gebucht haben oder es bald tun m\u00f6chten.<\/p>\n","protected":false},"excerpt":{"rendered":"<p>Lesen Sie sorgf\u00e4ltig unsere allgemeine-FAQ. Um Ihnen zu helfen, haben wir uns \u00fcberlegt, einige Antworten zu geben auf die m\u00f6glichen Fragen die Sie sich stellen. Wir hoffen Sie dabei zu unterst\u00fctzen, ob Sie bereits gebucht haben oder es bald tun m\u00f6chten.<\/p>\n","protected":false},"author":1,"featured_media":0,"parent":0,"menu_order":12,"comment_status":"closed","ping_status":"closed","template":"template-faq.php","meta":{"_acf_changed":false,"footnotes":""},"class_list":["post-1329","page","type-page","status-publish","hentry"],"acf":[],"yoast_head":"<!-- This site is optimized with the Yoast SEO plugin v26.9 - https:\/\/yoast.com\/product\/yoast-seo-wordpress\/ -->\n<title>Antworten auf h\u00e4ufig gestellte Fragen | Hotel Maregolf<\/title>\n<meta name=\"description\" content=\"Besuchen Sie den FAQ-Bereich des Hotel Margolf f\u00fcr weitere Informationen zu den h\u00e4ufigsten Fragen, oder kontaktieren Sie uns!\" \/>\n<meta name=\"robots\" content=\"index, follow, max-snippet:-1, max-image-preview:large, max-video-preview:-1\" \/>\n<link rel=\"canonical\" href=\"https:\/\/www.maregolf.it\/de\/faq\/\" \/>\n<meta property=\"og:locale\" content=\"de_DE\" \/>\n<meta property=\"og:type\" content=\"article\" \/>\n<meta property=\"og:title\" content=\"Antworten auf h\u00e4ufig gestellte Fragen | Hotel Maregolf\" \/>\n<meta property=\"og:description\" content=\"Besuchen Sie den FAQ-Bereich des Hotel Margolf f\u00fcr weitere Informationen zu den h\u00e4ufigsten Fragen, oder kontaktieren Sie uns!\" \/>\n<meta property=\"og:url\" content=\"https:\/\/www.maregolf.it\/de\/faq\/\" \/>\n<meta property=\"og:site_name\" content=\"Hotel Maregolf\" \/>\n<meta property=\"article:publisher\" content=\"https:\/\/www.facebook.com\/hotelmaregolf\/\" \/>\n<meta property=\"article:modified_time\" content=\"2026-03-19T14:31:05+00:00\" \/>\n<meta name=\"twitter:label1\" content=\"Gesch\u00e4tzte Lesezeit\" \/>\n\t<meta name=\"twitter:data1\" content=\"1\u00a0Minute\" \/>\n<script type=\"application\/ld+json\" class=\"yoast-schema-graph\">{\"@context\":\"https:\/\/schema.org\",\"@graph\":[{\"@type\":\"WebPage\",\"@id\":\"https:\/\/www.maregolf.it\/de\/faq\/\",\"url\":\"https:\/\/www.maregolf.it\/de\/faq\/\",\"name\":\"Antworten auf h\u00e4ufig gestellte Fragen | Hotel Maregolf\",\"isPartOf\":{\"@id\":\"https:\/\/www.maregolf.it\/de\/#website\"},\"datePublished\":\"2023-02-23T16:09:33+00:00\",\"dateModified\":\"2026-03-19T14:31:05+00:00\",\"description\":\"Besuchen Sie den FAQ-Bereich des Hotel Margolf f\u00fcr weitere Informationen zu den h\u00e4ufigsten Fragen, oder kontaktieren Sie uns!\",\"breadcrumb\":{\"@id\":\"https:\/\/www.maregolf.it\/de\/faq\/#breadcrumb\"},\"inLanguage\":\"de\",\"potentialAction\":[{\"@type\":\"ReadAction\",\"target\":[\"https:\/\/www.maregolf.it\/de\/faq\/\"]}]},{\"@type\":\"BreadcrumbList\",\"@id\":\"https:\/\/www.maregolf.it\/de\/faq\/#breadcrumb\",\"itemListElement\":[{\"@type\":\"ListItem\",\"position\":1,\"name\":\"Home\",\"item\":\"https:\/\/www.maregolf.it\/de\/\"},{\"@type\":\"ListItem\",\"position\":2,\"name\":\"Faq\"}]},{\"@type\":\"WebSite\",\"@id\":\"https:\/\/www.maregolf.it\/de\/#website\",\"url\":\"https:\/\/www.maregolf.it\/de\/\",\"name\":\"Hotel Maregolf\",\"description\":\"Hotel fronte mare con piscina a Caorle\",\"publisher\":{\"@id\":\"https:\/\/www.maregolf.it\/de\/#organization\"},\"potentialAction\":[{\"@type\":\"SearchAction\",\"target\":{\"@type\":\"EntryPoint\",\"urlTemplate\":\"https:\/\/www.maregolf.it\/de\/?s={search_term_string}\"},\"query-input\":{\"@type\":\"PropertyValueSpecification\",\"valueRequired\":true,\"valueName\":\"search_term_string\"}}],\"inLanguage\":\"de\"},{\"@type\":\"Organization\",\"@id\":\"https:\/\/www.maregolf.it\/de\/#organization\",\"name\":\"Hotel Maregolf\",\"url\":\"https:\/\/www.maregolf.it\/de\/\",\"logo\":{\"@type\":\"ImageObject\",\"inLanguage\":\"de\",\"@id\":\"https:\/\/www.maregolf.it\/de\/#\/schema\/logo\/image\/\",\"url\":\"https:\/\/www.maregolf.it\/wp-content\/uploads\/2023\/04\/hotel-maregolf.svg\",\"contentUrl\":\"https:\/\/www.maregolf.it\/wp-content\/uploads\/2023\/04\/hotel-maregolf.svg\",\"width\":1,\"height\":1,\"caption\":\"Hotel Maregolf\"},\"image\":{\"@id\":\"https:\/\/www.maregolf.it\/de\/#\/schema\/logo\/image\/\"},\"sameAs\":[\"https:\/\/www.facebook.com\/hotelmaregolf\/\"]}]}<\/script>\n<!-- \/ Yoast SEO plugin. -->","yoast_head_json":{"title":"Antworten auf h\u00e4ufig gestellte Fragen | Hotel Maregolf","description":"Besuchen Sie den FAQ-Bereich des Hotel Margolf f\u00fcr weitere Informationen zu den h\u00e4ufigsten Fragen, oder kontaktieren Sie uns!","robots":{"index":"index","follow":"follow","max-snippet":"max-snippet:-1","max-image-preview":"max-image-preview:large","max-video-preview":"max-video-preview:-1"},"canonical":"https:\/\/www.maregolf.it\/de\/faq\/","og_locale":"de_DE","og_type":"article","og_title":"Antworten auf h\u00e4ufig gestellte Fragen | Hotel Maregolf","og_description":"Besuchen Sie den FAQ-Bereich des Hotel Margolf f\u00fcr weitere Informationen zu den h\u00e4ufigsten Fragen, oder kontaktieren Sie uns!","og_url":"https:\/\/www.maregolf.it\/de\/faq\/","og_site_name":"Hotel Maregolf","article_publisher":"https:\/\/www.facebook.com\/hotelmaregolf\/","article_modified_time":"2026-03-19T14:31:05+00:00","twitter_misc":{"Gesch\u00e4tzte Lesezeit":"1\u00a0Minute"},"schema":{"@context":"https:\/\/schema.org","@graph":[{"@type":"WebPage","@id":"https:\/\/www.maregolf.it\/de\/faq\/","url":"https:\/\/www.maregolf.it\/de\/faq\/","name":"Antworten auf h\u00e4ufig gestellte Fragen | Hotel Maregolf","isPartOf":{"@id":"https:\/\/www.maregolf.it\/de\/#website"},"datePublished":"2023-02-23T16:09:33+00:00","dateModified":"2026-03-19T14:31:05+00:00","description":"Besuchen Sie den FAQ-Bereich des Hotel Margolf f\u00fcr weitere Informationen zu den h\u00e4ufigsten Fragen, oder kontaktieren Sie uns!","breadcrumb":{"@id":"https:\/\/www.maregolf.it\/de\/faq\/#breadcrumb"},"inLanguage":"de","potentialAction":[{"@type":"ReadAction","target":["https:\/\/www.maregolf.it\/de\/faq\/"]}]},{"@type":"BreadcrumbList","@id":"https:\/\/www.maregolf.it\/de\/faq\/#breadcrumb","itemListElement":[{"@type":"ListItem","position":1,"name":"Home","item":"https:\/\/www.maregolf.it\/de\/"},{"@type":"ListItem","position":2,"name":"Faq"}]},{"@type":"WebSite","@id":"https:\/\/www.maregolf.it\/de\/#website","url":"https:\/\/www.maregolf.it\/de\/","name":"Hotel Maregolf","description":"Hotel fronte mare con piscina a Caorle","publisher":{"@id":"https:\/\/www.maregolf.it\/de\/#organization"},"potentialAction":[{"@type":"SearchAction","target":{"@type":"EntryPoint","urlTemplate":"https:\/\/www.maregolf.it\/de\/?s={search_term_string}"},"query-input":{"@type":"PropertyValueSpecification","valueRequired":true,"valueName":"search_term_string"}}],"inLanguage":"de"},{"@type":"Organization","@id":"https:\/\/www.maregolf.it\/de\/#organization","name":"Hotel Maregolf","url":"https:\/\/www.maregolf.it\/de\/","logo":{"@type":"ImageObject","inLanguage":"de","@id":"https:\/\/www.maregolf.it\/de\/#\/schema\/logo\/image\/","url":"https:\/\/www.maregolf.it\/wp-content\/uploads\/2023\/04\/hotel-maregolf.svg","contentUrl":"https:\/\/www.maregolf.it\/wp-content\/uploads\/2023\/04\/hotel-maregolf.svg","width":1,"height":1,"caption":"Hotel Maregolf"},"image":{"@id":"https:\/\/www.maregolf.it\/de\/#\/schema\/logo\/image\/"},"sameAs":["https:\/\/www.facebook.com\/hotelmaregolf\/"]}]}},"_links":{"self":[{"href":"https:\/\/www.maregolf.it\/de\/wp-json\/wp\/v2\/pages\/1329","targetHints":{"allow":["GET"]}}],"collection":[{"href":"https:\/\/www.maregolf.it\/de\/wp-json\/wp\/v2\/pages"}],"about":[{"href":"https:\/\/www.maregolf.it\/de\/wp-json\/wp\/v2\/types\/page"}],"author":[{"embeddable":true,"href":"https:\/\/www.maregolf.it\/de\/wp-json\/wp\/v2\/users\/1"}],"replies":[{"embeddable":true,"href":"https:\/\/www.maregolf.it\/de\/wp-json\/wp\/v2\/comments?post=1329"}],"version-history":[{"count":14,"href":"https:\/\/www.maregolf.it\/de\/wp-json\/wp\/v2\/pages\/1329\/revisions"}],"predecessor-version":[{"id":4010,"href":"https:\/\/www.maregolf.it\/de\/wp-json\/wp\/v2\/pages\/1329\/revisions\/4010"}],"wp:attachment":[{"href":"https:\/\/www.maregolf.it\/de\/wp-json\/wp\/v2\/media?parent=1329"}],"curies":[{"name":"wp","href":"https:\/\/api.w.org\/{rel}","templated":true}]}}