{"id":1050,"date":"2023-05-08T23:09:13","date_gmt":"2023-05-08T21:09:13","guid":{"rendered":"https:\/\/www.maregolf.it\/sala-massaggi\/"},"modified":"2026-02-23T17:49:00","modified_gmt":"2026-02-23T16:49:00","slug":"massagen","status":"publish","type":"page","link":"https:\/\/www.maregolf.it\/de\/massagen\/","title":{"rendered":"Holistische Massagen"},"content":{"rendered":"\n<p>Die Massage ist eine Zeit, die wir uns f\u00fcr die Betreuungunseren K\u00f6rper undunseren Geist vorbehalten werden soll.<\/p>\n\n\n\n<p>Die holistische Massage ist eine Kombination ausleistungsf\u00e4higen K\u00f6rperarbeit Techniken. Die leichtefachkundige H\u00e4nden zusammen mit der Verwendung von\u00e4therischen \u00d6lenwird dazu beitragen, Spannungen durch k\u00f6rperliche, geistigeund emotionale Blockadenfreizugeben, die die Grundlage f\u00fcr die Selbstheilung und f\u00fcr eine gute Gesundheit ist. <\/p>\n\n\n\n<p>Die holistische Massage regt Blut-und Lymphzirkulation, wirkt au\u00dferdem auf die Muskel-und Gelenk Verspannung typisch der Wirbels\u00e4ule und Gelenke.<\/p>\n\n\n\n<p>Lassen Sie sich in unserem Massageraum mit einer unserer ganzheitlichen Massagen oder Gesichts- und K\u00f6rperbehandlungen verw\u00f6hnen. Alle Anwendungen k\u00f6nnen an der Hotelrezeption gebucht werden.<\/p>\n","protected":false},"excerpt":{"rendered":"<p>Die Massage ist eine Zeit, die wir uns f\u00fcr die Betreuungunseren K\u00f6rper undunseren Geist vorbehalten werden soll. Die holistische Massage ist eine Kombination ausleistungsf\u00e4higen K\u00f6rperarbeit Techniken. Die leichtefachkundige H\u00e4nden zusammen mit der Verwendung von\u00e4therischen \u00d6lenwird dazu beitragen, Spannungen durch k\u00f6rperliche, geistigeund emotionale Blockadenfreizugeben, die die Grundlage f\u00fcr die Selbstheilung und f\u00fcr eine gute Gesundheit ist. [&hellip;]<\/p>\n","protected":false},"author":1,"featured_media":0,"parent":0,"menu_order":0,"comment_status":"closed","ping_status":"closed","template":"","meta":{"_acf_changed":false,"footnotes":""},"class_list":["post-1050","page","type-page","status-publish","hentry"],"acf":[],"yoast_head":"<!-- This site is optimized with the Yoast SEO plugin v26.9 - https:\/\/yoast.com\/product\/yoast-seo-wordpress\/ -->\n<title>Massagen - Hotel Maregolf<\/title>\n<meta name=\"robots\" content=\"index, follow, max-snippet:-1, max-image-preview:large, max-video-preview:-1\" \/>\n<link rel=\"canonical\" href=\"https:\/\/www.maregolf.it\/de\/massagen\/\" \/>\n<meta property=\"og:locale\" content=\"de_DE\" \/>\n<meta property=\"og:type\" content=\"article\" \/>\n<meta property=\"og:title\" content=\"Massagen - Hotel Maregolf\" \/>\n<meta property=\"og:description\" content=\"Die Massage ist eine Zeit, die wir uns f\u00fcr die Betreuungunseren K\u00f6rper undunseren Geist vorbehalten werden soll. Die holistische Massage ist eine Kombination ausleistungsf\u00e4higen K\u00f6rperarbeit Techniken. Die leichtefachkundige H\u00e4nden zusammen mit der Verwendung von\u00e4therischen \u00d6lenwird dazu beitragen, Spannungen durch k\u00f6rperliche, geistigeund emotionale Blockadenfreizugeben, die die Grundlage f\u00fcr die Selbstheilung und f\u00fcr eine gute Gesundheit ist. [&hellip;]\" \/>\n<meta property=\"og:url\" content=\"https:\/\/www.maregolf.it\/de\/massagen\/\" \/>\n<meta property=\"og:site_name\" content=\"Hotel Maregolf\" \/>\n<meta property=\"article:publisher\" content=\"https:\/\/www.facebook.com\/hotelmaregolf\/\" \/>\n<meta property=\"article:modified_time\" content=\"2026-02-23T16:49:00+00:00\" \/>\n<meta name=\"twitter:label1\" content=\"Gesch\u00e4tzte Lesezeit\" \/>\n\t<meta name=\"twitter:data1\" content=\"1\u00a0Minute\" \/>\n<script type=\"application\/ld+json\" class=\"yoast-schema-graph\">{\"@context\":\"https:\/\/schema.org\",\"@graph\":[{\"@type\":\"WebPage\",\"@id\":\"https:\/\/www.maregolf.it\/de\/massagen\/\",\"url\":\"https:\/\/www.maregolf.it\/de\/massagen\/\",\"name\":\"Massagen - Hotel Maregolf\",\"isPartOf\":{\"@id\":\"https:\/\/www.maregolf.it\/de\/#website\"},\"datePublished\":\"2023-05-08T21:09:13+00:00\",\"dateModified\":\"2026-02-23T16:49:00+00:00\",\"breadcrumb\":{\"@id\":\"https:\/\/www.maregolf.it\/de\/massagen\/#breadcrumb\"},\"inLanguage\":\"de\",\"potentialAction\":[{\"@type\":\"ReadAction\",\"target\":[\"https:\/\/www.maregolf.it\/de\/massagen\/\"]}]},{\"@type\":\"BreadcrumbList\",\"@id\":\"https:\/\/www.maregolf.it\/de\/massagen\/#breadcrumb\",\"itemListElement\":[{\"@type\":\"ListItem\",\"position\":1,\"name\":\"Home\",\"item\":\"https:\/\/www.maregolf.it\/de\/\"},{\"@type\":\"ListItem\",\"position\":2,\"name\":\"Holistische Massagen\"}]},{\"@type\":\"WebSite\",\"@id\":\"https:\/\/www.maregolf.it\/de\/#website\",\"url\":\"https:\/\/www.maregolf.it\/de\/\",\"name\":\"Hotel Maregolf\",\"description\":\"Hotel fronte mare con piscina a Caorle\",\"publisher\":{\"@id\":\"https:\/\/www.maregolf.it\/de\/#organization\"},\"potentialAction\":[{\"@type\":\"SearchAction\",\"target\":{\"@type\":\"EntryPoint\",\"urlTemplate\":\"https:\/\/www.maregolf.it\/de\/?s={search_term_string}\"},\"query-input\":{\"@type\":\"PropertyValueSpecification\",\"valueRequired\":true,\"valueName\":\"search_term_string\"}}],\"inLanguage\":\"de\"},{\"@type\":\"Organization\",\"@id\":\"https:\/\/www.maregolf.it\/de\/#organization\",\"name\":\"Hotel Maregolf\",\"url\":\"https:\/\/www.maregolf.it\/de\/\",\"logo\":{\"@type\":\"ImageObject\",\"inLanguage\":\"de\",\"@id\":\"https:\/\/www.maregolf.it\/de\/#\/schema\/logo\/image\/\",\"url\":\"https:\/\/www.maregolf.it\/wp-content\/uploads\/2023\/04\/hotel-maregolf.svg\",\"contentUrl\":\"https:\/\/www.maregolf.it\/wp-content\/uploads\/2023\/04\/hotel-maregolf.svg\",\"width\":1,\"height\":1,\"caption\":\"Hotel Maregolf\"},\"image\":{\"@id\":\"https:\/\/www.maregolf.it\/de\/#\/schema\/logo\/image\/\"},\"sameAs\":[\"https:\/\/www.facebook.com\/hotelmaregolf\/\"]}]}<\/script>\n<!-- \/ Yoast SEO plugin. -->","yoast_head_json":{"title":"Massagen - Hotel Maregolf","robots":{"index":"index","follow":"follow","max-snippet":"max-snippet:-1","max-image-preview":"max-image-preview:large","max-video-preview":"max-video-preview:-1"},"canonical":"https:\/\/www.maregolf.it\/de\/massagen\/","og_locale":"de_DE","og_type":"article","og_title":"Massagen - Hotel Maregolf","og_description":"Die Massage ist eine Zeit, die wir uns f\u00fcr die Betreuungunseren K\u00f6rper undunseren Geist vorbehalten werden soll. Die holistische Massage ist eine Kombination ausleistungsf\u00e4higen K\u00f6rperarbeit Techniken. Die leichtefachkundige H\u00e4nden zusammen mit der Verwendung von\u00e4therischen \u00d6lenwird dazu beitragen, Spannungen durch k\u00f6rperliche, geistigeund emotionale Blockadenfreizugeben, die die Grundlage f\u00fcr die Selbstheilung und f\u00fcr eine gute Gesundheit ist. [&hellip;]","og_url":"https:\/\/www.maregolf.it\/de\/massagen\/","og_site_name":"Hotel Maregolf","article_publisher":"https:\/\/www.facebook.com\/hotelmaregolf\/","article_modified_time":"2026-02-23T16:49:00+00:00","twitter_misc":{"Gesch\u00e4tzte Lesezeit":"1\u00a0Minute"},"schema":{"@context":"https:\/\/schema.org","@graph":[{"@type":"WebPage","@id":"https:\/\/www.maregolf.it\/de\/massagen\/","url":"https:\/\/www.maregolf.it\/de\/massagen\/","name":"Massagen - Hotel Maregolf","isPartOf":{"@id":"https:\/\/www.maregolf.it\/de\/#website"},"datePublished":"2023-05-08T21:09:13+00:00","dateModified":"2026-02-23T16:49:00+00:00","breadcrumb":{"@id":"https:\/\/www.maregolf.it\/de\/massagen\/#breadcrumb"},"inLanguage":"de","potentialAction":[{"@type":"ReadAction","target":["https:\/\/www.maregolf.it\/de\/massagen\/"]}]},{"@type":"BreadcrumbList","@id":"https:\/\/www.maregolf.it\/de\/massagen\/#breadcrumb","itemListElement":[{"@type":"ListItem","position":1,"name":"Home","item":"https:\/\/www.maregolf.it\/de\/"},{"@type":"ListItem","position":2,"name":"Holistische Massagen"}]},{"@type":"WebSite","@id":"https:\/\/www.maregolf.it\/de\/#website","url":"https:\/\/www.maregolf.it\/de\/","name":"Hotel Maregolf","description":"Hotel fronte mare con piscina a Caorle","publisher":{"@id":"https:\/\/www.maregolf.it\/de\/#organization"},"potentialAction":[{"@type":"SearchAction","target":{"@type":"EntryPoint","urlTemplate":"https:\/\/www.maregolf.it\/de\/?s={search_term_string}"},"query-input":{"@type":"PropertyValueSpecification","valueRequired":true,"valueName":"search_term_string"}}],"inLanguage":"de"},{"@type":"Organization","@id":"https:\/\/www.maregolf.it\/de\/#organization","name":"Hotel Maregolf","url":"https:\/\/www.maregolf.it\/de\/","logo":{"@type":"ImageObject","inLanguage":"de","@id":"https:\/\/www.maregolf.it\/de\/#\/schema\/logo\/image\/","url":"https:\/\/www.maregolf.it\/wp-content\/uploads\/2023\/04\/hotel-maregolf.svg","contentUrl":"https:\/\/www.maregolf.it\/wp-content\/uploads\/2023\/04\/hotel-maregolf.svg","width":1,"height":1,"caption":"Hotel Maregolf"},"image":{"@id":"https:\/\/www.maregolf.it\/de\/#\/schema\/logo\/image\/"},"sameAs":["https:\/\/www.facebook.com\/hotelmaregolf\/"]}]}},"_links":{"self":[{"href":"https:\/\/www.maregolf.it\/de\/wp-json\/wp\/v2\/pages\/1050","targetHints":{"allow":["GET"]}}],"collection":[{"href":"https:\/\/www.maregolf.it\/de\/wp-json\/wp\/v2\/pages"}],"about":[{"href":"https:\/\/www.maregolf.it\/de\/wp-json\/wp\/v2\/types\/page"}],"author":[{"embeddable":true,"href":"https:\/\/www.maregolf.it\/de\/wp-json\/wp\/v2\/users\/1"}],"replies":[{"embeddable":true,"href":"https:\/\/www.maregolf.it\/de\/wp-json\/wp\/v2\/comments?post=1050"}],"version-history":[{"count":15,"href":"https:\/\/www.maregolf.it\/de\/wp-json\/wp\/v2\/pages\/1050\/revisions"}],"predecessor-version":[{"id":3940,"href":"https:\/\/www.maregolf.it\/de\/wp-json\/wp\/v2\/pages\/1050\/revisions\/3940"}],"wp:attachment":[{"href":"https:\/\/www.maregolf.it\/de\/wp-json\/wp\/v2\/media?parent=1050"}],"curies":[{"name":"wp","href":"https:\/\/api.w.org\/{rel}","templated":true}]}}